{"id":9137,"date":"2025-07-09T16:07:01","date_gmt":"2025-07-09T10:37:01","guid":{"rendered":"https:\/\/4b2c8fe15a.nxcli.io\/ca-fr\/?page_id=9137"},"modified":"2026-01-15T14:25:05","modified_gmt":"2026-01-15T08:55:05","slug":"oracle-red-bull-racing","status":"publish","type":"page","link":"https:\/\/armorall.com\/ca-fr\/a-propos-de-nous\/partenariats\/oracle-red-bull-racing\/","title":{"rendered":"Oracle Red Bull Racing"},"content":{"rendered":"\t\t<div data-elementor-type=\"wp-page\" data-elementor-id=\"9137\" class=\"elementor elementor-9137\" data-elementor-post-type=\"page\">\n\t\t\t\t<div class=\"elementor-element elementor-element-4d361d3 arm-header e-flex e-con-boxed e-con e-parent\" data-id=\"4d361d3\" data-element_type=\"container\" data-e-type=\"container\" data-settings=\"{&quot;background_background&quot;:&quot;classic&quot;,&quot;shape_divider_bottom&quot;:&quot;tilt&quot;}\">\n\t\t\t\t\t<div class=\"e-con-inner\">\n\t\t\t\t<div class=\"elementor-shape elementor-shape-bottom\" aria-hidden=\"true\" data-negative=\"false\">\n\t\t\t<svg xmlns=\"http:\/\/www.w3.org\/2000\/svg\" viewBox=\"0 0 1000 100\" preserveAspectRatio=\"none\">\n\t<path class=\"elementor-shape-fill\" d=\"M0,6V0h1000v100L0,6z\"\/>\n<\/svg>\t\t<\/div>\n\t\t<div class=\"elementor-element elementor-element-04013b5 e-flex e-con-boxed e-con e-child\" data-id=\"04013b5\" data-element_type=\"container\" data-e-type=\"container\">\n\t\t\t\t\t<div class=\"e-con-inner\">\n\t\t\t\t<div class=\"elementor-element elementor-element-13af1ab elementor-widget elementor-widget-breadcrumbs\" data-id=\"13af1ab\" data-element_type=\"widget\" data-e-type=\"widget\" data-widget_type=\"breadcrumbs.default\">\n\t\t\t\t<div class=\"elementor-widget-container\">\n\t\t\t\t\t<p id=\"breadcrumbs\"><span><span><a href=\"https:\/\/armorall.com\/ca-fr\/\">Home<\/a><\/span><\/span><\/p>\t\t\t\t<\/div>\n\t\t\t\t<\/div>\n\t\t\t\t<div class=\"elementor-element elementor-element-8d0b156 elementor-widget elementor-widget-text-editor\" data-id=\"8d0b156\" data-element_type=\"widget\" data-e-type=\"widget\" data-widget_type=\"text-editor.default\">\n\t\t\t\t<div class=\"elementor-widget-container\">\n\t\t\t\t\t\t\t\t\t<div class=\"col\"><div class=\"col\"><p>Nous sommes ravis de nous associer \u00e0 Oracle Red Bull Racing, l\u2019\u00e9quipe quadruple championne du monde de Formule\u00a01, en qualit\u00e9 de partenaire officiel de nettoyage et soins automobile de l\u2019\u00e9quipe. En nous appuyant sur la tradition d\u2019innovation d\u2019Armor All<sup>\u00ae<\/sup>, nous collaborerons avec Oracle Red Bull Racing pour explorer les possibilit\u00e9s dans le domaine du d\u00e9veloppement de nouveaux produits.<\/p><\/div><div class=\"col\"><picture><source srcset=\"https:\/\/armorallimagecdn.imgix.net\/wp-content\/uploads\/sites\/6\/2023\/09\/FY23_AA_ORBR_teampartnerlockup_landscape_bluebackground.jpg?auto=format%2Ccompress\" media=\"(min-width: 800px)\" \/><\/picture><\/div><\/div><div class=\"col\"><picture><source srcset=\"https:\/\/armorallimagecdn.imgix.net\/wp-content\/uploads\/2022\/02\/AA_JensonButton_Q4-FY21_LandscapeKeyVisual_US-scaled.jpg?auto=format%2Ccompress\" media=\"(min-width: 800px)\" \/><\/picture><\/div>\t\t\t\t\t\t\t\t<\/div>\n\t\t\t\t<\/div>\n\t\t\t\t\t<\/div>\n\t\t\t\t<\/div>\n\t\t<div class=\"elementor-element elementor-element-560f990 e-con-full e-flex e-con e-child\" data-id=\"560f990\" data-element_type=\"container\" data-e-type=\"container\">\n\t\t\t\t<div class=\"elementor-element elementor-element-0872dcc elementor-widget elementor-widget-image\" data-id=\"0872dcc\" data-element_type=\"widget\" data-e-type=\"widget\" data-widget_type=\"image.default\">\n\t\t\t\t<div class=\"elementor-widget-container\">\n\t\t\t\t\t\t\t\t\t\t\t\t\t\t\t<img fetchpriority=\"high\" decoding=\"async\" width=\"1024\" height=\"1024\" src=\"https:\/\/armorallcdnimage.imgix.net\/ca-fr\/wp-content\/uploads\/sites\/12\/2025\/08\/FY23_AA_ORBR_teampartnerlockup_landscape_bluebackground.jpg?auto=format%2Ccompress&amp;w=1024&amp;h=1024\" class=\"attachment-large size-large wp-image-11405\" alt=\"\" \/>\t\t\t\t\t\t\t\t\t\t\t\t\t\t\t<\/div>\n\t\t\t\t<\/div>\n\t\t\t\t<\/div>\n\t\t\t\t\t<\/div>\n\t\t\t\t<\/div>\n\t\t<div class=\"elementor-element elementor-element-0fa7387 e-flex e-con-boxed e-con e-child\" data-id=\"0fa7387\" data-element_type=\"container\" data-e-type=\"container\">\n\t\t\t\t\t<div class=\"e-con-inner\">\n\t\t\t\t<div class=\"elementor-element elementor-element-e5b85d8 elementor-widget elementor-widget-heading\" data-id=\"e5b85d8\" data-element_type=\"widget\" data-e-type=\"widget\" data-widget_type=\"heading.default\">\n\t\t\t\t<div class=\"elementor-widget-container\">\n\t\t\t\t\t<h3 class=\"elementor-heading-title elementor-size-default\">ARMOR ALL\u00ae X ORACLE RED BULL RACING\n<\/h3>\t\t\t\t<\/div>\n\t\t\t\t<\/div>\n\t\t\t\t<div class=\"elementor-element elementor-element-4b63ad4 elementor-widget elementor-widget-heading\" data-id=\"4b63ad4\" data-element_type=\"widget\" data-e-type=\"widget\" data-widget_type=\"heading.default\">\n\t\t\t\t<div class=\"elementor-widget-container\">\n\t\t\t\t\t<h1 class=\"elementor-heading-title elementor-size-default\">Lorsque vous avez besoin d'un nettoyage facile et gagnant, choisissez Armor All. Le partenaire de nettoyage auto d\u2019Oracle Red Bull Racing.\n<\/h1>\t\t\t\t<\/div>\n\t\t\t\t<\/div>\n\t\t\t\t<div class=\"elementor-element elementor-element-6cbf547 elementor-widget elementor-widget-video\" data-id=\"6cbf547\" data-element_type=\"widget\" data-e-type=\"widget\" data-settings=\"{&quot;youtube_url&quot;:&quot;https:\\\/\\\/youtu.be\\\/BFVpYw8k0SE&quot;,&quot;video_type&quot;:&quot;youtube&quot;,&quot;controls&quot;:&quot;yes&quot;}\" data-widget_type=\"video.default\">\n\t\t\t\t<div class=\"elementor-widget-container\">\n\t\t\t\t\t\t\t<div class=\"elementor-wrapper elementor-open-inline\">\n\t\t\t<div class=\"elementor-video\"><\/div>\t\t<\/div>\n\t\t\t\t\t\t<\/div>\n\t\t\t\t<\/div>\n\t\t\t\t\t<\/div>\n\t\t\t\t<\/div>\n\t\t<div class=\"elementor-element elementor-element-8976441 e-flex e-con-boxed e-con e-parent\" data-id=\"8976441\" data-element_type=\"container\" data-e-type=\"container\">\n\t\t\t\t\t<div class=\"e-con-inner\">\n\t\t<div class=\"elementor-element elementor-element-cef748b e-flex e-con-boxed e-con e-child\" data-id=\"cef748b\" data-element_type=\"container\" data-e-type=\"container\" data-settings=\"{&quot;background_background&quot;:&quot;classic&quot;}\">\n\t\t\t\t\t<div class=\"e-con-inner\">\n\t\t\t\t<div class=\"elementor-element elementor-element-2ffa969 h1 elementor-widget elementor-widget-testimonial\" data-id=\"2ffa969\" data-element_type=\"widget\" data-e-type=\"widget\" id=\"h1\" data-widget_type=\"testimonial.default\">\n\t\t\t\t<div class=\"elementor-widget-container\">\n\t\t\t\t\t\t\t<div class=\"elementor-testimonial-wrapper\">\n\t\t\t\t\t\t\t<div class=\"elementor-testimonial-content\">Nous sommes ravis d'accueillir Armor All\u00ae dans l'\u00e9quipe, une marque qui, tout comme nous, est fortement ax\u00e9e sur l'innovation, le d\u00e9veloppement et la production de produits de haute performance pour les personnes soucieuses de leur voiture. Nous sommes impatients de nouer un partenariat solide et de fournir \u00e0 la marque Armor All\u00ae une plateforme mondiale pour poursuivre son expansion sur le march\u00e9 international.\n<\/div>\n\t\t\t\n\t\t\t\t\t\t<div class=\"elementor-testimonial-meta elementor-has-image elementor-testimonial-image-position-aside\">\n\t\t\t\t<div class=\"elementor-testimonial-meta-inner\">\n\t\t\t\t\t\t\t\t\t\t\t<div class=\"elementor-testimonial-image\">\n\t\t\t\t\t\t\t<img decoding=\"async\" width=\"60\" height=\"60\" src=\"https:\/\/armorall.com\/ca-fr\/wp-content\/uploads\/sites\/12\/2025\/07\/profile.avif\" class=\"attachment-full size-full wp-image-9140\" alt=\"\" \/>\t\t\t\t\t\t<\/div>\n\t\t\t\t\t\n\t\t\t\t\t\t\t\t\t\t<div class=\"elementor-testimonial-details\">\n\t\t\t\t\t\t\t\t\t\t\t\t\t\t<div class=\"elementor-testimonial-name\">CHRISTIAN HORNER OBE<\/div>\n\t\t\t\t\t\t\t\t\t\t\t\t\t\t\t\t\t\t\t\t\t\t<div class=\"elementor-testimonial-job\">chef d'\u00e9quipe, Oracle Red Bull Racing<\/div>\n\t\t\t\t\t\t\t\t\t\t\t\t\t<\/div>\n\t\t\t\t\t\t\t\t\t<\/div>\n\t\t\t<\/div>\n\t\t\t\t\t<\/div>\n\t\t\t\t\t\t<\/div>\n\t\t\t\t<\/div>\n\t\t\t\t\t<\/div>\n\t\t\t\t<\/div>\n\t\t\t\t\t<\/div>\n\t\t\t\t<\/div>\n\t\t<div class=\"elementor-element elementor-element-dee2586 e-flex e-con-boxed e-con e-child\" data-id=\"dee2586\" data-element_type=\"container\" data-e-type=\"container\">\n\t\t\t\t\t<div class=\"e-con-inner\">\n\t\t\t\t<div class=\"elementor-element elementor-element-518e8f5 elementor-widget elementor-widget-heading\" data-id=\"518e8f5\" data-element_type=\"widget\" data-e-type=\"widget\" data-widget_type=\"heading.default\">\n\t\t\t\t<div class=\"elementor-widget-container\">\n\t\t\t\t\t<h3 class=\"elementor-heading-title elementor-size-default\">Armor All\u00ae et l\u2019\u00e9quipe du puits de ravitaillement Red Bull Racing\n<\/h3>\t\t\t\t<\/div>\n\t\t\t\t<\/div>\n\t\t\t\t<div class=\"elementor-element elementor-element-480ee78 elementor-widget elementor-widget-heading\" data-id=\"480ee78\" data-element_type=\"widget\" data-e-type=\"widget\" data-widget_type=\"heading.default\">\n\t\t\t\t<div class=\"elementor-widget-container\">\n\t\t\t\t\t<h1 class=\"elementor-heading-title elementor-size-default\">Le partenaire officiel de nettoyage et de soins automobiles de l'\u00e9quipe de Oracle Red Bull Racing\n<\/h1>\t\t\t\t<\/div>\n\t\t\t\t<\/div>\n\t\t\t\t<div class=\"elementor-element elementor-element-b147655 elementor-widget elementor-widget-video\" data-id=\"b147655\" data-element_type=\"widget\" data-e-type=\"widget\" data-settings=\"{&quot;youtube_url&quot;:&quot;https:\\\/\\\/youtu.be\\\/0BFGNZTInCc&quot;,&quot;video_type&quot;:&quot;youtube&quot;,&quot;controls&quot;:&quot;yes&quot;}\" data-widget_type=\"video.default\">\n\t\t\t\t<div class=\"elementor-widget-container\">\n\t\t\t\t\t\t\t<div class=\"elementor-wrapper elementor-open-inline\">\n\t\t\t<div class=\"elementor-video\"><\/div>\t\t<\/div>\n\t\t\t\t\t\t<\/div>\n\t\t\t\t<\/div>\n\t\t\t\t\t<\/div>\n\t\t\t\t<\/div>\n\t\t<div class=\"elementor-element elementor-element-972f424 e-flex e-con-boxed e-con e-child\" data-id=\"972f424\" data-element_type=\"container\" data-e-type=\"container\" data-settings=\"{&quot;background_background&quot;:&quot;classic&quot;}\">\n\t\t\t\t\t<div class=\"e-con-inner\">\n\t\t\t\t<div class=\"elementor-element elementor-element-89f9fcd elementor-widget elementor-widget-heading\" data-id=\"89f9fcd\" data-element_type=\"widget\" data-e-type=\"widget\" data-widget_type=\"heading.default\">\n\t\t\t\t<div class=\"elementor-widget-container\">\n\t\t\t\t\t<h3 class=\"elementor-heading-title elementor-size-default\">ORACLE RED BULL RACING X ARMOR ALL\n<\/h3>\t\t\t\t<\/div>\n\t\t\t\t<\/div>\n\t\t\t\t<div class=\"elementor-element elementor-element-4c7cbca elementor-widget elementor-widget-heading\" data-id=\"4c7cbca\" data-element_type=\"widget\" data-e-type=\"widget\" data-widget_type=\"heading.default\">\n\t\t\t\t<div class=\"elementor-widget-container\">\n\t\t\t\t\t<h1 class=\"elementor-heading-title elementor-size-default\">La pr\u00e9paration est primordiale\n<\/h1>\t\t\t\t<\/div>\n\t\t\t\t<\/div>\n\t\t<div class=\"elementor-element elementor-element-6f93c83 e-con-full e-flex e-con e-child\" data-id=\"6f93c83\" data-element_type=\"container\" data-e-type=\"container\">\n\t\t<div class=\"elementor-element elementor-element-2c12c9f e-con-full e-flex e-con e-child\" data-id=\"2c12c9f\" data-element_type=\"container\" data-e-type=\"container\">\n\t\t\t\t<div class=\"elementor-element elementor-element-4abb1b0 elementor-widget elementor-widget-text-editor\" data-id=\"4abb1b0\" data-element_type=\"widget\" data-e-type=\"widget\" data-widget_type=\"text-editor.default\">\n\t\t\t\t<div class=\"elementor-widget-container\">\n\t\t\t\t\t\t\t\t\t<div class=\"wysiwyg-content\"><p><span style=\"color: #000000;\">En Formule\u00a01, tout comme sur la route, la pr\u00e9paration est primordiale, ce qui renforce le fait que quel que soit son niveau d\u2019expertise, chaque pilote souhaite les meilleurs soins de qualit\u00e9 pour sa voiture. Dans le cadre de notre partenariat avec Oracle Red Bull Racing, vous verrez la marque Armor All<sup>\u00ae<\/sup>\u00a0sur les voitures Red Bull Racing, dans le stand et sur les gants des pilotes de l\u2019\u00e9quipe, Max Verstappen et Sergio Perez. Et plus important encore, notre partenariat s\u2019\u00e9tendra \u00e9galement aux magasins, partout o\u00f9 les produits Armor All<sup>\u00ae<\/sup>\u00a0sont vendus, ainsi qu\u2019aux promotions grand public qui offriront aux fans la possibilit\u00e9 de vivre une exp\u00e9rience de course compl\u00e8te.<\/span><\/p><\/div><div class=\"wysiwyg-content\">\u00a0<\/div>\t\t\t\t\t\t\t\t<\/div>\n\t\t\t\t<\/div>\n\t\t\t\t<\/div>\n\t\t<div class=\"elementor-element elementor-element-6a8a8fe e-con-full e-flex e-con e-child\" data-id=\"6a8a8fe\" data-element_type=\"container\" data-e-type=\"container\">\n\t\t\t\t<div class=\"elementor-element elementor-element-488297a elementor-widget elementor-widget-text-editor\" data-id=\"488297a\" data-element_type=\"widget\" data-e-type=\"widget\" data-widget_type=\"text-editor.default\">\n\t\t\t\t<div class=\"elementor-widget-container\">\n\t\t\t\t\t\t\t\t\t<article class=\"\"><div id=\"main\" class=\"layout-container layout-contained entry__content flow-spacing\"><div class=\"site-layout__content-wrapper\"><p><span style=\"color: #000000;\">\u00ab Nous sommes ravis de rejoindre Oracle Red Bull Racing en tant que partenaire officiel de nettoyage et de soins automobiles de l\u2019\u00e9quipe, r\u00e9unissant deux marques embl\u00e9matiques qui valorisent l\u2019innovation et les performances de haute qualit\u00e9 \u00bb, a d\u00e9clar\u00e9 Lori Shambro, directrice du marketing d\u2019Energizer Holdings, Inc. \u00ab Ce partenariat est capital pour Armor All<sup>\u00ae<\/sup>, car nous cherchons \u00e0 rendre notre marque accessible \u00e0 davantage de consommateurs \u00e0 l\u2019\u00e9chelle mondiale, \u00e0 nous connecter et \u00e0 nous engager avec des personnes qui partagent un amour pour leurs voitures et la course. \u00bb<\/span><\/p><p>\u00a0<\/p><\/div><\/div><\/article>\t\t\t\t\t\t\t\t<\/div>\n\t\t\t\t<\/div>\n\t\t\t\t<\/div>\n\t\t\t\t<\/div>\n\t\t\t\t\t<\/div>\n\t\t\t\t<\/div>\n\t\t\t\t<\/div>\n\t\t","protected":false},"excerpt":{"rendered":"<p>Nous sommes ravis de nous associer \u00e0 Oracle Red Bull Racing, l\u2019\u00e9quipe quadruple championne du monde de Formule\u00a01, en qualit\u00e9 de partenaire officiel de nettoyage et soins automobile de l\u2019\u00e9quipe. En nous appuyant sur la tradition d\u2019innovation d\u2019Armor All\u00ae, nous collaborerons avec Oracle Red Bull Racing pour explorer les possibilit\u00e9s dans le domaine du d\u00e9veloppement [&hellip;]<\/p>\n","protected":false},"author":7,"featured_media":0,"parent":6442,"menu_order":0,"comment_status":"closed","ping_status":"closed","template":"elementor_header_footer","meta":{"_acf_changed":false,"inline_featured_image":false,"footnotes":""},"class_list":["post-9137","page","type-page","status-publish","hentry"],"acf":[],"yoast_head":"<!-- This site is optimized with the Yoast SEO Premium plugin v27.3 (Yoast SEO v27.3) - https:\/\/yoast.com\/product\/yoast-seo-premium-wordpress\/ -->\n<title>Oracle Red Bull Racing | Armor All\u00ae<\/title>\n<meta name=\"description\" content=\"D\u00e9couvrez-en plus sur notre partenariat avec Oracle Red Bull Racing, l&#039;\u00e9quipe quadruple championne du monde de Formule 1.\" \/>\n<meta name=\"robots\" content=\"index, follow, max-snippet:-1, max-image-preview:large, max-video-preview:-1\" \/>\n<link rel=\"canonical\" href=\"https:\/\/armorall.com\/ca-fr\/a-propos-de-nous\/partenariats\/oracle-red-bull-racing\/\" \/>\n<meta property=\"og:locale\" content=\"en_US\" \/>\n<meta property=\"og:type\" content=\"article\" \/>\n<meta property=\"og:title\" content=\"Oracle Red Bull Racing\" \/>\n<meta property=\"og:description\" content=\"D\u00e9couvrez-en plus sur notre partenariat avec Oracle Red Bull Racing, l&#039;\u00e9quipe quadruple championne du monde de Formule 1.\" \/>\n<meta property=\"og:url\" content=\"https:\/\/armorall.com\/ca-fr\/a-propos-de-nous\/partenariats\/oracle-red-bull-racing\/\" \/>\n<meta property=\"og:site_name\" content=\"ARMOR ALL - CA FR\" \/>\n<meta property=\"article:modified_time\" content=\"2026-01-15T08:55:05+00:00\" \/>\n<meta property=\"og:image\" content=\"https:\/\/armorall.com\/ca-fr\/wp-content\/uploads\/sites\/12\/2025\/08\/FY23_AA_ORBR_teampartnerlockup_landscape_bluebackground-1024x364.jpg\" \/>\n<meta name=\"twitter:card\" content=\"summary_large_image\" \/>\n<script type=\"application\/ld+json\" class=\"yoast-schema-graph\">{\"@context\":\"https:\\\/\\\/schema.org\",\"@graph\":[{\"@type\":\"WebPage\",\"@id\":\"https:\\\/\\\/armorall.com\\\/ca-fr\\\/a-propos-de-nous\\\/partenariats\\\/oracle-red-bull-racing\\\/\",\"url\":\"https:\\\/\\\/armorall.com\\\/ca-fr\\\/a-propos-de-nous\\\/partenariats\\\/oracle-red-bull-racing\\\/\",\"name\":\"Oracle Red Bull Racing | Armor All\u00ae\",\"isPartOf\":{\"@id\":\"https:\\\/\\\/armorall.com\\\/ca-fr\\\/#website\"},\"primaryImageOfPage\":{\"@id\":\"https:\\\/\\\/armorall.com\\\/ca-fr\\\/a-propos-de-nous\\\/partenariats\\\/oracle-red-bull-racing\\\/#primaryimage\"},\"image\":{\"@id\":\"https:\\\/\\\/armorall.com\\\/ca-fr\\\/a-propos-de-nous\\\/partenariats\\\/oracle-red-bull-racing\\\/#primaryimage\"},\"thumbnailUrl\":\"https:\\\/\\\/armorall.com\\\/ca-fr\\\/wp-content\\\/uploads\\\/sites\\\/12\\\/2025\\\/08\\\/FY23_AA_ORBR_teampartnerlockup_landscape_bluebackground-1024x364.jpg\",\"datePublished\":\"2025-07-09T10:37:01+00:00\",\"dateModified\":\"2026-01-15T08:55:05+00:00\",\"description\":\"D\u00e9couvrez-en plus sur notre partenariat avec Oracle Red Bull Racing, l'\u00e9quipe quadruple championne du monde de Formule 1.\",\"breadcrumb\":{\"@id\":\"https:\\\/\\\/armorall.com\\\/ca-fr\\\/a-propos-de-nous\\\/partenariats\\\/oracle-red-bull-racing\\\/#breadcrumb\"},\"inLanguage\":\"en-US\",\"potentialAction\":[{\"@type\":\"ReadAction\",\"target\":[\"https:\\\/\\\/armorall.com\\\/ca-fr\\\/a-propos-de-nous\\\/partenariats\\\/oracle-red-bull-racing\\\/\"]}]},{\"@type\":\"ImageObject\",\"inLanguage\":\"en-US\",\"@id\":\"https:\\\/\\\/armorall.com\\\/ca-fr\\\/a-propos-de-nous\\\/partenariats\\\/oracle-red-bull-racing\\\/#primaryimage\",\"url\":\"https:\\\/\\\/armorallcdnimage.imgix.net\\\/ca-fr\\\/wp-content\\\/uploads\\\/sites\\\/12\\\/2025\\\/08\\\/FY23_AA_ORBR_teampartnerlockup_landscape_bluebackground.jpg?auto=format%2Ccompress\",\"contentUrl\":\"https:\\\/\\\/armorallcdnimage.imgix.net\\\/ca-fr\\\/wp-content\\\/uploads\\\/sites\\\/12\\\/2025\\\/08\\\/FY23_AA_ORBR_teampartnerlockup_landscape_bluebackground.jpg?auto=format%2Ccompress\",\"width\":1832,\"height\":651},{\"@type\":\"BreadcrumbList\",\"@id\":\"https:\\\/\\\/armorall.com\\\/ca-fr\\\/a-propos-de-nous\\\/partenariats\\\/oracle-red-bull-racing\\\/#breadcrumb\",\"itemListElement\":[{\"@type\":\"ListItem\",\"position\":1,\"name\":\"Home\",\"item\":\"https:\\\/\\\/armorall.com\\\/ca-fr\\\/\"},{\"@type\":\"ListItem\",\"position\":2,\"name\":\"\u00c0 propos de nous\",\"item\":\"https:\\\/\\\/armorall.com\\\/ca-fr\\\/a-propos-de-nous\\\/\"},{\"@type\":\"ListItem\",\"position\":3,\"name\":\"Partenariats\",\"item\":\"https:\\\/\\\/armorall.com\\\/ca-fr\\\/a-propos-de-nous\\\/partenariats\\\/\"},{\"@type\":\"ListItem\",\"position\":4,\"name\":\"Oracle Red Bull Racing\"}]},{\"@type\":\"WebSite\",\"@id\":\"https:\\\/\\\/armorall.com\\\/ca-fr\\\/#website\",\"url\":\"https:\\\/\\\/armorall.com\\\/ca-fr\\\/\",\"name\":\"Armor All\",\"description\":\"\",\"publisher\":{\"@id\":\"https:\\\/\\\/armorall.com\\\/ca-fr\\\/#organization\"},\"potentialAction\":[{\"@type\":\"SearchAction\",\"target\":{\"@type\":\"EntryPoint\",\"urlTemplate\":\"https:\\\/\\\/armorall.com\\\/ca-fr\\\/?s={search_term_string}\"},\"query-input\":{\"@type\":\"PropertyValueSpecification\",\"valueRequired\":true,\"valueName\":\"search_term_string\"}}],\"inLanguage\":\"en-US\"},{\"@type\":\"Organization\",\"@id\":\"https:\\\/\\\/armorall.com\\\/ca-fr\\\/#organization\",\"name\":\"ArmorAll\",\"url\":\"https:\\\/\\\/armorall.com\\\/ca-fr\\\/\",\"logo\":{\"@type\":\"ImageObject\",\"inLanguage\":\"en-US\",\"@id\":\"https:\\\/\\\/armorall.com\\\/ca-fr\\\/#\\\/schema\\\/logo\\\/image\\\/\",\"url\":\"https:\\\/\\\/armorall.com\\\/ca-fr\\\/wp-content\\\/uploads\\\/sites\\\/12\\\/2025\\\/03\\\/AA-Logo.avif\",\"contentUrl\":\"https:\\\/\\\/armorall.com\\\/ca-fr\\\/wp-content\\\/uploads\\\/sites\\\/12\\\/2025\\\/03\\\/AA-Logo.avif\",\"width\":300,\"height\":175,\"caption\":\"ArmorAll\"},\"image\":{\"@id\":\"https:\\\/\\\/armorall.com\\\/ca-fr\\\/#\\\/schema\\\/logo\\\/image\\\/\"}}]}<\/script>\n<!-- \/ Yoast SEO Premium plugin. -->","yoast_head_json":{"title":"Oracle Red Bull Racing | Armor All\u00ae","description":"D\u00e9couvrez-en plus sur notre partenariat avec Oracle Red Bull Racing, l'\u00e9quipe quadruple championne du monde de Formule 1.","robots":{"index":"index","follow":"follow","max-snippet":"max-snippet:-1","max-image-preview":"max-image-preview:large","max-video-preview":"max-video-preview:-1"},"canonical":"https:\/\/armorall.com\/ca-fr\/a-propos-de-nous\/partenariats\/oracle-red-bull-racing\/","og_locale":"en_US","og_type":"article","og_title":"Oracle Red Bull Racing","og_description":"D\u00e9couvrez-en plus sur notre partenariat avec Oracle Red Bull Racing, l'\u00e9quipe quadruple championne du monde de Formule 1.","og_url":"https:\/\/armorall.com\/ca-fr\/a-propos-de-nous\/partenariats\/oracle-red-bull-racing\/","og_site_name":"ARMOR ALL - CA FR","article_modified_time":"2026-01-15T08:55:05+00:00","og_image":[{"url":"https:\/\/armorall.com\/ca-fr\/wp-content\/uploads\/sites\/12\/2025\/08\/FY23_AA_ORBR_teampartnerlockup_landscape_bluebackground-1024x364.jpg","type":"","width":"","height":""}],"twitter_card":"summary_large_image","schema":{"@context":"https:\/\/schema.org","@graph":[{"@type":"WebPage","@id":"https:\/\/armorall.com\/ca-fr\/a-propos-de-nous\/partenariats\/oracle-red-bull-racing\/","url":"https:\/\/armorall.com\/ca-fr\/a-propos-de-nous\/partenariats\/oracle-red-bull-racing\/","name":"Oracle Red Bull Racing | Armor All\u00ae","isPartOf":{"@id":"https:\/\/armorall.com\/ca-fr\/#website"},"primaryImageOfPage":{"@id":"https:\/\/armorall.com\/ca-fr\/a-propos-de-nous\/partenariats\/oracle-red-bull-racing\/#primaryimage"},"image":{"@id":"https:\/\/armorall.com\/ca-fr\/a-propos-de-nous\/partenariats\/oracle-red-bull-racing\/#primaryimage"},"thumbnailUrl":"https:\/\/armorall.com\/ca-fr\/wp-content\/uploads\/sites\/12\/2025\/08\/FY23_AA_ORBR_teampartnerlockup_landscape_bluebackground-1024x364.jpg","datePublished":"2025-07-09T10:37:01+00:00","dateModified":"2026-01-15T08:55:05+00:00","description":"D\u00e9couvrez-en plus sur notre partenariat avec Oracle Red Bull Racing, l'\u00e9quipe quadruple championne du monde de Formule 1.","breadcrumb":{"@id":"https:\/\/armorall.com\/ca-fr\/a-propos-de-nous\/partenariats\/oracle-red-bull-racing\/#breadcrumb"},"inLanguage":"en-US","potentialAction":[{"@type":"ReadAction","target":["https:\/\/armorall.com\/ca-fr\/a-propos-de-nous\/partenariats\/oracle-red-bull-racing\/"]}]},{"@type":"ImageObject","inLanguage":"en-US","@id":"https:\/\/armorall.com\/ca-fr\/a-propos-de-nous\/partenariats\/oracle-red-bull-racing\/#primaryimage","url":"https:\/\/armorallcdnimage.imgix.net\/ca-fr\/wp-content\/uploads\/sites\/12\/2025\/08\/FY23_AA_ORBR_teampartnerlockup_landscape_bluebackground.jpg?auto=format%2Ccompress","contentUrl":"https:\/\/armorallcdnimage.imgix.net\/ca-fr\/wp-content\/uploads\/sites\/12\/2025\/08\/FY23_AA_ORBR_teampartnerlockup_landscape_bluebackground.jpg?auto=format%2Ccompress","width":1832,"height":651},{"@type":"BreadcrumbList","@id":"https:\/\/armorall.com\/ca-fr\/a-propos-de-nous\/partenariats\/oracle-red-bull-racing\/#breadcrumb","itemListElement":[{"@type":"ListItem","position":1,"name":"Home","item":"https:\/\/armorall.com\/ca-fr\/"},{"@type":"ListItem","position":2,"name":"\u00c0 propos de nous","item":"https:\/\/armorall.com\/ca-fr\/a-propos-de-nous\/"},{"@type":"ListItem","position":3,"name":"Partenariats","item":"https:\/\/armorall.com\/ca-fr\/a-propos-de-nous\/partenariats\/"},{"@type":"ListItem","position":4,"name":"Oracle Red Bull Racing"}]},{"@type":"WebSite","@id":"https:\/\/armorall.com\/ca-fr\/#website","url":"https:\/\/armorall.com\/ca-fr\/","name":"Armor All","description":"","publisher":{"@id":"https:\/\/armorall.com\/ca-fr\/#organization"},"potentialAction":[{"@type":"SearchAction","target":{"@type":"EntryPoint","urlTemplate":"https:\/\/armorall.com\/ca-fr\/?s={search_term_string}"},"query-input":{"@type":"PropertyValueSpecification","valueRequired":true,"valueName":"search_term_string"}}],"inLanguage":"en-US"},{"@type":"Organization","@id":"https:\/\/armorall.com\/ca-fr\/#organization","name":"ArmorAll","url":"https:\/\/armorall.com\/ca-fr\/","logo":{"@type":"ImageObject","inLanguage":"en-US","@id":"https:\/\/armorall.com\/ca-fr\/#\/schema\/logo\/image\/","url":"https:\/\/armorall.com\/ca-fr\/wp-content\/uploads\/sites\/12\/2025\/03\/AA-Logo.avif","contentUrl":"https:\/\/armorall.com\/ca-fr\/wp-content\/uploads\/sites\/12\/2025\/03\/AA-Logo.avif","width":300,"height":175,"caption":"ArmorAll"},"image":{"@id":"https:\/\/armorall.com\/ca-fr\/#\/schema\/logo\/image\/"}}]}},"_links":{"self":[{"href":"https:\/\/armorall.com\/ca-fr\/wp-json\/wp\/v2\/pages\/9137","targetHints":{"allow":["GET"]}}],"collection":[{"href":"https:\/\/armorall.com\/ca-fr\/wp-json\/wp\/v2\/pages"}],"about":[{"href":"https:\/\/armorall.com\/ca-fr\/wp-json\/wp\/v2\/types\/page"}],"author":[{"embeddable":true,"href":"https:\/\/armorall.com\/ca-fr\/wp-json\/wp\/v2\/users\/7"}],"replies":[{"embeddable":true,"href":"https:\/\/armorall.com\/ca-fr\/wp-json\/wp\/v2\/comments?post=9137"}],"version-history":[{"count":53,"href":"https:\/\/armorall.com\/ca-fr\/wp-json\/wp\/v2\/pages\/9137\/revisions"}],"predecessor-version":[{"id":12310,"href":"https:\/\/armorall.com\/ca-fr\/wp-json\/wp\/v2\/pages\/9137\/revisions\/12310"}],"up":[{"embeddable":true,"href":"https:\/\/armorall.com\/ca-fr\/wp-json\/wp\/v2\/pages\/6442"}],"wp:attachment":[{"href":"https:\/\/armorall.com\/ca-fr\/wp-json\/wp\/v2\/media?parent=9137"}],"curies":[{"name":"wp","href":"https:\/\/api.w.org\/{rel}","templated":true}]}}