{"id":4643,"date":"2025-03-27T17:59:41","date_gmt":"2025-03-27T12:29:41","guid":{"rendered":"https:\/\/4b2c8fe15a.nxcli.io\/de\/?page_id=4643"},"modified":"2026-01-23T19:48:11","modified_gmt":"2026-01-23T14:18:11","slug":"handlersuche","status":"publish","type":"page","link":"https:\/\/armorall.com\/de\/handlersuche\/","title":{"rendered":"H\u00e4ndlersuche"},"content":{"rendered":"\t\t<div data-elementor-type=\"wp-page\" data-elementor-id=\"4643\" class=\"elementor elementor-4643\" data-elementor-post-type=\"page\">\n\t\t\t\t<div class=\"elementor-element elementor-element-1ff73f7 arm-header e-con-full e-flex e-con e-parent\" data-id=\"1ff73f7\" data-element_type=\"container\" data-e-type=\"container\" data-settings=\"{&quot;background_background&quot;:&quot;classic&quot;,&quot;shape_divider_bottom&quot;:&quot;tilt&quot;}\">\n\t\t\t\t<div class=\"elementor-shape elementor-shape-bottom\" aria-hidden=\"true\" data-negative=\"false\">\n\t\t\t<svg xmlns=\"http:\/\/www.w3.org\/2000\/svg\" viewBox=\"0 0 1000 100\" preserveAspectRatio=\"none\">\n\t<path class=\"elementor-shape-fill\" d=\"M0,6V0h1000v100L0,6z\"\/>\n<\/svg>\t\t<\/div>\n\t\t<div class=\"elementor-element elementor-element-b2ecfd7 e-flex e-con-boxed e-con e-child\" data-id=\"b2ecfd7\" data-element_type=\"container\" data-e-type=\"container\">\n\t\t\t\t\t<div class=\"e-con-inner\">\n\t\t\t\t<div class=\"elementor-element elementor-element-1db41f6 elementor-widget elementor-widget-breadcrumbs\" data-id=\"1db41f6\" data-element_type=\"widget\" data-e-type=\"widget\" data-widget_type=\"breadcrumbs.default\">\n\t\t\t\t<div class=\"elementor-widget-container\">\n\t\t\t\t\t<p id=\"breadcrumbs\"><span><span><a href=\"https:\/\/armorall.com\/de\/\">Home<\/a><\/span><\/span><\/p>\t\t\t\t<\/div>\n\t\t\t\t<\/div>\n\t\t\t\t<div class=\"elementor-element elementor-element-c4fc5f8 elementor-widget elementor-widget-text-editor\" data-id=\"c4fc5f8\" data-element_type=\"widget\" data-e-type=\"widget\" data-widget_type=\"text-editor.default\">\n\t\t\t\t<div class=\"elementor-widget-container\">\n\t\t\t\t\t\t\t\t\t<p>Finden Sie Armor-All-Autoreinigungsprodukte bei H\u00e4ndlern in der N\u00e4he.<\/p>\t\t\t\t\t\t\t\t<\/div>\n\t\t\t\t<\/div>\n\t\t\t\t\t<\/div>\n\t\t\t\t<\/div>\n\t\t\t\t<\/div>\n\t\t<div class=\"elementor-element elementor-element-6ad2a3d e-flex e-con-boxed e-con e-parent\" data-id=\"6ad2a3d\" data-element_type=\"container\" data-e-type=\"container\">\n\t\t\t\t\t<div class=\"e-con-inner\">\n\t\t<div class=\"elementor-element elementor-element-cca37fd e-con-full e-flex e-con e-child\" data-id=\"cca37fd\" data-element_type=\"container\" data-e-type=\"container\" data-settings=\"{&quot;background_background&quot;:&quot;classic&quot;}\">\n\t\t\t\t<div class=\"elementor-element elementor-element-59ddad1 elementor-widget elementor-widget-heading\" data-id=\"59ddad1\" data-element_type=\"widget\" data-e-type=\"widget\" data-widget_type=\"heading.default\">\n\t\t\t\t<div class=\"elementor-widget-container\">\n\t\t\t\t\t<h2 class=\"elementor-heading-title elementor-size-default\">Unsere H\u00e4ndler vor Ort\n<\/h2>\t\t\t\t<\/div>\n\t\t\t\t<\/div>\n\t\t<div class=\"elementor-element elementor-element-91ff929 e-grid e-con-full e-con e-child\" data-id=\"91ff929\" data-element_type=\"container\" data-e-type=\"container\">\n\t\t\t\t<div class=\"elementor-element elementor-element-cbace0f elementor-widget elementor-widget-image\" data-id=\"cbace0f\" data-element_type=\"widget\" data-e-type=\"widget\" data-widget_type=\"image.default\">\n\t\t\t\t<div class=\"elementor-widget-container\">\n\t\t\t\t\t\t\t\t\t\t\t\t\t\t\t\t<a href=\"https:\/\/www.amazon.de\/s?k=armor+all&#038;__mk_de_DE=%C3%85M%C3%85%C5%BD%C3%95%C3%91&#038;ref=nb_sb_noss_2\" target=\"_blank\" aria-label=\"Amazon\">\n\t\t\t\t\t\t\t<img fetchpriority=\"high\" decoding=\"async\" width=\"259\" height=\"194\" src=\"https:\/\/armorall.com\/de\/wp-content\/uploads\/sites\/13\/2025\/03\/Amazon-2.avif\" class=\"attachment-full size-full wp-image-4146\" alt=\"\" \/>\t\t\t\t\t\t\t\t<\/a>\n\t\t\t\t\t\t\t\t\t\t\t\t\t\t\t<\/div>\n\t\t\t\t<\/div>\n\t\t\t\t<div class=\"elementor-element elementor-element-a0c7225 elementor-widget elementor-widget-image\" data-id=\"a0c7225\" data-element_type=\"widget\" data-e-type=\"widget\" data-widget_type=\"image.default\">\n\t\t\t\t<div class=\"elementor-widget-container\">\n\t\t\t\t\t\t\t\t\t\t\t\t\t\t\t\t<a href=\"https:\/\/www.atu.de\/shop?adword=google\/brand\/brand\/000_atu_exact\/atu&#038;gclid=Cj0KCQjws4aKBhDPARIsAIWH0JUnvw68YZupL5q_HuYIOVjp7Sm9cMhHxmB_rf0fVCOSU_Xp0ADRNX4aAkqpEALw_wcB\" target=\"_blank\" aria-label=\"ATU\">\n\t\t\t\t\t\t\t<img decoding=\"async\" width=\"240\" height=\"180\" src=\"https:\/\/armorallcdnimage.imgix.net\/de\/wp-content\/uploads\/sites\/13\/2025\/08\/imgi_9_ATUColour.png?auto=format%2Ccompress\" class=\"attachment-full size-full wp-image-11238\" alt=\"\" \/>\t\t\t\t\t\t\t\t<\/a>\n\t\t\t\t\t\t\t\t\t\t\t\t\t\t\t<\/div>\n\t\t\t\t<\/div>\n\t\t\t\t<div class=\"elementor-element elementor-element-74f7b85 elementor-widget elementor-widget-image\" data-id=\"74f7b85\" data-element_type=\"widget\" data-e-type=\"widget\" data-widget_type=\"image.default\">\n\t\t\t\t<div class=\"elementor-widget-container\">\n\t\t\t\t\t\t\t\t\t\t\t\t\t\t\t\t<a href=\"https:\/\/www.globus.de\/castrop-rauxel\/index.php\" target=\"_blank\" aria-label=\"globus\">\n\t\t\t\t\t\t\t<img decoding=\"async\" width=\"109\" height=\"68\" src=\"https:\/\/armorallcdnimage.imgix.net\/de\/wp-content\/uploads\/sites\/13\/2025\/08\/imgi_10_globus-logo.png?auto=format%2Ccompress\" class=\"attachment-full size-full wp-image-11239\" alt=\"\" \/>\t\t\t\t\t\t\t\t<\/a>\n\t\t\t\t\t\t\t\t\t\t\t\t\t\t\t<\/div>\n\t\t\t\t<\/div>\n\t\t\t\t<div class=\"elementor-element elementor-element-091d4e3 elementor-widget elementor-widget-image\" data-id=\"091d4e3\" data-element_type=\"widget\" data-e-type=\"widget\" data-widget_type=\"image.default\">\n\t\t\t\t<div class=\"elementor-widget-container\">\n\t\t\t\t\t\t\t\t\t\t\t\t\t\t\t\t<a href=\"https:\/\/www.galaxus.ch\/en\/search?q=armorall\" target=\"_blank\" aria-label=\"galaxus\">\n\t\t\t\t\t\t\t<img loading=\"lazy\" decoding=\"async\" width=\"240\" height=\"180\" src=\"https:\/\/armorallcdnimage.imgix.net\/de\/wp-content\/uploads\/sites\/13\/2025\/08\/imgi_11_GALAXUS2.png?auto=format%2Ccompress\" class=\"attachment-full size-full wp-image-11240\" alt=\"\" \/>\t\t\t\t\t\t\t\t<\/a>\n\t\t\t\t\t\t\t\t\t\t\t\t\t\t\t<\/div>\n\t\t\t\t<\/div>\n\t\t\t\t<div class=\"elementor-element elementor-element-532093f elementor-widget elementor-widget-image\" data-id=\"532093f\" data-element_type=\"widget\" data-e-type=\"widget\" data-widget_type=\"image.default\">\n\t\t\t\t<div class=\"elementor-widget-container\">\n\t\t\t\t\t\t\t\t\t\t\t\t\t\t\t\t<a href=\"https:\/\/www.globus-baumarkt.de\/\" target=\"_blank\" aria-label=\"globus baumarkt\">\n\t\t\t\t\t\t\t<img loading=\"lazy\" decoding=\"async\" width=\"2458\" height=\"750\" src=\"https:\/\/armorallcdnimage.imgix.net\/de\/wp-content\/uploads\/sites\/13\/2025\/08\/imgi_12_GBM.png?auto=format%2Ccompress\" class=\"attachment-full size-full wp-image-11241\" alt=\"\" srcset=\"https:\/\/armorallcdnimage.imgix.net\/de\/wp-content\/uploads\/sites\/13\/2025\/08\/imgi_12_GBM.png?auto=format%2Ccompress&amp;w=2458 2458w, https:\/\/armorallcdnimage.imgix.net\/de\/wp-content\/uploads\/sites\/13\/2025\/08\/imgi_12_GBM.png?auto=format%2Ccompress&amp;w=300 300w, https:\/\/armorallcdnimage.imgix.net\/de\/wp-content\/uploads\/sites\/13\/2025\/08\/imgi_12_GBM.png?auto=format%2Ccompress&amp;w=1024 1024w, https:\/\/armorallcdnimage.imgix.net\/de\/wp-content\/uploads\/sites\/13\/2025\/08\/imgi_12_GBM.png?auto=format%2Ccompress&amp;w=768 768w, https:\/\/armorallcdnimage.imgix.net\/de\/wp-content\/uploads\/sites\/13\/2025\/08\/imgi_12_GBM.png?auto=format%2Ccompress&amp;w=1536 1536w, https:\/\/armorallcdnimage.imgix.net\/de\/wp-content\/uploads\/sites\/13\/2025\/08\/imgi_12_GBM.png?auto=format%2Ccompress&amp;w=2048 2048w\" sizes=\"(max-width: 2458px) 100vw, 2458px\" \/>\t\t\t\t\t\t\t\t<\/a>\n\t\t\t\t\t\t\t\t\t\t\t\t\t\t\t<\/div>\n\t\t\t\t<\/div>\n\t\t\t\t<div class=\"elementor-element elementor-element-efb7281 elementor-widget elementor-widget-image\" data-id=\"efb7281\" data-element_type=\"widget\" data-e-type=\"widget\" data-widget_type=\"image.default\">\n\t\t\t\t<div class=\"elementor-widget-container\">\n\t\t\t\t\t\t\t\t\t\t\t\t\t\t\t\t<a href=\"https:\/\/www.hagebau.de\/\" target=\"_blank\" aria-label=\"hagebau\">\n\t\t\t\t\t\t\t<img loading=\"lazy\" decoding=\"async\" width=\"240\" height=\"180\" src=\"https:\/\/armorallcdnimage.imgix.net\/de\/wp-content\/uploads\/sites\/13\/2025\/08\/imgi_13_HagebauColour.png?auto=format%2Ccompress\" class=\"attachment-full size-full wp-image-11242\" alt=\"\" \/>\t\t\t\t\t\t\t\t<\/a>\n\t\t\t\t\t\t\t\t\t\t\t\t\t\t\t<\/div>\n\t\t\t\t<\/div>\n\t\t\t\t<div class=\"elementor-element elementor-element-488bc13 elementor-widget elementor-widget-image\" data-id=\"488bc13\" data-element_type=\"widget\" data-e-type=\"widget\" data-widget_type=\"image.default\">\n\t\t\t\t<div class=\"elementor-widget-container\">\n\t\t\t\t\t\t\t\t\t\t\t\t\t\t\t\t<a href=\"https:\/\/www.hellweg.de\/?_pmclid=b_12334119_wp_4406012_k_4101685&#038;em_src=kw&#038;em_cmp=01_BR_hellweg_only(e)\/BR_hellweg_only(e)\/hellweg&#038;gclid=Cj0KCQjws4aKBhDPARIsAIWH0JXrbniZ8Ey093wZE_rmibR-szHVlkx70bvfc-a-LQz6NT-SuD5WE3AaAtxmEALw_wcB\" target=\"_blank\" aria-label=\"hellweg\">\n\t\t\t\t\t\t\t<img loading=\"lazy\" decoding=\"async\" width=\"240\" height=\"180\" src=\"https:\/\/armorallcdnimage.imgix.net\/de\/wp-content\/uploads\/sites\/13\/2025\/08\/imgi_14_HellwegColour.png?auto=format%2Ccompress\" class=\"attachment-full size-full wp-image-11243\" alt=\"\" \/>\t\t\t\t\t\t\t\t<\/a>\n\t\t\t\t\t\t\t\t\t\t\t\t\t\t\t<\/div>\n\t\t\t\t<\/div>\n\t\t\t\t<div class=\"elementor-element elementor-element-f3e104b elementor-widget elementor-widget-image\" data-id=\"f3e104b\" data-element_type=\"widget\" data-e-type=\"widget\" data-widget_type=\"image.default\">\n\t\t\t\t<div class=\"elementor-widget-container\">\n\t\t\t\t\t\t\t\t\t\t\t\t\t\t\t\t<a href=\"https:\/\/www.baywa.com\/\" target=\"_blank\" aria-label=\"BayWa\">\n\t\t\t\t\t\t\t<img loading=\"lazy\" decoding=\"async\" width=\"2000\" height=\"587\" src=\"https:\/\/armorallcdnimage.imgix.net\/de\/wp-content\/uploads\/sites\/13\/2025\/08\/imgi_15_Hellweg-BayWa.png?auto=format%2Ccompress\" class=\"attachment-full size-full wp-image-11244\" alt=\"\" srcset=\"https:\/\/armorallcdnimage.imgix.net\/de\/wp-content\/uploads\/sites\/13\/2025\/08\/imgi_15_Hellweg-BayWa.png?auto=format%2Ccompress&amp;w=2000 2000w, https:\/\/armorallcdnimage.imgix.net\/de\/wp-content\/uploads\/sites\/13\/2025\/08\/imgi_15_Hellweg-BayWa.png?auto=format%2Ccompress&amp;w=300 300w, https:\/\/armorallcdnimage.imgix.net\/de\/wp-content\/uploads\/sites\/13\/2025\/08\/imgi_15_Hellweg-BayWa.png?auto=format%2Ccompress&amp;w=1024 1024w, https:\/\/armorallcdnimage.imgix.net\/de\/wp-content\/uploads\/sites\/13\/2025\/08\/imgi_15_Hellweg-BayWa.png?auto=format%2Ccompress&amp;w=768 768w, https:\/\/armorallcdnimage.imgix.net\/de\/wp-content\/uploads\/sites\/13\/2025\/08\/imgi_15_Hellweg-BayWa.png?auto=format%2Ccompress&amp;w=1536 1536w\" sizes=\"(max-width: 2000px) 100vw, 2000px\" \/>\t\t\t\t\t\t\t\t<\/a>\n\t\t\t\t\t\t\t\t\t\t\t\t\t\t\t<\/div>\n\t\t\t\t<\/div>\n\t\t\t\t<div class=\"elementor-element elementor-element-f826c1d elementor-widget elementor-widget-image\" data-id=\"f826c1d\" data-element_type=\"widget\" data-e-type=\"widget\" data-widget_type=\"image.default\">\n\t\t\t\t<div class=\"elementor-widget-container\">\n\t\t\t\t\t\t\t\t\t\t\t\t\t\t\t\t<a href=\"https:\/\/www.jumbo.ch\/de\/search\/?text=armor+all\" target=\"_blank\" aria-label=\"jumbo\">\n\t\t\t\t\t\t\t<img loading=\"lazy\" decoding=\"async\" width=\"240\" height=\"180\" src=\"https:\/\/armorallcdnimage.imgix.net\/de\/wp-content\/uploads\/sites\/13\/2025\/08\/imgi_16_JUMBO2.png?auto=format%2Ccompress\" class=\"attachment-full size-full wp-image-11231\" alt=\"\" \/>\t\t\t\t\t\t\t\t<\/a>\n\t\t\t\t\t\t\t\t\t\t\t\t\t\t\t<\/div>\n\t\t\t\t<\/div>\n\t\t\t\t<div class=\"elementor-element elementor-element-3be4cfd elementor-widget elementor-widget-image\" data-id=\"3be4cfd\" data-element_type=\"widget\" data-e-type=\"widget\" data-widget_type=\"image.default\">\n\t\t\t\t<div class=\"elementor-widget-container\">\n\t\t\t\t\t\t\t\t\t\t\t\t\t\t\t\t<a href=\"https:\/\/www.georgjoskaes.de\/markenwelt\/\" target=\"_blank\" aria-label=\"georg jos\">\n\t\t\t\t\t\t\t<img loading=\"lazy\" decoding=\"async\" width=\"352\" height=\"30\" src=\"https:\/\/armorallcdnimage.imgix.net\/de\/wp-content\/uploads\/sites\/13\/2025\/08\/imgi_17_Kaes-Logo.png?auto=format%2Ccompress\" class=\"attachment-full size-full wp-image-11232\" alt=\"\" srcset=\"https:\/\/armorallcdnimage.imgix.net\/de\/wp-content\/uploads\/sites\/13\/2025\/08\/imgi_17_Kaes-Logo.png?auto=format%2Ccompress&amp;w=352 352w, https:\/\/armorallcdnimage.imgix.net\/de\/wp-content\/uploads\/sites\/13\/2025\/08\/imgi_17_Kaes-Logo.png?auto=format%2Ccompress&amp;w=300 300w\" sizes=\"(max-width: 352px) 100vw, 352px\" \/>\t\t\t\t\t\t\t\t<\/a>\n\t\t\t\t\t\t\t\t\t\t\t\t\t\t\t<\/div>\n\t\t\t\t<\/div>\n\t\t\t\t<div class=\"elementor-element elementor-element-ed55711 elementor-widget elementor-widget-image\" data-id=\"ed55711\" data-element_type=\"widget\" data-e-type=\"widget\" data-widget_type=\"image.default\">\n\t\t\t\t<div class=\"elementor-widget-container\">\n\t\t\t\t\t\t\t\t\t\t\t\t\t\t\t\t<a href=\"https:\/\/www.kaufland.de\/?msclkid=7dd30903928316fbcf3768424dd99688&#038;utm_source=bing&#038;utm_medium=cpc&#038;utm_campaign=BR_B_Kaufland&#038;utm_term=kaufland&#038;utm_content=B_Kaufland%20Exact\" target=\"_blank\" aria-label=\"kaufland\">\n\t\t\t\t\t\t\t<img loading=\"lazy\" decoding=\"async\" width=\"240\" height=\"180\" src=\"https:\/\/armorallcdnimage.imgix.net\/de\/wp-content\/uploads\/sites\/13\/2025\/08\/imgi_18_KauflandColour.png?auto=format%2Ccompress\" class=\"attachment-full size-full wp-image-11233\" alt=\"\" \/>\t\t\t\t\t\t\t\t<\/a>\n\t\t\t\t\t\t\t\t\t\t\t\t\t\t\t<\/div>\n\t\t\t\t<\/div>\n\t\t\t\t<div class=\"elementor-element elementor-element-d88e67f elementor-widget elementor-widget-image\" data-id=\"d88e67f\" data-element_type=\"widget\" data-e-type=\"widget\" data-widget_type=\"image.default\">\n\t\t\t\t<div class=\"elementor-widget-container\">\n\t\t\t\t\t\t\t\t\t\t\t\t\t\t\t\t<a href=\"https:\/\/www.kfzteile24.de\/\" target=\"_blank\" aria-label=\"kfzteile\">\n\t\t\t\t\t\t\t<img loading=\"lazy\" decoding=\"async\" width=\"240\" height=\"180\" src=\"https:\/\/armorallcdnimage.imgix.net\/de\/wp-content\/uploads\/sites\/13\/2025\/08\/imgi_19_Kfzteile24Colour.png?auto=format%2Ccompress\" class=\"attachment-full size-full wp-image-11234\" alt=\"\" \/>\t\t\t\t\t\t\t\t<\/a>\n\t\t\t\t\t\t\t\t\t\t\t\t\t\t\t<\/div>\n\t\t\t\t<\/div>\n\t\t\t\t<div class=\"elementor-element elementor-element-b7f0d11 elementor-widget elementor-widget-image\" data-id=\"b7f0d11\" data-element_type=\"widget\" data-e-type=\"widget\" data-widget_type=\"image.default\">\n\t\t\t\t<div class=\"elementor-widget-container\">\n\t\t\t\t\t\t\t\t\t\t\t\t\t\t\t\t<a href=\"https:\/\/www.obi.de\/\" target=\"_blank\" aria-label=\"OBI\">\n\t\t\t\t\t\t\t<img loading=\"lazy\" decoding=\"async\" width=\"240\" height=\"180\" src=\"https:\/\/armorallcdnimage.imgix.net\/de\/wp-content\/uploads\/sites\/13\/2025\/08\/imgi_20_OBIColour.png?auto=format%2Ccompress\" class=\"attachment-full size-full wp-image-11235\" alt=\"\" \/>\t\t\t\t\t\t\t\t<\/a>\n\t\t\t\t\t\t\t\t\t\t\t\t\t\t\t<\/div>\n\t\t\t\t<\/div>\n\t\t\t\t<div class=\"elementor-element elementor-element-6d04187 elementor-widget elementor-widget-image\" data-id=\"6d04187\" data-element_type=\"widget\" data-e-type=\"widget\" data-widget_type=\"image.default\">\n\t\t\t\t<div class=\"elementor-widget-container\">\n\t\t\t\t\t\t\t\t\t\t\t\t\t\t\t\t<a href=\"https:\/\/toom.de\/\" target=\"_blank\" aria-label=\"toom\">\n\t\t\t\t\t\t\t<img loading=\"lazy\" decoding=\"async\" width=\"240\" height=\"180\" src=\"https:\/\/armorallcdnimage.imgix.net\/de\/wp-content\/uploads\/sites\/13\/2025\/08\/imgi_21_ToomColour.png?auto=format%2Ccompress\" class=\"attachment-full size-full wp-image-11236\" alt=\"\" \/>\t\t\t\t\t\t\t\t<\/a>\n\t\t\t\t\t\t\t\t\t\t\t\t\t\t\t<\/div>\n\t\t\t\t<\/div>\n\t\t\t\t<div class=\"elementor-element elementor-element-912733c elementor-widget elementor-widget-image\" data-id=\"912733c\" data-element_type=\"widget\" data-e-type=\"widget\" data-widget_type=\"image.default\">\n\t\t\t\t<div class=\"elementor-widget-container\">\n\t\t\t\t\t\t\t\t\t\t\t\t\t\t\t\t<a href=\"https:\/\/www.v-markt.de\/\" target=\"_blank\" aria-label=\"v-markt\">\n\t\t\t\t\t\t\t<img loading=\"lazy\" decoding=\"async\" width=\"326\" height=\"82\" src=\"https:\/\/armorallcdnimage.imgix.net\/de\/wp-content\/uploads\/sites\/13\/2025\/08\/imgi_22_Logo.png?auto=format%2Ccompress\" class=\"attachment-full size-full wp-image-11237\" alt=\"\" srcset=\"https:\/\/armorallcdnimage.imgix.net\/de\/wp-content\/uploads\/sites\/13\/2025\/08\/imgi_22_Logo.png?auto=format%2Ccompress&amp;w=326 326w, https:\/\/armorallcdnimage.imgix.net\/de\/wp-content\/uploads\/sites\/13\/2025\/08\/imgi_22_Logo.png?auto=format%2Ccompress&amp;w=300 300w\" sizes=\"(max-width: 326px) 100vw, 326px\" \/>\t\t\t\t\t\t\t\t<\/a>\n\t\t\t\t\t\t\t\t\t\t\t\t\t\t\t<\/div>\n\t\t\t\t<\/div>\n\t\t\t\t<\/div>\n\t\t\t\t<\/div>\n\t\t\t\t\t<\/div>\n\t\t\t\t<\/div>\n\t\t\t\t<\/div>\n\t\t","protected":false},"excerpt":{"rendered":"<p>Finden Sie Armor-All-Autoreinigungsprodukte bei H\u00e4ndlern in der N\u00e4he. Unsere H\u00e4ndler vor Ort<\/p>\n","protected":false},"author":1,"featured_media":0,"parent":0,"menu_order":0,"comment_status":"closed","ping_status":"closed","template":"elementor_header_footer","meta":{"_acf_changed":false,"inline_featured_image":false,"footnotes":""},"class_list":["post-4643","page","type-page","status-publish","hentry"],"acf":[],"yoast_head":"<!-- This site is optimized with the Yoast SEO Premium plugin v27.3 (Yoast SEO v27.3) - https:\/\/yoast.com\/product\/yoast-seo-premium-wordpress\/ -->\n<title>H\u00e4ndlersuche | Armor All<\/title>\n<meta name=\"description\" content=\"Unsere H\u00e4ndlersuche-Seite hilft Ihnen, Armor-All\u00ae-Autoreinigungsprodukte beim H\u00e4ndler in der N\u00e4he oder bei einem guten Onlineshop zu finden.\" \/>\n<meta name=\"robots\" content=\"index, follow, max-snippet:-1, max-image-preview:large, max-video-preview:-1\" \/>\n<link rel=\"canonical\" href=\"https:\/\/armorall.com\/de\/handlersuche\/\" \/>\n<meta property=\"og:locale\" content=\"en_US\" \/>\n<meta property=\"og:type\" content=\"article\" \/>\n<meta property=\"og:title\" content=\"H\u00e4ndlersuche\" \/>\n<meta property=\"og:description\" content=\"Unsere H\u00e4ndlersuche-Seite hilft Ihnen, Armor-All\u00ae-Autoreinigungsprodukte beim H\u00e4ndler in der N\u00e4he oder bei einem guten Onlineshop zu finden.\" \/>\n<meta property=\"og:url\" content=\"https:\/\/armorall.com\/de\/handlersuche\/\" \/>\n<meta property=\"og:site_name\" content=\"Armor All - DE\" \/>\n<meta property=\"article:modified_time\" content=\"2026-01-23T14:18:11+00:00\" \/>\n<meta property=\"og:image\" content=\"https:\/\/armorall.com\/de\/wp-content\/uploads\/sites\/13\/2025\/03\/Amazon-2.avif\" \/>\n<meta name=\"twitter:card\" content=\"summary_large_image\" \/>\n<script type=\"application\/ld+json\" class=\"yoast-schema-graph\">{\"@context\":\"https:\\\/\\\/schema.org\",\"@graph\":[{\"@type\":\"WebPage\",\"@id\":\"https:\\\/\\\/armorall.com\\\/de\\\/handlersuche\\\/\",\"url\":\"https:\\\/\\\/armorall.com\\\/de\\\/handlersuche\\\/\",\"name\":\"H\u00e4ndlersuche | Armor All\",\"isPartOf\":{\"@id\":\"https:\\\/\\\/armorall.com\\\/de\\\/#website\"},\"primaryImageOfPage\":{\"@id\":\"https:\\\/\\\/armorall.com\\\/de\\\/handlersuche\\\/#primaryimage\"},\"image\":{\"@id\":\"https:\\\/\\\/armorall.com\\\/de\\\/handlersuche\\\/#primaryimage\"},\"thumbnailUrl\":\"https:\\\/\\\/armorall.com\\\/de\\\/wp-content\\\/uploads\\\/sites\\\/13\\\/2025\\\/03\\\/Amazon-2.avif\",\"datePublished\":\"2025-03-27T12:29:41+00:00\",\"dateModified\":\"2026-01-23T14:18:11+00:00\",\"description\":\"Unsere H\u00e4ndlersuche-Seite hilft Ihnen, Armor-All\u00ae-Autoreinigungsprodukte beim H\u00e4ndler in der N\u00e4he oder bei einem guten Onlineshop zu finden.\",\"breadcrumb\":{\"@id\":\"https:\\\/\\\/armorall.com\\\/de\\\/handlersuche\\\/#breadcrumb\"},\"inLanguage\":\"en-US\",\"potentialAction\":[{\"@type\":\"ReadAction\",\"target\":[\"https:\\\/\\\/armorall.com\\\/de\\\/handlersuche\\\/\"]}]},{\"@type\":\"ImageObject\",\"inLanguage\":\"en-US\",\"@id\":\"https:\\\/\\\/armorall.com\\\/de\\\/handlersuche\\\/#primaryimage\",\"url\":\"https:\\\/\\\/armorall.com\\\/de\\\/wp-content\\\/uploads\\\/sites\\\/13\\\/2025\\\/03\\\/Amazon-2.avif\",\"contentUrl\":\"https:\\\/\\\/armorall.com\\\/de\\\/wp-content\\\/uploads\\\/sites\\\/13\\\/2025\\\/03\\\/Amazon-2.avif\",\"width\":259,\"height\":194},{\"@type\":\"BreadcrumbList\",\"@id\":\"https:\\\/\\\/armorall.com\\\/de\\\/handlersuche\\\/#breadcrumb\",\"itemListElement\":[{\"@type\":\"ListItem\",\"position\":1,\"name\":\"Home\",\"item\":\"https:\\\/\\\/armorall.com\\\/de\\\/\"},{\"@type\":\"ListItem\",\"position\":2,\"name\":\"H\u00e4ndlersuche\"}]},{\"@type\":\"WebSite\",\"@id\":\"https:\\\/\\\/armorall.com\\\/de\\\/#website\",\"url\":\"https:\\\/\\\/armorall.com\\\/de\\\/\",\"name\":\"Armor All\",\"description\":\"\",\"publisher\":{\"@id\":\"https:\\\/\\\/armorall.com\\\/de\\\/#organization\"},\"potentialAction\":[{\"@type\":\"SearchAction\",\"target\":{\"@type\":\"EntryPoint\",\"urlTemplate\":\"https:\\\/\\\/armorall.com\\\/de\\\/?s={search_term_string}\"},\"query-input\":{\"@type\":\"PropertyValueSpecification\",\"valueRequired\":true,\"valueName\":\"search_term_string\"}}],\"inLanguage\":\"en-US\"},{\"@type\":\"Organization\",\"@id\":\"https:\\\/\\\/armorall.com\\\/de\\\/#organization\",\"name\":\"ArmorAll\",\"url\":\"https:\\\/\\\/armorall.com\\\/de\\\/\",\"logo\":{\"@type\":\"ImageObject\",\"inLanguage\":\"en-US\",\"@id\":\"https:\\\/\\\/armorall.com\\\/de\\\/#\\\/schema\\\/logo\\\/image\\\/\",\"url\":\"https:\\\/\\\/armorall.com\\\/de\\\/wp-content\\\/uploads\\\/sites\\\/13\\\/2025\\\/03\\\/AA-Logo.avif\",\"contentUrl\":\"https:\\\/\\\/armorall.com\\\/de\\\/wp-content\\\/uploads\\\/sites\\\/13\\\/2025\\\/03\\\/AA-Logo.avif\",\"width\":300,\"height\":175,\"caption\":\"ArmorAll\"},\"image\":{\"@id\":\"https:\\\/\\\/armorall.com\\\/de\\\/#\\\/schema\\\/logo\\\/image\\\/\"}}]}<\/script>\n<!-- \/ Yoast SEO Premium plugin. -->","yoast_head_json":{"title":"H\u00e4ndlersuche | Armor All","description":"Unsere H\u00e4ndlersuche-Seite hilft Ihnen, Armor-All\u00ae-Autoreinigungsprodukte beim H\u00e4ndler in der N\u00e4he oder bei einem guten Onlineshop zu finden.","robots":{"index":"index","follow":"follow","max-snippet":"max-snippet:-1","max-image-preview":"max-image-preview:large","max-video-preview":"max-video-preview:-1"},"canonical":"https:\/\/armorall.com\/de\/handlersuche\/","og_locale":"en_US","og_type":"article","og_title":"H\u00e4ndlersuche","og_description":"Unsere H\u00e4ndlersuche-Seite hilft Ihnen, Armor-All\u00ae-Autoreinigungsprodukte beim H\u00e4ndler in der N\u00e4he oder bei einem guten Onlineshop zu finden.","og_url":"https:\/\/armorall.com\/de\/handlersuche\/","og_site_name":"Armor All - DE","article_modified_time":"2026-01-23T14:18:11+00:00","og_image":[{"url":"https:\/\/armorall.com\/de\/wp-content\/uploads\/sites\/13\/2025\/03\/Amazon-2.avif","type":"","width":"","height":""}],"twitter_card":"summary_large_image","schema":{"@context":"https:\/\/schema.org","@graph":[{"@type":"WebPage","@id":"https:\/\/armorall.com\/de\/handlersuche\/","url":"https:\/\/armorall.com\/de\/handlersuche\/","name":"H\u00e4ndlersuche | Armor All","isPartOf":{"@id":"https:\/\/armorall.com\/de\/#website"},"primaryImageOfPage":{"@id":"https:\/\/armorall.com\/de\/handlersuche\/#primaryimage"},"image":{"@id":"https:\/\/armorall.com\/de\/handlersuche\/#primaryimage"},"thumbnailUrl":"https:\/\/armorall.com\/de\/wp-content\/uploads\/sites\/13\/2025\/03\/Amazon-2.avif","datePublished":"2025-03-27T12:29:41+00:00","dateModified":"2026-01-23T14:18:11+00:00","description":"Unsere H\u00e4ndlersuche-Seite hilft Ihnen, Armor-All\u00ae-Autoreinigungsprodukte beim H\u00e4ndler in der N\u00e4he oder bei einem guten Onlineshop zu finden.","breadcrumb":{"@id":"https:\/\/armorall.com\/de\/handlersuche\/#breadcrumb"},"inLanguage":"en-US","potentialAction":[{"@type":"ReadAction","target":["https:\/\/armorall.com\/de\/handlersuche\/"]}]},{"@type":"ImageObject","inLanguage":"en-US","@id":"https:\/\/armorall.com\/de\/handlersuche\/#primaryimage","url":"https:\/\/armorall.com\/de\/wp-content\/uploads\/sites\/13\/2025\/03\/Amazon-2.avif","contentUrl":"https:\/\/armorall.com\/de\/wp-content\/uploads\/sites\/13\/2025\/03\/Amazon-2.avif","width":259,"height":194},{"@type":"BreadcrumbList","@id":"https:\/\/armorall.com\/de\/handlersuche\/#breadcrumb","itemListElement":[{"@type":"ListItem","position":1,"name":"Home","item":"https:\/\/armorall.com\/de\/"},{"@type":"ListItem","position":2,"name":"H\u00e4ndlersuche"}]},{"@type":"WebSite","@id":"https:\/\/armorall.com\/de\/#website","url":"https:\/\/armorall.com\/de\/","name":"Armor All","description":"","publisher":{"@id":"https:\/\/armorall.com\/de\/#organization"},"potentialAction":[{"@type":"SearchAction","target":{"@type":"EntryPoint","urlTemplate":"https:\/\/armorall.com\/de\/?s={search_term_string}"},"query-input":{"@type":"PropertyValueSpecification","valueRequired":true,"valueName":"search_term_string"}}],"inLanguage":"en-US"},{"@type":"Organization","@id":"https:\/\/armorall.com\/de\/#organization","name":"ArmorAll","url":"https:\/\/armorall.com\/de\/","logo":{"@type":"ImageObject","inLanguage":"en-US","@id":"https:\/\/armorall.com\/de\/#\/schema\/logo\/image\/","url":"https:\/\/armorall.com\/de\/wp-content\/uploads\/sites\/13\/2025\/03\/AA-Logo.avif","contentUrl":"https:\/\/armorall.com\/de\/wp-content\/uploads\/sites\/13\/2025\/03\/AA-Logo.avif","width":300,"height":175,"caption":"ArmorAll"},"image":{"@id":"https:\/\/armorall.com\/de\/#\/schema\/logo\/image\/"}}]}},"_links":{"self":[{"href":"https:\/\/armorall.com\/de\/wp-json\/wp\/v2\/pages\/4643","targetHints":{"allow":["GET"]}}],"collection":[{"href":"https:\/\/armorall.com\/de\/wp-json\/wp\/v2\/pages"}],"about":[{"href":"https:\/\/armorall.com\/de\/wp-json\/wp\/v2\/types\/page"}],"author":[{"embeddable":true,"href":"https:\/\/armorall.com\/de\/wp-json\/wp\/v2\/users\/1"}],"replies":[{"embeddable":true,"href":"https:\/\/armorall.com\/de\/wp-json\/wp\/v2\/comments?post=4643"}],"version-history":[{"count":35,"href":"https:\/\/armorall.com\/de\/wp-json\/wp\/v2\/pages\/4643\/revisions"}],"predecessor-version":[{"id":11795,"href":"https:\/\/armorall.com\/de\/wp-json\/wp\/v2\/pages\/4643\/revisions\/11795"}],"wp:attachment":[{"href":"https:\/\/armorall.com\/de\/wp-json\/wp\/v2\/media?parent=4643"}],"curies":[{"name":"wp","href":"https:\/\/api.w.org\/{rel}","templated":true}]}}