{"id":9137,"date":"2025-07-09T16:07:01","date_gmt":"2025-07-09T10:37:01","guid":{"rendered":"https:\/\/4b2c8fe15a.nxcli.io\/de\/?page_id=9137"},"modified":"2026-01-23T19:58:44","modified_gmt":"2026-01-23T14:28:44","slug":"oracle-red-bull-racing","status":"publish","type":"page","link":"https:\/\/armorall.com\/de\/uber-uns\/partnerschaften\/oracle-red-bull-racing\/","title":{"rendered":"Oracle Red Bull Racing"},"content":{"rendered":"\t\t<div data-elementor-type=\"wp-page\" data-elementor-id=\"9137\" class=\"elementor elementor-9137\" data-elementor-post-type=\"page\">\n\t\t\t\t<div class=\"elementor-element elementor-element-4d361d3 arm-header e-flex e-con-boxed e-con e-parent\" data-id=\"4d361d3\" data-element_type=\"container\" data-e-type=\"container\" data-settings=\"{&quot;background_background&quot;:&quot;classic&quot;,&quot;shape_divider_bottom&quot;:&quot;tilt&quot;}\">\n\t\t\t\t\t<div class=\"e-con-inner\">\n\t\t\t\t<div class=\"elementor-shape elementor-shape-bottom\" aria-hidden=\"true\" data-negative=\"false\">\n\t\t\t<svg xmlns=\"http:\/\/www.w3.org\/2000\/svg\" viewBox=\"0 0 1000 100\" preserveAspectRatio=\"none\">\n\t<path class=\"elementor-shape-fill\" d=\"M0,6V0h1000v100L0,6z\"\/>\n<\/svg>\t\t<\/div>\n\t\t<div class=\"elementor-element elementor-element-04013b5 e-flex e-con-boxed e-con e-child\" data-id=\"04013b5\" data-element_type=\"container\" data-e-type=\"container\">\n\t\t\t\t\t<div class=\"e-con-inner\">\n\t\t\t\t<div class=\"elementor-element elementor-element-13af1ab elementor-widget elementor-widget-breadcrumbs\" data-id=\"13af1ab\" data-element_type=\"widget\" data-e-type=\"widget\" data-widget_type=\"breadcrumbs.default\">\n\t\t\t\t<div class=\"elementor-widget-container\">\n\t\t\t\t\t<p id=\"breadcrumbs\"><span><span><a href=\"https:\/\/armorall.com\/de\/\">Home<\/a><\/span><\/span><\/p>\t\t\t\t<\/div>\n\t\t\t\t<\/div>\n\t\t\t\t<div class=\"elementor-element elementor-element-8d0b156 elementor-widget elementor-widget-text-editor\" data-id=\"8d0b156\" data-element_type=\"widget\" data-e-type=\"widget\" data-widget_type=\"text-editor.default\">\n\t\t\t\t<div class=\"elementor-widget-container\">\n\t\t\t\t\t\t\t\t\t<div class=\"col\"><p>Wir freuen uns, Oracle Red Bull Racing, das viermalige Formel-1-Weltmeisterteam, als offiziellen Partner f\u00fcr Autoreinigung und -pflege unterst\u00fctzen zu k\u00f6nnen. Aufbauend auf der Geschichte von Innovationen bei Armor All\u00ae, werden wir mit Oracle Red Bull Racing zusammenarbeiten, um M\u00f6glichkeiten rund um die Entwicklung neuer Produkte zu erkunden.<\/p><\/div><div class=\"col\"><picture><source srcset=\"https:\/\/armorallimagecdn.imgix.net\/wp-content\/uploads\/2022\/02\/AA_JensonButton_Q4-FY21_LandscapeKeyVisual_US-scaled.jpg?auto=format%2Ccompress\" media=\"(min-width: 800px)\" \/><\/picture><\/div>\t\t\t\t\t\t\t\t<\/div>\n\t\t\t\t<\/div>\n\t\t\t\t\t<\/div>\n\t\t\t\t<\/div>\n\t\t<div class=\"elementor-element elementor-element-560f990 e-con-full e-flex e-con e-child\" data-id=\"560f990\" data-element_type=\"container\" data-e-type=\"container\">\n\t\t\t\t<div class=\"elementor-element elementor-element-0872dcc elementor-widget elementor-widget-image\" data-id=\"0872dcc\" data-element_type=\"widget\" data-e-type=\"widget\" data-widget_type=\"image.default\">\n\t\t\t\t<div class=\"elementor-widget-container\">\n\t\t\t\t\t\t\t\t\t\t\t\t\t\t\t<img fetchpriority=\"high\" decoding=\"async\" width=\"1832\" height=\"651\" src=\"https:\/\/armorallcdnimage.imgix.net\/de\/wp-content\/uploads\/sites\/13\/2025\/08\/imgi_35_FY23_AA_ORBR_teampartnerlockup_landscape_bluebackground.jpg?auto=format%2Ccompress\" class=\"attachment-full size-full wp-image-11380\" alt=\"\" srcset=\"https:\/\/armorallcdnimage.imgix.net\/de\/wp-content\/uploads\/sites\/13\/2025\/08\/imgi_35_FY23_AA_ORBR_teampartnerlockup_landscape_bluebackground.jpg?auto=format%2Ccompress&amp;w=1832 1832w, https:\/\/armorallcdnimage.imgix.net\/de\/wp-content\/uploads\/sites\/13\/2025\/08\/imgi_35_FY23_AA_ORBR_teampartnerlockup_landscape_bluebackground.jpg?auto=format%2Ccompress&amp;w=300 300w, https:\/\/armorallcdnimage.imgix.net\/de\/wp-content\/uploads\/sites\/13\/2025\/08\/imgi_35_FY23_AA_ORBR_teampartnerlockup_landscape_bluebackground.jpg?auto=format%2Ccompress&amp;w=1024 1024w, https:\/\/armorallcdnimage.imgix.net\/de\/wp-content\/uploads\/sites\/13\/2025\/08\/imgi_35_FY23_AA_ORBR_teampartnerlockup_landscape_bluebackground.jpg?auto=format%2Ccompress&amp;w=768 768w, https:\/\/armorallcdnimage.imgix.net\/de\/wp-content\/uploads\/sites\/13\/2025\/08\/imgi_35_FY23_AA_ORBR_teampartnerlockup_landscape_bluebackground.jpg?auto=format%2Ccompress&amp;w=1536 1536w\" sizes=\"(max-width: 1832px) 100vw, 1832px\" \/>\t\t\t\t\t\t\t\t\t\t\t\t\t\t\t<\/div>\n\t\t\t\t<\/div>\n\t\t\t\t<\/div>\n\t\t\t\t\t<\/div>\n\t\t\t\t<\/div>\n\t\t<div class=\"elementor-element elementor-element-0fa7387 e-flex e-con-boxed e-con e-child\" data-id=\"0fa7387\" data-element_type=\"container\" data-e-type=\"container\">\n\t\t\t\t\t<div class=\"e-con-inner\">\n\t\t\t\t<div class=\"elementor-element elementor-element-e5b85d8 elementor-widget elementor-widget-heading\" data-id=\"e5b85d8\" data-element_type=\"widget\" data-e-type=\"widget\" data-widget_type=\"heading.default\">\n\t\t\t\t<div class=\"elementor-widget-container\">\n\t\t\t\t\t<h3 class=\"elementor-heading-title elementor-size-default\">ARMOR ALL\u00ae X ORACLE RED BULL RACING<\/h3>\t\t\t\t<\/div>\n\t\t\t\t<\/div>\n\t\t\t\t<div class=\"elementor-element elementor-element-4b63ad4 elementor-widget__width-initial elementor-widget elementor-widget-heading\" data-id=\"4b63ad4\" data-element_type=\"widget\" data-e-type=\"widget\" data-widget_type=\"heading.default\">\n\t\t\t\t<div class=\"elementor-widget-container\">\n\t\t\t\t\t<h1 class=\"elementor-heading-title elementor-size-default\">Sie ben\u00f6tigen Reinigungsprodukte, die einfach anzuwenden sind und \u00fcberzeugen? Dann w\u00e4hlen Sie Armor All, den Partner f\u00fcr Autoreinigungen von Oracle Red Bull Racing.<\/h1>\t\t\t\t<\/div>\n\t\t\t\t<\/div>\n\t\t\t\t<div class=\"elementor-element elementor-element-6cbf547 elementor-widget elementor-widget-video\" data-id=\"6cbf547\" data-element_type=\"widget\" data-e-type=\"widget\" data-settings=\"{&quot;youtube_url&quot;:&quot;https:\\\/\\\/youtu.be\\\/pQAraQW4aww&quot;,&quot;video_type&quot;:&quot;youtube&quot;,&quot;controls&quot;:&quot;yes&quot;}\" data-widget_type=\"video.default\">\n\t\t\t\t<div class=\"elementor-widget-container\">\n\t\t\t\t\t\t\t<div class=\"elementor-wrapper elementor-open-inline\">\n\t\t\t<div class=\"elementor-video\"><\/div>\t\t<\/div>\n\t\t\t\t\t\t<\/div>\n\t\t\t\t<\/div>\n\t\t\t\t\t<\/div>\n\t\t\t\t<\/div>\n\t\t<div class=\"elementor-element elementor-element-8976441 e-flex e-con-boxed e-con e-parent\" data-id=\"8976441\" data-element_type=\"container\" data-e-type=\"container\">\n\t\t\t\t\t<div class=\"e-con-inner\">\n\t\t<div class=\"elementor-element elementor-element-cef748b e-flex e-con-boxed e-con e-child\" data-id=\"cef748b\" data-element_type=\"container\" data-e-type=\"container\" data-settings=\"{&quot;background_background&quot;:&quot;classic&quot;}\">\n\t\t\t\t\t<div class=\"e-con-inner\">\n\t\t\t\t<div class=\"elementor-element elementor-element-2ffa969 h1 elementor-widget elementor-widget-testimonial\" data-id=\"2ffa969\" data-element_type=\"widget\" data-e-type=\"widget\" id=\"h1\" data-widget_type=\"testimonial.default\">\n\t\t\t\t<div class=\"elementor-widget-container\">\n\t\t\t\t\t\t\t<div class=\"elementor-testimonial-wrapper\">\n\t\t\t\t\t\t\t<div class=\"elementor-testimonial-content\">Wir freuen uns, Armor All\u00ae im Team begr\u00fc\u00dfen zu d\u00fcrfen \u2013 eine Marke, die uns sehr \u00e4hnlich ist und einen starken Fokus auf Innovation, Entwicklung und Herstellung von Hochleistungsprodukten f\u00fcr Menschen setzt, denen ihre Autos am Herzen liegen. Wir freuen uns auf eine starke Partnerschaft und darauf, der Marke Armor All\u00ae eine globale Plattform zu bieten, um ihre Expansion auf dem internationalen Markt voranzutreiben.<\/div>\n\t\t\t\n\t\t\t\t\t\t<div class=\"elementor-testimonial-meta elementor-has-image elementor-testimonial-image-position-aside\">\n\t\t\t\t<div class=\"elementor-testimonial-meta-inner\">\n\t\t\t\t\t\t\t\t\t\t\t<div class=\"elementor-testimonial-image\">\n\t\t\t\t\t\t\t<img decoding=\"async\" width=\"60\" height=\"60\" src=\"https:\/\/armorall.com\/de\/wp-content\/uploads\/sites\/13\/2025\/07\/profile.avif\" class=\"attachment-full size-full wp-image-9140\" alt=\"\" \/>\t\t\t\t\t\t<\/div>\n\t\t\t\t\t\n\t\t\t\t\t\t\t\t\t\t<div class=\"elementor-testimonial-details\">\n\t\t\t\t\t\t\t\t\t\t\t\t\t\t<div class=\"elementor-testimonial-name\">CHRISTIAN HORNER OBE<\/div>\n\t\t\t\t\t\t\t\t\t\t\t\t\t\t\t\t\t\t\t\t\t\t<div class=\"elementor-testimonial-job\">Oracle Red Bull Racing, Team Principal<\/div>\n\t\t\t\t\t\t\t\t\t\t\t\t\t<\/div>\n\t\t\t\t\t\t\t\t\t<\/div>\n\t\t\t<\/div>\n\t\t\t\t\t<\/div>\n\t\t\t\t\t\t<\/div>\n\t\t\t\t<\/div>\n\t\t\t\t\t<\/div>\n\t\t\t\t<\/div>\n\t\t\t\t\t<\/div>\n\t\t\t\t<\/div>\n\t\t<div class=\"elementor-element elementor-element-dee2586 e-flex e-con-boxed e-con e-child\" data-id=\"dee2586\" data-element_type=\"container\" data-e-type=\"container\">\n\t\t\t\t\t<div class=\"e-con-inner\">\n\t\t\t\t<div class=\"elementor-element elementor-element-518e8f5 elementor-widget elementor-widget-heading\" data-id=\"518e8f5\" data-element_type=\"widget\" data-e-type=\"widget\" data-widget_type=\"heading.default\">\n\t\t\t\t<div class=\"elementor-widget-container\">\n\t\t\t\t\t<h3 class=\"elementor-heading-title elementor-size-default\">Armor All\u00ae &amp; Die Red Bull Racing Pit-Crew\n<\/h3>\t\t\t\t<\/div>\n\t\t\t\t<\/div>\n\t\t\t\t<div class=\"elementor-element elementor-element-480ee78 elementor-widget__width-initial elementor-widget elementor-widget-heading\" data-id=\"480ee78\" data-element_type=\"widget\" data-e-type=\"widget\" data-widget_type=\"heading.default\">\n\t\t\t\t<div class=\"elementor-widget-container\">\n\t\t\t\t\t<h1 class=\"elementor-heading-title elementor-size-default\">Der offizielle Partner f\u00fcr Autoreinigung und -pflege von Oracle Red Bull Racing\n<\/h1>\t\t\t\t<\/div>\n\t\t\t\t<\/div>\n\t\t\t\t<div class=\"elementor-element elementor-element-b147655 elementor-widget elementor-widget-video\" data-id=\"b147655\" data-element_type=\"widget\" data-e-type=\"widget\" data-settings=\"{&quot;youtube_url&quot;:&quot;https:\\\/\\\/youtu.be\\\/0BFGNZTInCc&quot;,&quot;video_type&quot;:&quot;youtube&quot;,&quot;controls&quot;:&quot;yes&quot;}\" data-widget_type=\"video.default\">\n\t\t\t\t<div class=\"elementor-widget-container\">\n\t\t\t\t\t\t\t<div class=\"elementor-wrapper elementor-open-inline\">\n\t\t\t<div class=\"elementor-video\"><\/div>\t\t<\/div>\n\t\t\t\t\t\t<\/div>\n\t\t\t\t<\/div>\n\t\t\t\t\t<\/div>\n\t\t\t\t<\/div>\n\t\t<div class=\"elementor-element elementor-element-5274c8b white-bottom e-flex e-con-boxed e-con e-child\" data-id=\"5274c8b\" data-element_type=\"container\" data-e-type=\"container\" data-settings=\"{&quot;background_background&quot;:&quot;classic&quot;}\">\n\t\t\t\t\t<div class=\"e-con-inner\">\n\t\t\t\t<div class=\"elementor-element elementor-element-9bff5f0 elementor-widget elementor-widget-heading\" data-id=\"9bff5f0\" data-element_type=\"widget\" data-e-type=\"widget\" data-widget_type=\"heading.default\">\n\t\t\t\t<div class=\"elementor-widget-container\">\n\t\t\t\t\t<h3 class=\"elementor-heading-title elementor-size-default\">RED BULL RACING X ARMOR ALL<\/h3>\t\t\t\t<\/div>\n\t\t\t\t<\/div>\n\t\t\t\t<div class=\"elementor-element elementor-element-fe38426 elementor-widget elementor-widget-heading\" data-id=\"fe38426\" data-element_type=\"widget\" data-e-type=\"widget\" data-widget_type=\"heading.default\">\n\t\t\t\t<div class=\"elementor-widget-container\">\n\t\t\t\t\t<h1 class=\"elementor-heading-title elementor-size-default\">Vorbereitung ist alles\n<\/h1>\t\t\t\t<\/div>\n\t\t\t\t<\/div>\n\t\t<div class=\"elementor-element elementor-element-5614286 e-con-full e-flex e-con e-child\" data-id=\"5614286\" data-element_type=\"container\" data-e-type=\"container\">\n\t\t<div class=\"elementor-element elementor-element-33fc8f3 e-con-full e-flex e-con e-child\" data-id=\"33fc8f3\" data-element_type=\"container\" data-e-type=\"container\">\n\t\t\t\t<div class=\"elementor-element elementor-element-2202d88 elementor-widget elementor-widget-text-editor\" data-id=\"2202d88\" data-element_type=\"widget\" data-e-type=\"widget\" data-widget_type=\"text-editor.default\">\n\t\t\t\t<div class=\"elementor-widget-container\">\n\t\t\t\t\t\t\t\t\t<p><span style=\"color: #000000;\">Im Formel-1-Rennsport ist die Vorbereitung, \u00e4hnlich wie auf der Stra\u00dfe, alles. Sie unterstreicht, dass jeder Fahrer unabh\u00e4ngig von seinem K\u00f6nnen die beste Pflege f\u00fcr sein Auto w\u00fcnscht. Als Teil unserer Partnerschaft mit Oracle Red Bull Racing wird das Armor-All\u00ae-Branding auf Red-Bull-Racing-Autos, in der Garage und auf den Handschuhen der Teamfahrer Max Verstappen und Sergio Perez getragen. Und was noch wichtiger ist: Unsere Partnerschaft wird sich auch auf Gesch\u00e4fte erstrecken, in denen Armor-All\u00ae-Produkte verkauft werden, auch bei Verbraucheraktionen, die Fans die M\u00f6glichkeit bieten, ein umfassendes Rennerlebnis zu genie\u00dfen.<\/span><\/p>\t\t\t\t\t\t\t\t<\/div>\n\t\t\t\t<\/div>\n\t\t\t\t<\/div>\n\t\t<div class=\"elementor-element elementor-element-c87d6bb e-con-full e-flex e-con e-child\" data-id=\"c87d6bb\" data-element_type=\"container\" data-e-type=\"container\">\n\t\t\t\t<div class=\"elementor-element elementor-element-81d39ed elementor-widget elementor-widget-text-editor\" data-id=\"81d39ed\" data-element_type=\"widget\" data-e-type=\"widget\" data-widget_type=\"text-editor.default\">\n\t\t\t\t<div class=\"elementor-widget-container\">\n\t\t\t\t\t\t\t\t\t<p><span style=\"color: #000000;\">\u201eWir freuen uns sehr, Red Bull Racing als offiziellen Partner des Teams f\u00fcr Autoreinigung und -pflege gewonnen zu haben. Zwei bekannte Marken kommen zusammen, die Wert auf Innovation und hochwertige Leistung legen.\u201c, erl\u00e4utert Lori Shambro, Chief Marketing Officer bei Energizer Holdings, Inc. \u201eDiese Partnerschaft ist bedeutend f\u00fcr Armor All\u00ae. Wir werden alles tun, um unsere Marke mehr Verbrauchern weltweit zug\u00e4nglich zu machen und so Menschen auf der ganzen Welt zu verbinden, die ihre Liebe zu ihren Autos und dem Rennsport teilen.\u201c<\/span><\/p>\t\t\t\t\t\t\t\t<\/div>\n\t\t\t\t<\/div>\n\t\t\t\t<\/div>\n\t\t\t\t<\/div>\n\t\t\t\t\t<\/div>\n\t\t\t\t<\/div>\n\t\t\t\t<\/div>\n\t\t","protected":false},"excerpt":{"rendered":"<p>Wir freuen uns, Oracle Red Bull Racing, das viermalige Formel-1-Weltmeisterteam, als offiziellen Partner f\u00fcr Autoreinigung und -pflege unterst\u00fctzen zu k\u00f6nnen. Aufbauend auf der Geschichte von Innovationen bei Armor All\u00ae, werden wir mit Oracle Red Bull Racing zusammenarbeiten, um M\u00f6glichkeiten rund um die Entwicklung neuer Produkte zu erkunden. ARMOR ALL\u00ae X ORACLE RED BULL RACING Sie [&hellip;]<\/p>\n","protected":false},"author":7,"featured_media":0,"parent":6442,"menu_order":0,"comment_status":"closed","ping_status":"closed","template":"elementor_header_footer","meta":{"_acf_changed":false,"inline_featured_image":false,"footnotes":""},"class_list":["post-9137","page","type-page","status-publish","hentry"],"acf":[],"yoast_head":"<!-- This site is optimized with the Yoast SEO Premium plugin v27.3 (Yoast SEO v27.3) - https:\/\/yoast.com\/product\/yoast-seo-premium-wordpress\/ -->\n<title>Oracle Red Bull Racing | Armor All\u00ae<\/title>\n<meta name=\"description\" content=\"Erfahren Sie mehr \u00fcber unsere Partnerschaft mit Oracle Red Bull Racing \u2013 dem viermaligen Formel-1-Weltmeisterteam.\" \/>\n<meta name=\"robots\" content=\"index, follow, max-snippet:-1, max-image-preview:large, max-video-preview:-1\" \/>\n<link rel=\"canonical\" href=\"https:\/\/armorall.com\/de\/uber-uns\/partnerschaften\/oracle-red-bull-racing\/\" \/>\n<meta property=\"og:locale\" content=\"en_US\" \/>\n<meta property=\"og:type\" content=\"article\" \/>\n<meta property=\"og:title\" content=\"Oracle Red Bull Racing\" \/>\n<meta property=\"og:description\" content=\"Erfahren Sie mehr \u00fcber unsere Partnerschaft mit Oracle Red Bull Racing \u2013 dem viermaligen Formel-1-Weltmeisterteam.\" \/>\n<meta property=\"og:url\" content=\"https:\/\/armorall.com\/de\/uber-uns\/partnerschaften\/oracle-red-bull-racing\/\" \/>\n<meta property=\"og:site_name\" content=\"Armor All - DE\" \/>\n<meta property=\"article:modified_time\" content=\"2026-01-23T14:28:44+00:00\" \/>\n<meta property=\"og:image\" content=\"https:\/\/armorall.com\/de\/wp-content\/uploads\/sites\/13\/2025\/08\/imgi_35_FY23_AA_ORBR_teampartnerlockup_landscape_bluebackground.jpg\" \/>\n<meta name=\"twitter:card\" content=\"summary_large_image\" \/>\n<script type=\"application\/ld+json\" class=\"yoast-schema-graph\">{\"@context\":\"https:\\\/\\\/schema.org\",\"@graph\":[{\"@type\":\"WebPage\",\"@id\":\"https:\\\/\\\/armorall.com\\\/de\\\/uber-uns\\\/partnerschaften\\\/oracle-red-bull-racing\\\/\",\"url\":\"https:\\\/\\\/armorall.com\\\/de\\\/uber-uns\\\/partnerschaften\\\/oracle-red-bull-racing\\\/\",\"name\":\"Oracle Red Bull Racing | Armor All\u00ae\",\"isPartOf\":{\"@id\":\"https:\\\/\\\/armorall.com\\\/de\\\/#website\"},\"primaryImageOfPage\":{\"@id\":\"https:\\\/\\\/armorall.com\\\/de\\\/uber-uns\\\/partnerschaften\\\/oracle-red-bull-racing\\\/#primaryimage\"},\"image\":{\"@id\":\"https:\\\/\\\/armorall.com\\\/de\\\/uber-uns\\\/partnerschaften\\\/oracle-red-bull-racing\\\/#primaryimage\"},\"thumbnailUrl\":\"https:\\\/\\\/armorall.com\\\/de\\\/wp-content\\\/uploads\\\/sites\\\/13\\\/2025\\\/08\\\/imgi_35_FY23_AA_ORBR_teampartnerlockup_landscape_bluebackground.jpg\",\"datePublished\":\"2025-07-09T10:37:01+00:00\",\"dateModified\":\"2026-01-23T14:28:44+00:00\",\"description\":\"Erfahren Sie mehr \u00fcber unsere Partnerschaft mit Oracle Red Bull Racing \u2013 dem viermaligen Formel-1-Weltmeisterteam.\",\"breadcrumb\":{\"@id\":\"https:\\\/\\\/armorall.com\\\/de\\\/uber-uns\\\/partnerschaften\\\/oracle-red-bull-racing\\\/#breadcrumb\"},\"inLanguage\":\"en-US\",\"potentialAction\":[{\"@type\":\"ReadAction\",\"target\":[\"https:\\\/\\\/armorall.com\\\/de\\\/uber-uns\\\/partnerschaften\\\/oracle-red-bull-racing\\\/\"]}]},{\"@type\":\"ImageObject\",\"inLanguage\":\"en-US\",\"@id\":\"https:\\\/\\\/armorall.com\\\/de\\\/uber-uns\\\/partnerschaften\\\/oracle-red-bull-racing\\\/#primaryimage\",\"url\":\"https:\\\/\\\/armorallcdnimage.imgix.net\\\/de\\\/wp-content\\\/uploads\\\/sites\\\/13\\\/2025\\\/08\\\/imgi_35_FY23_AA_ORBR_teampartnerlockup_landscape_bluebackground.jpg?auto=format%2Ccompress\",\"contentUrl\":\"https:\\\/\\\/armorallcdnimage.imgix.net\\\/de\\\/wp-content\\\/uploads\\\/sites\\\/13\\\/2025\\\/08\\\/imgi_35_FY23_AA_ORBR_teampartnerlockup_landscape_bluebackground.jpg?auto=format%2Ccompress\",\"width\":1832,\"height\":651},{\"@type\":\"BreadcrumbList\",\"@id\":\"https:\\\/\\\/armorall.com\\\/de\\\/uber-uns\\\/partnerschaften\\\/oracle-red-bull-racing\\\/#breadcrumb\",\"itemListElement\":[{\"@type\":\"ListItem\",\"position\":1,\"name\":\"Home\",\"item\":\"https:\\\/\\\/armorall.com\\\/de\\\/\"},{\"@type\":\"ListItem\",\"position\":2,\"name\":\"\u00dcber uns\",\"item\":\"https:\\\/\\\/armorall.com\\\/de\\\/uber-uns\\\/\"},{\"@type\":\"ListItem\",\"position\":3,\"name\":\"Partnerschaften\",\"item\":\"https:\\\/\\\/armorall.com\\\/de\\\/uber-uns\\\/partnerschaften\\\/\"},{\"@type\":\"ListItem\",\"position\":4,\"name\":\"Oracle Red Bull Racing\"}]},{\"@type\":\"WebSite\",\"@id\":\"https:\\\/\\\/armorall.com\\\/de\\\/#website\",\"url\":\"https:\\\/\\\/armorall.com\\\/de\\\/\",\"name\":\"Armor All\",\"description\":\"\",\"publisher\":{\"@id\":\"https:\\\/\\\/armorall.com\\\/de\\\/#organization\"},\"potentialAction\":[{\"@type\":\"SearchAction\",\"target\":{\"@type\":\"EntryPoint\",\"urlTemplate\":\"https:\\\/\\\/armorall.com\\\/de\\\/?s={search_term_string}\"},\"query-input\":{\"@type\":\"PropertyValueSpecification\",\"valueRequired\":true,\"valueName\":\"search_term_string\"}}],\"inLanguage\":\"en-US\"},{\"@type\":\"Organization\",\"@id\":\"https:\\\/\\\/armorall.com\\\/de\\\/#organization\",\"name\":\"ArmorAll\",\"url\":\"https:\\\/\\\/armorall.com\\\/de\\\/\",\"logo\":{\"@type\":\"ImageObject\",\"inLanguage\":\"en-US\",\"@id\":\"https:\\\/\\\/armorall.com\\\/de\\\/#\\\/schema\\\/logo\\\/image\\\/\",\"url\":\"https:\\\/\\\/armorall.com\\\/de\\\/wp-content\\\/uploads\\\/sites\\\/13\\\/2025\\\/03\\\/AA-Logo.avif\",\"contentUrl\":\"https:\\\/\\\/armorall.com\\\/de\\\/wp-content\\\/uploads\\\/sites\\\/13\\\/2025\\\/03\\\/AA-Logo.avif\",\"width\":300,\"height\":175,\"caption\":\"ArmorAll\"},\"image\":{\"@id\":\"https:\\\/\\\/armorall.com\\\/de\\\/#\\\/schema\\\/logo\\\/image\\\/\"}}]}<\/script>\n<!-- \/ Yoast SEO Premium plugin. -->","yoast_head_json":{"title":"Oracle Red Bull Racing | Armor All\u00ae","description":"Erfahren Sie mehr \u00fcber unsere Partnerschaft mit Oracle Red Bull Racing \u2013 dem viermaligen Formel-1-Weltmeisterteam.","robots":{"index":"index","follow":"follow","max-snippet":"max-snippet:-1","max-image-preview":"max-image-preview:large","max-video-preview":"max-video-preview:-1"},"canonical":"https:\/\/armorall.com\/de\/uber-uns\/partnerschaften\/oracle-red-bull-racing\/","og_locale":"en_US","og_type":"article","og_title":"Oracle Red Bull Racing","og_description":"Erfahren Sie mehr \u00fcber unsere Partnerschaft mit Oracle Red Bull Racing \u2013 dem viermaligen Formel-1-Weltmeisterteam.","og_url":"https:\/\/armorall.com\/de\/uber-uns\/partnerschaften\/oracle-red-bull-racing\/","og_site_name":"Armor All - DE","article_modified_time":"2026-01-23T14:28:44+00:00","og_image":[{"url":"https:\/\/armorall.com\/de\/wp-content\/uploads\/sites\/13\/2025\/08\/imgi_35_FY23_AA_ORBR_teampartnerlockup_landscape_bluebackground.jpg","type":"","width":"","height":""}],"twitter_card":"summary_large_image","schema":{"@context":"https:\/\/schema.org","@graph":[{"@type":"WebPage","@id":"https:\/\/armorall.com\/de\/uber-uns\/partnerschaften\/oracle-red-bull-racing\/","url":"https:\/\/armorall.com\/de\/uber-uns\/partnerschaften\/oracle-red-bull-racing\/","name":"Oracle Red Bull Racing | Armor All\u00ae","isPartOf":{"@id":"https:\/\/armorall.com\/de\/#website"},"primaryImageOfPage":{"@id":"https:\/\/armorall.com\/de\/uber-uns\/partnerschaften\/oracle-red-bull-racing\/#primaryimage"},"image":{"@id":"https:\/\/armorall.com\/de\/uber-uns\/partnerschaften\/oracle-red-bull-racing\/#primaryimage"},"thumbnailUrl":"https:\/\/armorall.com\/de\/wp-content\/uploads\/sites\/13\/2025\/08\/imgi_35_FY23_AA_ORBR_teampartnerlockup_landscape_bluebackground.jpg","datePublished":"2025-07-09T10:37:01+00:00","dateModified":"2026-01-23T14:28:44+00:00","description":"Erfahren Sie mehr \u00fcber unsere Partnerschaft mit Oracle Red Bull Racing \u2013 dem viermaligen Formel-1-Weltmeisterteam.","breadcrumb":{"@id":"https:\/\/armorall.com\/de\/uber-uns\/partnerschaften\/oracle-red-bull-racing\/#breadcrumb"},"inLanguage":"en-US","potentialAction":[{"@type":"ReadAction","target":["https:\/\/armorall.com\/de\/uber-uns\/partnerschaften\/oracle-red-bull-racing\/"]}]},{"@type":"ImageObject","inLanguage":"en-US","@id":"https:\/\/armorall.com\/de\/uber-uns\/partnerschaften\/oracle-red-bull-racing\/#primaryimage","url":"https:\/\/armorallcdnimage.imgix.net\/de\/wp-content\/uploads\/sites\/13\/2025\/08\/imgi_35_FY23_AA_ORBR_teampartnerlockup_landscape_bluebackground.jpg?auto=format%2Ccompress","contentUrl":"https:\/\/armorallcdnimage.imgix.net\/de\/wp-content\/uploads\/sites\/13\/2025\/08\/imgi_35_FY23_AA_ORBR_teampartnerlockup_landscape_bluebackground.jpg?auto=format%2Ccompress","width":1832,"height":651},{"@type":"BreadcrumbList","@id":"https:\/\/armorall.com\/de\/uber-uns\/partnerschaften\/oracle-red-bull-racing\/#breadcrumb","itemListElement":[{"@type":"ListItem","position":1,"name":"Home","item":"https:\/\/armorall.com\/de\/"},{"@type":"ListItem","position":2,"name":"\u00dcber uns","item":"https:\/\/armorall.com\/de\/uber-uns\/"},{"@type":"ListItem","position":3,"name":"Partnerschaften","item":"https:\/\/armorall.com\/de\/uber-uns\/partnerschaften\/"},{"@type":"ListItem","position":4,"name":"Oracle Red Bull Racing"}]},{"@type":"WebSite","@id":"https:\/\/armorall.com\/de\/#website","url":"https:\/\/armorall.com\/de\/","name":"Armor All","description":"","publisher":{"@id":"https:\/\/armorall.com\/de\/#organization"},"potentialAction":[{"@type":"SearchAction","target":{"@type":"EntryPoint","urlTemplate":"https:\/\/armorall.com\/de\/?s={search_term_string}"},"query-input":{"@type":"PropertyValueSpecification","valueRequired":true,"valueName":"search_term_string"}}],"inLanguage":"en-US"},{"@type":"Organization","@id":"https:\/\/armorall.com\/de\/#organization","name":"ArmorAll","url":"https:\/\/armorall.com\/de\/","logo":{"@type":"ImageObject","inLanguage":"en-US","@id":"https:\/\/armorall.com\/de\/#\/schema\/logo\/image\/","url":"https:\/\/armorall.com\/de\/wp-content\/uploads\/sites\/13\/2025\/03\/AA-Logo.avif","contentUrl":"https:\/\/armorall.com\/de\/wp-content\/uploads\/sites\/13\/2025\/03\/AA-Logo.avif","width":300,"height":175,"caption":"ArmorAll"},"image":{"@id":"https:\/\/armorall.com\/de\/#\/schema\/logo\/image\/"}}]}},"_links":{"self":[{"href":"https:\/\/armorall.com\/de\/wp-json\/wp\/v2\/pages\/9137","targetHints":{"allow":["GET"]}}],"collection":[{"href":"https:\/\/armorall.com\/de\/wp-json\/wp\/v2\/pages"}],"about":[{"href":"https:\/\/armorall.com\/de\/wp-json\/wp\/v2\/types\/page"}],"author":[{"embeddable":true,"href":"https:\/\/armorall.com\/de\/wp-json\/wp\/v2\/users\/7"}],"replies":[{"embeddable":true,"href":"https:\/\/armorall.com\/de\/wp-json\/wp\/v2\/comments?post=9137"}],"version-history":[{"count":20,"href":"https:\/\/armorall.com\/de\/wp-json\/wp\/v2\/pages\/9137\/revisions"}],"predecessor-version":[{"id":11807,"href":"https:\/\/armorall.com\/de\/wp-json\/wp\/v2\/pages\/9137\/revisions\/11807"}],"up":[{"embeddable":true,"href":"https:\/\/armorall.com\/de\/wp-json\/wp\/v2\/pages\/6442"}],"wp:attachment":[{"href":"https:\/\/armorall.com\/de\/wp-json\/wp\/v2\/media?parent=9137"}],"curies":[{"name":"wp","href":"https:\/\/api.w.org\/{rel}","templated":true}]}}