{"id":4390,"date":"2025-03-25T11:54:28","date_gmt":"2025-03-25T06:24:28","guid":{"rendered":"https:\/\/4b2c8fe15a.nxcli.io\/es\/?page_id=4390"},"modified":"2026-01-16T14:29:02","modified_gmt":"2026-01-16T08:59:02","slug":"consejos-para-exteriores","status":"publish","type":"page","link":"https:\/\/armorall.com\/es\/ayuda-y-consejos\/consejos-para-exteriores\/","title":{"rendered":"Consejos para Exteriores"},"content":{"rendered":"\t\t<div data-elementor-type=\"wp-page\" data-elementor-id=\"4390\" class=\"elementor elementor-4390\" data-elementor-post-type=\"page\">\n\t\t\t\t<div class=\"elementor-element elementor-element-508e1d9 arm-header e-flex e-con-boxed e-con e-parent\" data-id=\"508e1d9\" data-element_type=\"container\" data-e-type=\"container\" data-settings=\"{&quot;background_background&quot;:&quot;classic&quot;,&quot;shape_divider_bottom&quot;:&quot;tilt&quot;}\">\n\t\t\t\t\t<div class=\"e-con-inner\">\n\t\t\t\t<div class=\"elementor-shape elementor-shape-bottom\" aria-hidden=\"true\" data-negative=\"false\">\n\t\t\t<svg xmlns=\"http:\/\/www.w3.org\/2000\/svg\" viewBox=\"0 0 1000 100\" preserveAspectRatio=\"none\">\n\t<path class=\"elementor-shape-fill\" d=\"M0,6V0h1000v100L0,6z\"\/>\n<\/svg>\t\t<\/div>\n\t\t<div class=\"elementor-element elementor-element-eed7209 e-flex e-con-boxed e-con e-child\" data-id=\"eed7209\" data-element_type=\"container\" data-e-type=\"container\">\n\t\t\t\t\t<div class=\"e-con-inner\">\n\t\t\t\t<div class=\"elementor-element elementor-element-efd7c6a elementor-widget elementor-widget-breadcrumbs\" data-id=\"efd7c6a\" data-element_type=\"widget\" data-e-type=\"widget\" data-widget_type=\"breadcrumbs.default\">\n\t\t\t\t<div class=\"elementor-widget-container\">\n\t\t\t\t\t<p id=\"breadcrumbs\"><span><span><a href=\"https:\/\/armorall.com\/es\/\">Home<\/a><\/span><\/span><\/p>\t\t\t\t<\/div>\n\t\t\t\t<\/div>\n\t\t\t\t<div class=\"elementor-element elementor-element-5fa1828 elementor-widget elementor-widget-text-editor\" data-id=\"5fa1828\" data-element_type=\"widget\" data-e-type=\"widget\" data-widget_type=\"text-editor.default\">\n\t\t\t\t<div class=\"elementor-widget-container\">\n\t\t\t\t\t\t\t\t\t<p>Nuestro objetivo es proteger su autom\u00f3vil, por dentro y por fuera. Aqu\u00ed est\u00e1 toda la informaci\u00f3n que necesita sobre c\u00f3mo mantener el exterior de su autom\u00f3vil como nuevo. Siga nuestros consejos y ver\u00e1 c\u00f3mo se sorprende de los resultados.<\/p>\t\t\t\t\t\t\t\t<\/div>\n\t\t\t\t<\/div>\n\t\t\t\t\t<\/div>\n\t\t\t\t<\/div>\n\t\t<div class=\"elementor-element elementor-element-51b7f3f e-con-full e-flex e-con e-child\" data-id=\"51b7f3f\" data-element_type=\"container\" data-e-type=\"container\">\n\t\t\t\t<\/div>\n\t\t\t\t\t<\/div>\n\t\t\t\t<\/div>\n\t\t<div class=\"elementor-element elementor-element-a55efeb e-flex e-con-boxed e-con e-parent\" data-id=\"a55efeb\" data-element_type=\"container\" data-e-type=\"container\" data-settings=\"{&quot;shape_divider_top&quot;:&quot;tilt&quot;}\">\n\t\t\t\t\t<div class=\"e-con-inner\">\n\t\t\t\t<div class=\"elementor-shape elementor-shape-top\" aria-hidden=\"true\" data-negative=\"false\">\n\t\t\t<svg xmlns=\"http:\/\/www.w3.org\/2000\/svg\" viewBox=\"0 0 1000 100\" preserveAspectRatio=\"none\">\n\t<path class=\"elementor-shape-fill\" d=\"M0,6V0h1000v100L0,6z\"\/>\n<\/svg>\t\t<\/div>\n\t\t\t\t<div class=\"elementor-element elementor-element-f5b30e8 elementor-pagination-type-bullets elementor-arrows-position-inside elementor-pagination-position-outside elementor-widget elementor-widget-loop-carousel\" data-id=\"f5b30e8\" data-element_type=\"widget\" data-e-type=\"widget\" data-settings=\"{&quot;template_id&quot;:&quot;8063&quot;,&quot;_skin&quot;:&quot;post&quot;,&quot;slides_to_show&quot;:&quot;3&quot;,&quot;slides_to_show_tablet&quot;:&quot;2&quot;,&quot;slides_to_show_mobile&quot;:&quot;1&quot;,&quot;slides_to_scroll&quot;:&quot;1&quot;,&quot;edit_handle_selector&quot;:&quot;.elementor-loop-container&quot;,&quot;speed&quot;:500,&quot;arrows&quot;:&quot;yes&quot;,&quot;pagination&quot;:&quot;bullets&quot;,&quot;image_spacing_custom&quot;:{&quot;unit&quot;:&quot;px&quot;,&quot;size&quot;:10,&quot;sizes&quot;:[]},&quot;image_spacing_custom_tablet&quot;:{&quot;unit&quot;:&quot;px&quot;,&quot;size&quot;:&quot;&quot;,&quot;sizes&quot;:[]},&quot;image_spacing_custom_mobile&quot;:{&quot;unit&quot;:&quot;px&quot;,&quot;size&quot;:&quot;&quot;,&quot;sizes&quot;:[]}}\" data-widget_type=\"loop-carousel.post\">\n\t\t\t\t<div class=\"elementor-widget-container\">\n\t\t\t\t\t\t\t<div class=\"swiper elementor-loop-container elementor-grid\" role=\"list\" dir=\"ltr\">\n\t\t\t\t<div class=\"swiper-wrapper\" aria-live=\"polite\">\n\t\t<style id=\"loop-8063\">.elementor-8063 .elementor-element.elementor-element-b89c4e4{--display:flex;--flex-direction:column;--container-widget-width:100%;--container-widget-height:initial;--container-widget-flex-grow:0;--container-widget-align-self:initial;--flex-wrap-mobile:wrap;}.elementor-widget-image .widget-image-caption{color:var( --e-global-color-text );font-family:var( --e-global-typography-text-font-family ), Sans-serif;font-weight:var( --e-global-typography-text-font-weight );}.elementor-8063 .elementor-element.elementor-element-b2acd34 img{width:100%;max-width:100%;height:275px;object-fit:cover;object-position:center center;border-style:solid;border-width:0px 0px 5px 0px;border-color:#FC8F00;}.elementor-widget-heading .elementor-heading-title{font-family:var( --e-global-typography-primary-font-family ), Sans-serif;font-weight:var( --e-global-typography-primary-font-weight );}.elementor-8063 .elementor-element.elementor-element-3ab02e6 .elementor-heading-title{font-family:\"roboto_condensed\", Sans-serif;font-size:12px;font-weight:600;text-transform:uppercase;line-height:12px;color:#F35F15;}.elementor-widget-theme-post-title .elementor-heading-title{font-family:var( --e-global-typography-primary-font-family ), Sans-serif;font-weight:var( --e-global-typography-primary-font-weight );}.elementor-8063 .elementor-element.elementor-element-7120c1f .elementor-heading-title{font-family:\"roboto_condensed\", Sans-serif;font-size:24px;font-weight:600;text-transform:uppercase;line-height:26px;letter-spacing:1px;color:#FFFFFF;}.elementor-widget-theme-post-excerpt .elementor-widget-container{font-family:var( --e-global-typography-text-font-family ), Sans-serif;font-weight:var( --e-global-typography-text-font-weight );color:var( --e-global-color-text );}.elementor-8063 .elementor-element.elementor-element-de330d2 .elementor-widget-container{color:#FFFFFF;}.elementor-8063 .elementor-element.elementor-element-de330d2 a{color:#FFFFFF;}.elementor-8063 .elementor-element.elementor-element-de330d2 a:hover, .elementor-8063 .elementor-element.elementor-element-de330d2 a:focus{color:#F35F15;}<\/style>\t\t<div data-elementor-type=\"loop-item\" data-elementor-id=\"8063\" class=\"elementor elementor-8063 swiper-slide e-loop-item e-loop-item-887 post-887 post type-post status-publish format-standard has-post-thumbnail hentry category-consejos-de-limpieza-exterior-de-automovil tag-car-wheels tag-expert-tips tag-exterior surface-material-neumaticos surface-material-ruedas\" data-elementor-post-type=\"elementor_library\" role=\"group\" aria-roledescription=\"slide\" data-custom-edit-handle=\"1\">\n\t\t\t<div class=\"elementor-element elementor-element-b89c4e4 e-flex e-con-boxed e-con e-parent\" data-id=\"b89c4e4\" data-element_type=\"container\" data-e-type=\"container\">\n\t\t\t\t\t<div class=\"e-con-inner\">\n\t\t\t\t<div class=\"elementor-element elementor-element-b2acd34 elementor-widget elementor-widget-image\" data-id=\"b2acd34\" data-element_type=\"widget\" data-e-type=\"widget\" data-widget_type=\"image.default\">\n\t\t\t\t<div class=\"elementor-widget-container\">\n\t\t\t\t\t\t\t\t\t\t\t\t\t\t\t\t<a href=\"https:\/\/armorall.com\/es\/help-advices\/limpiar-neumaticos-y-ruedas-de-automoviles\/\" aria-label=\"Post image\">\n\t\t\t\t\t\t\t<img fetchpriority=\"high\" decoding=\"async\" width=\"1024\" height=\"1024\" src=\"https:\/\/armorall.com\/es\/wp-content\/uploads\/sites\/20\/2025\/07\/AA_Commissioned_Extreme-Wheel-Tire-Cleaner_AEXWCCT_03_March2024.avif?w=1024&amp;h=1024\" class=\"attachment-large size-large wp-image-6771\" alt=\"\" \/>\t\t\t\t\t\t\t\t<\/a>\n\t\t\t\t\t\t\t\t\t\t\t\t\t\t\t<\/div>\n\t\t\t\t<\/div>\n\t\t\t\t<div class=\"elementor-element elementor-element-3ab02e6 elementor-widget elementor-widget-heading\" data-id=\"3ab02e6\" data-element_type=\"widget\" data-e-type=\"widget\" data-widget_type=\"heading.default\">\n\t\t\t\t<div class=\"elementor-widget-container\">\n\t\t\t\t\t<h5 class=\"elementor-heading-title elementor-size-default\"><a href=\"https:\/\/armorall.com\/es\/ayuda-y-consejos\/?category=consejos-de-limpieza-exterior-de-automovil\" rel=\"tag\">Consejos de limpieza exterior de autom\u00f3vil<\/a><\/h5>\t\t\t\t<\/div>\n\t\t\t\t<\/div>\n\t\t\t\t<div class=\"elementor-element elementor-element-7120c1f elementor-widget elementor-widget-theme-post-title elementor-page-title elementor-widget-heading\" data-id=\"7120c1f\" data-element_type=\"widget\" data-e-type=\"widget\" data-widget_type=\"theme-post-title.default\">\n\t\t\t\t<div class=\"elementor-widget-container\">\n\t\t\t\t\t<h1 class=\"elementor-heading-title elementor-size-default\"><a href=\"https:\/\/armorall.com\/es\/help-advices\/limpiar-neumaticos-y-ruedas-de-automoviles\/\">Limpiar neum\u00e1ticos y ruedas de autom\u00f3viles<\/a><\/h1>\t\t\t\t<\/div>\n\t\t\t\t<\/div>\n\t\t\t\t<div class=\"elementor-element elementor-element-de330d2 elementor-widget elementor-widget-theme-post-excerpt\" data-id=\"de330d2\" data-element_type=\"widget\" data-e-type=\"widget\" data-widget_type=\"theme-post-excerpt.default\">\n\t\t\t\t<div class=\"elementor-widget-container\">\n\t\t\t\t\tSaber c\u00f3mo limpiar las ruedas de su autom\u00f3vil y lavar los neum\u00e1ticos de la manera correcta puede marcar una gran diferencia en el aspecto general de su veh\u00edculo. Los neum\u00e1ticos recogen mucha suciedad mientras conduce. Descubra la forma correcta de limpiar sus neum\u00e1ticos y ruedas, incluso c\u00f3mo limpiar las ruedas cromadas.\t\t\t\t<\/div>\n\t\t\t\t<\/div>\n\t\t\t\t\t<\/div>\n\t\t\t\t<\/div>\n\t\t\t\t<\/div>\n\t\t\t\t<div data-elementor-type=\"loop-item\" data-elementor-id=\"8063\" class=\"elementor elementor-8063 swiper-slide e-loop-item e-loop-item-885 post-885 post type-post status-publish format-standard has-post-thumbnail hentry category-consejos-de-limpieza-exterior-de-automovil tag-expert-tips tag-exterior tag-vinyl-canvas surface-material-neumaticos surface-material-ruedas surface-material-salpicadero-plastico-y-vinilo\" data-elementor-post-type=\"elementor_library\" role=\"group\" aria-roledescription=\"slide\" data-custom-edit-handle=\"1\">\n\t\t\t<div class=\"elementor-element elementor-element-b89c4e4 e-flex e-con-boxed e-con e-parent\" data-id=\"b89c4e4\" data-element_type=\"container\" data-e-type=\"container\">\n\t\t\t\t\t<div class=\"e-con-inner\">\n\t\t\t\t<div class=\"elementor-element elementor-element-b2acd34 elementor-widget elementor-widget-image\" data-id=\"b2acd34\" data-element_type=\"widget\" data-e-type=\"widget\" data-widget_type=\"image.default\">\n\t\t\t\t<div class=\"elementor-widget-container\">\n\t\t\t\t\t\t\t\t\t\t\t\t\t\t\t\t<a href=\"https:\/\/armorall.com\/es\/help-advices\/limpiar-el-exterior-del-automovil\/\" aria-label=\"Post image\">\n\t\t\t\t\t\t\t<img decoding=\"async\" width=\"1024\" height=\"1024\" src=\"https:\/\/armorallcdnimage.imgix.net\/es\/wp-content\/uploads\/sites\/20\/2021\/08\/ArmorAll-Speed-Wax-Spray-500ml_Lifestyle.jpg?auto=format%2Ccompress&amp;w=1024&amp;h=1024\" class=\"attachment-large size-large wp-image-10826\" alt=\"\" \/>\t\t\t\t\t\t\t\t<\/a>\n\t\t\t\t\t\t\t\t\t\t\t\t\t\t\t<\/div>\n\t\t\t\t<\/div>\n\t\t\t\t<div class=\"elementor-element elementor-element-3ab02e6 elementor-widget elementor-widget-heading\" data-id=\"3ab02e6\" data-element_type=\"widget\" data-e-type=\"widget\" data-widget_type=\"heading.default\">\n\t\t\t\t<div class=\"elementor-widget-container\">\n\t\t\t\t\t<h5 class=\"elementor-heading-title elementor-size-default\"><a href=\"https:\/\/armorall.com\/es\/ayuda-y-consejos\/?category=consejos-de-limpieza-exterior-de-automovil\" rel=\"tag\">Consejos de limpieza exterior de autom\u00f3vil<\/a><\/h5>\t\t\t\t<\/div>\n\t\t\t\t<\/div>\n\t\t\t\t<div class=\"elementor-element elementor-element-7120c1f elementor-widget elementor-widget-theme-post-title elementor-page-title elementor-widget-heading\" data-id=\"7120c1f\" data-element_type=\"widget\" data-e-type=\"widget\" data-widget_type=\"theme-post-title.default\">\n\t\t\t\t<div class=\"elementor-widget-container\">\n\t\t\t\t\t<h1 class=\"elementor-heading-title elementor-size-default\"><a href=\"https:\/\/armorall.com\/es\/help-advices\/limpiar-el-exterior-del-automovil\/\">Limpiar el exterior del autom\u00f3vil<\/a><\/h1>\t\t\t\t<\/div>\n\t\t\t\t<\/div>\n\t\t\t\t<div class=\"elementor-element elementor-element-de330d2 elementor-widget elementor-widget-theme-post-excerpt\" data-id=\"de330d2\" data-element_type=\"widget\" data-e-type=\"widget\" data-widget_type=\"theme-post-excerpt.default\">\n\t\t\t\t<div class=\"elementor-widget-container\">\n\t\t\t\t\tEl pl\u00e1stico y la goma se pueden encontrar en todo el exterior de un autom\u00f3vil: los adornos, las molduras, los parachoques e incluso los soportes que sostienen las escobillas del limpiaparabrisas. Tenemos los consejos que necesita para limpiar estos elementos, as\u00ed como tambi\u00e9n sobre c\u00f3mo limpiar molduras de pl\u00e1stico negro de un autom\u00f3vil y lavar la lona de un descapotable.\t\t\t\t<\/div>\n\t\t\t\t<\/div>\n\t\t\t\t\t<\/div>\n\t\t\t\t<\/div>\n\t\t\t\t<\/div>\n\t\t\t\t<div data-elementor-type=\"loop-item\" data-elementor-id=\"8063\" class=\"elementor elementor-8063 swiper-slide e-loop-item e-loop-item-883 post-883 post type-post status-publish format-standard has-post-thumbnail hentry category-consejos-de-limpieza-exterior-de-automovil tag-expert-tips tag-exterior tag-polish-wax surface-material-embellecedores-y-carroceria\" data-elementor-post-type=\"elementor_library\" role=\"group\" aria-roledescription=\"slide\" data-custom-edit-handle=\"1\">\n\t\t\t<div class=\"elementor-element elementor-element-b89c4e4 e-flex e-con-boxed e-con e-parent\" data-id=\"b89c4e4\" data-element_type=\"container\" data-e-type=\"container\">\n\t\t\t\t\t<div class=\"e-con-inner\">\n\t\t\t\t<div class=\"elementor-element elementor-element-b2acd34 elementor-widget elementor-widget-image\" data-id=\"b2acd34\" data-element_type=\"widget\" data-e-type=\"widget\" data-widget_type=\"image.default\">\n\t\t\t\t<div class=\"elementor-widget-container\">\n\t\t\t\t\t\t\t\t\t\t\t\t\t\t\t\t<a href=\"https:\/\/armorall.com\/es\/help-advices\/como-abrillantar-y-encerar-un-automovil\/\" aria-label=\"Post image\">\n\t\t\t\t\t\t\t<img decoding=\"async\" width=\"1024\" height=\"1024\" src=\"https:\/\/armorallcdnimage.imgix.net\/es\/wp-content\/uploads\/sites\/20\/2021\/08\/polish-and-wax.jpg?auto=format%2Ccompress&amp;w=1024&amp;h=1024\" class=\"attachment-large size-large wp-image-4086\" alt=\"\" \/>\t\t\t\t\t\t\t\t<\/a>\n\t\t\t\t\t\t\t\t\t\t\t\t\t\t\t<\/div>\n\t\t\t\t<\/div>\n\t\t\t\t<div class=\"elementor-element elementor-element-3ab02e6 elementor-widget elementor-widget-heading\" data-id=\"3ab02e6\" data-element_type=\"widget\" data-e-type=\"widget\" data-widget_type=\"heading.default\">\n\t\t\t\t<div class=\"elementor-widget-container\">\n\t\t\t\t\t<h5 class=\"elementor-heading-title elementor-size-default\"><a href=\"https:\/\/armorall.com\/es\/ayuda-y-consejos\/?category=consejos-de-limpieza-exterior-de-automovil\" rel=\"tag\">Consejos de limpieza exterior de autom\u00f3vil<\/a><\/h5>\t\t\t\t<\/div>\n\t\t\t\t<\/div>\n\t\t\t\t<div class=\"elementor-element elementor-element-7120c1f elementor-widget elementor-widget-theme-post-title elementor-page-title elementor-widget-heading\" data-id=\"7120c1f\" data-element_type=\"widget\" data-e-type=\"widget\" data-widget_type=\"theme-post-title.default\">\n\t\t\t\t<div class=\"elementor-widget-container\">\n\t\t\t\t\t<h1 class=\"elementor-heading-title elementor-size-default\"><a href=\"https:\/\/armorall.com\/es\/help-advices\/como-abrillantar-y-encerar-un-automovil\/\">C\u00f3mo abrillantar y encerar un autom\u00f3vil<\/a><\/h1>\t\t\t\t<\/div>\n\t\t\t\t<\/div>\n\t\t\t\t<div class=\"elementor-element elementor-element-de330d2 elementor-widget elementor-widget-theme-post-excerpt\" data-id=\"de330d2\" data-element_type=\"widget\" data-e-type=\"widget\" data-widget_type=\"theme-post-excerpt.default\">\n\t\t\t\t<div class=\"elementor-widget-container\">\n\t\t\t\t\tIncluso las pinturas de mayor calidad para autom\u00f3viles necesitan cuidados, ya que debe proteger el acabado de la fina capa transparente de su autom\u00f3vil frente a la oxidaci\u00f3n y el da\u00f1o ambiental. \t\t\t\t<\/div>\n\t\t\t\t<\/div>\n\t\t\t\t\t<\/div>\n\t\t\t\t<\/div>\n\t\t\t\t<\/div>\n\t\t\t\t<\/div>\n\t\t<\/div>\n\t\t\t\t\t<div class=\"elementor-swiper-button elementor-swiper-button-prev\" role=\"button\" tabindex=\"0\" aria-label=\"Previous\">\n\t\t\t\t<svg aria-hidden=\"true\" class=\"e-font-icon-svg e-eicon-chevron-left\" viewBox=\"0 0 1000 1000\" xmlns=\"http:\/\/www.w3.org\/2000\/svg\"><path d=\"M646 125C629 125 613 133 604 142L308 442C296 454 292 471 292 487 292 504 296 521 308 533L604 854C617 867 629 875 646 875 663 875 679 871 692 858 704 846 713 829 713 812 713 796 708 779 692 767L438 487 692 225C700 217 708 204 708 187 708 171 704 154 692 142 675 129 663 125 646 125Z\"><\/path><\/svg>\t\t\t<\/div>\n\t\t\t<div class=\"elementor-swiper-button elementor-swiper-button-next\" role=\"button\" tabindex=\"0\" aria-label=\"Next\">\n\t\t\t\t<svg aria-hidden=\"true\" class=\"e-font-icon-svg e-eicon-chevron-right\" viewBox=\"0 0 1000 1000\" xmlns=\"http:\/\/www.w3.org\/2000\/svg\"><path d=\"M696 533C708 521 713 504 713 487 713 471 708 454 696 446L400 146C388 133 375 125 354 125 338 125 325 129 313 142 300 154 292 171 292 187 292 204 296 221 308 233L563 492 304 771C292 783 288 800 288 817 288 833 296 850 308 863 321 871 338 875 354 875 371 875 388 867 400 854L696 533Z\"><\/path><\/svg>\t\t\t<\/div>\n\t\t\t\t\t<div class=\"swiper-pagination\"><\/div>\n\t\t\t\t\t\t<\/div>\n\t\t\t\t<\/div>\n\t\t\t\t\t<\/div>\n\t\t\t\t<\/div>\n\t\t\t\t<\/div>\n\t\t","protected":false},"excerpt":{"rendered":"<p>Nuestro objetivo es proteger su autom\u00f3vil, por dentro y por fuera. Aqu\u00ed est\u00e1 toda la informaci\u00f3n que necesita sobre c\u00f3mo mantener el exterior de su autom\u00f3vil como nuevo. Siga nuestros consejos y ver\u00e1 c\u00f3mo se sorprende de los resultados.<\/p>\n","protected":false},"author":1,"featured_media":0,"parent":4385,"menu_order":0,"comment_status":"closed","ping_status":"closed","template":"elementor_header_footer","meta":{"_acf_changed":false,"inline_featured_image":false,"footnotes":""},"class_list":["post-4390","page","type-page","status-publish","hentry"],"acf":[],"yoast_head":"<!-- This site is optimized with the Yoast SEO Premium plugin v27.3 (Yoast SEO v27.3) - https:\/\/yoast.com\/product\/yoast-seo-premium-wordpress\/ -->\n<title>Consejos para Exteriores | Armor All\u00ae<\/title>\n<meta name=\"description\" content=\"Dele al exterior de su autom\u00f3vil la limpieza que se merece con nuestros consejos sobre c\u00f3mo limpiarlo, desde las ventanillas hasta las ruedas.\" \/>\n<meta name=\"robots\" content=\"index, follow, max-snippet:-1, max-image-preview:large, max-video-preview:-1\" \/>\n<link rel=\"canonical\" href=\"https:\/\/armorall.com\/es\/ayuda-y-consejos\/consejos-para-exteriores\/\" \/>\n<meta property=\"og:locale\" content=\"en_US\" \/>\n<meta property=\"og:type\" content=\"article\" \/>\n<meta property=\"og:title\" content=\"Consejos para Exteriores\" \/>\n<meta property=\"og:description\" content=\"Dele al exterior de su autom\u00f3vil la limpieza que se merece con nuestros consejos sobre c\u00f3mo limpiarlo, desde las ventanillas hasta las ruedas.\" \/>\n<meta property=\"og:url\" content=\"https:\/\/armorall.com\/es\/ayuda-y-consejos\/consejos-para-exteriores\/\" \/>\n<meta property=\"og:site_name\" content=\"Armor All Spain ES\" \/>\n<meta property=\"article:modified_time\" content=\"2026-01-16T08:59:02+00:00\" \/>\n<meta name=\"twitter:card\" content=\"summary_large_image\" \/>\n<script type=\"application\/ld+json\" class=\"yoast-schema-graph\">{\"@context\":\"https:\\\/\\\/schema.org\",\"@graph\":[{\"@type\":\"WebPage\",\"@id\":\"https:\\\/\\\/armorall.com\\\/es\\\/ayuda-y-consejos\\\/consejos-para-exteriores\\\/\",\"url\":\"https:\\\/\\\/armorall.com\\\/es\\\/ayuda-y-consejos\\\/consejos-para-exteriores\\\/\",\"name\":\"Consejos para Exteriores | Armor All\u00ae\",\"isPartOf\":{\"@id\":\"https:\\\/\\\/armorall.com\\\/es\\\/#website\"},\"datePublished\":\"2025-03-25T06:24:28+00:00\",\"dateModified\":\"2026-01-16T08:59:02+00:00\",\"description\":\"Dele al exterior de su autom\u00f3vil la limpieza que se merece con nuestros consejos sobre c\u00f3mo limpiarlo, desde las ventanillas hasta las ruedas.\",\"breadcrumb\":{\"@id\":\"https:\\\/\\\/armorall.com\\\/es\\\/ayuda-y-consejos\\\/consejos-para-exteriores\\\/#breadcrumb\"},\"inLanguage\":\"en-US\",\"potentialAction\":[{\"@type\":\"ReadAction\",\"target\":[\"https:\\\/\\\/armorall.com\\\/es\\\/ayuda-y-consejos\\\/consejos-para-exteriores\\\/\"]}]},{\"@type\":\"BreadcrumbList\",\"@id\":\"https:\\\/\\\/armorall.com\\\/es\\\/ayuda-y-consejos\\\/consejos-para-exteriores\\\/#breadcrumb\",\"itemListElement\":[{\"@type\":\"ListItem\",\"position\":1,\"name\":\"Home\",\"item\":\"https:\\\/\\\/armorall.com\\\/es\\\/\"},{\"@type\":\"ListItem\",\"position\":2,\"name\":\"Ayuda y consejos\",\"item\":\"https:\\\/\\\/armorall.com\\\/es\\\/ayuda-y-consejos\\\/\"},{\"@type\":\"ListItem\",\"position\":3,\"name\":\"Consejos para Exteriores\"}]},{\"@type\":\"WebSite\",\"@id\":\"https:\\\/\\\/armorall.com\\\/es\\\/#website\",\"url\":\"https:\\\/\\\/armorall.com\\\/es\\\/\",\"name\":\"Armor All\",\"description\":\"\",\"publisher\":{\"@id\":\"https:\\\/\\\/armorall.com\\\/es\\\/#organization\"},\"potentialAction\":[{\"@type\":\"SearchAction\",\"target\":{\"@type\":\"EntryPoint\",\"urlTemplate\":\"https:\\\/\\\/armorall.com\\\/es\\\/?s={search_term_string}\"},\"query-input\":{\"@type\":\"PropertyValueSpecification\",\"valueRequired\":true,\"valueName\":\"search_term_string\"}}],\"inLanguage\":\"en-US\"},{\"@type\":\"Organization\",\"@id\":\"https:\\\/\\\/armorall.com\\\/es\\\/#organization\",\"name\":\"ArmorAll\",\"url\":\"https:\\\/\\\/armorall.com\\\/es\\\/\",\"logo\":{\"@type\":\"ImageObject\",\"inLanguage\":\"en-US\",\"@id\":\"https:\\\/\\\/armorall.com\\\/es\\\/#\\\/schema\\\/logo\\\/image\\\/\",\"url\":\"https:\\\/\\\/armorall.com\\\/es\\\/wp-content\\\/uploads\\\/sites\\\/20\\\/2025\\\/03\\\/AA-Logo.avif\",\"contentUrl\":\"https:\\\/\\\/armorall.com\\\/es\\\/wp-content\\\/uploads\\\/sites\\\/20\\\/2025\\\/03\\\/AA-Logo.avif\",\"width\":300,\"height\":175,\"caption\":\"ArmorAll\"},\"image\":{\"@id\":\"https:\\\/\\\/armorall.com\\\/es\\\/#\\\/schema\\\/logo\\\/image\\\/\"}}]}<\/script>\n<!-- \/ Yoast SEO Premium plugin. -->","yoast_head_json":{"title":"Consejos para Exteriores | Armor All\u00ae","description":"Dele al exterior de su autom\u00f3vil la limpieza que se merece con nuestros consejos sobre c\u00f3mo limpiarlo, desde las ventanillas hasta las ruedas.","robots":{"index":"index","follow":"follow","max-snippet":"max-snippet:-1","max-image-preview":"max-image-preview:large","max-video-preview":"max-video-preview:-1"},"canonical":"https:\/\/armorall.com\/es\/ayuda-y-consejos\/consejos-para-exteriores\/","og_locale":"en_US","og_type":"article","og_title":"Consejos para Exteriores","og_description":"Dele al exterior de su autom\u00f3vil la limpieza que se merece con nuestros consejos sobre c\u00f3mo limpiarlo, desde las ventanillas hasta las ruedas.","og_url":"https:\/\/armorall.com\/es\/ayuda-y-consejos\/consejos-para-exteriores\/","og_site_name":"Armor All Spain ES","article_modified_time":"2026-01-16T08:59:02+00:00","twitter_card":"summary_large_image","schema":{"@context":"https:\/\/schema.org","@graph":[{"@type":"WebPage","@id":"https:\/\/armorall.com\/es\/ayuda-y-consejos\/consejos-para-exteriores\/","url":"https:\/\/armorall.com\/es\/ayuda-y-consejos\/consejos-para-exteriores\/","name":"Consejos para Exteriores | Armor All\u00ae","isPartOf":{"@id":"https:\/\/armorall.com\/es\/#website"},"datePublished":"2025-03-25T06:24:28+00:00","dateModified":"2026-01-16T08:59:02+00:00","description":"Dele al exterior de su autom\u00f3vil la limpieza que se merece con nuestros consejos sobre c\u00f3mo limpiarlo, desde las ventanillas hasta las ruedas.","breadcrumb":{"@id":"https:\/\/armorall.com\/es\/ayuda-y-consejos\/consejos-para-exteriores\/#breadcrumb"},"inLanguage":"en-US","potentialAction":[{"@type":"ReadAction","target":["https:\/\/armorall.com\/es\/ayuda-y-consejos\/consejos-para-exteriores\/"]}]},{"@type":"BreadcrumbList","@id":"https:\/\/armorall.com\/es\/ayuda-y-consejos\/consejos-para-exteriores\/#breadcrumb","itemListElement":[{"@type":"ListItem","position":1,"name":"Home","item":"https:\/\/armorall.com\/es\/"},{"@type":"ListItem","position":2,"name":"Ayuda y consejos","item":"https:\/\/armorall.com\/es\/ayuda-y-consejos\/"},{"@type":"ListItem","position":3,"name":"Consejos para Exteriores"}]},{"@type":"WebSite","@id":"https:\/\/armorall.com\/es\/#website","url":"https:\/\/armorall.com\/es\/","name":"Armor All","description":"","publisher":{"@id":"https:\/\/armorall.com\/es\/#organization"},"potentialAction":[{"@type":"SearchAction","target":{"@type":"EntryPoint","urlTemplate":"https:\/\/armorall.com\/es\/?s={search_term_string}"},"query-input":{"@type":"PropertyValueSpecification","valueRequired":true,"valueName":"search_term_string"}}],"inLanguage":"en-US"},{"@type":"Organization","@id":"https:\/\/armorall.com\/es\/#organization","name":"ArmorAll","url":"https:\/\/armorall.com\/es\/","logo":{"@type":"ImageObject","inLanguage":"en-US","@id":"https:\/\/armorall.com\/es\/#\/schema\/logo\/image\/","url":"https:\/\/armorall.com\/es\/wp-content\/uploads\/sites\/20\/2025\/03\/AA-Logo.avif","contentUrl":"https:\/\/armorall.com\/es\/wp-content\/uploads\/sites\/20\/2025\/03\/AA-Logo.avif","width":300,"height":175,"caption":"ArmorAll"},"image":{"@id":"https:\/\/armorall.com\/es\/#\/schema\/logo\/image\/"}}]}},"_links":{"self":[{"href":"https:\/\/armorall.com\/es\/wp-json\/wp\/v2\/pages\/4390","targetHints":{"allow":["GET"]}}],"collection":[{"href":"https:\/\/armorall.com\/es\/wp-json\/wp\/v2\/pages"}],"about":[{"href":"https:\/\/armorall.com\/es\/wp-json\/wp\/v2\/types\/page"}],"author":[{"embeddable":true,"href":"https:\/\/armorall.com\/es\/wp-json\/wp\/v2\/users\/1"}],"replies":[{"embeddable":true,"href":"https:\/\/armorall.com\/es\/wp-json\/wp\/v2\/comments?post=4390"}],"version-history":[{"count":8,"href":"https:\/\/armorall.com\/es\/wp-json\/wp\/v2\/pages\/4390\/revisions"}],"predecessor-version":[{"id":12156,"href":"https:\/\/armorall.com\/es\/wp-json\/wp\/v2\/pages\/4390\/revisions\/12156"}],"up":[{"embeddable":true,"href":"https:\/\/armorall.com\/es\/wp-json\/wp\/v2\/pages\/4385"}],"wp:attachment":[{"href":"https:\/\/armorall.com\/es\/wp-json\/wp\/v2\/media?parent=4390"}],"curies":[{"name":"wp","href":"https:\/\/api.w.org\/{rel}","templated":true}]}}