{"id":4392,"date":"2025-03-25T11:54:51","date_gmt":"2025-03-25T06:24:51","guid":{"rendered":"https:\/\/4b2c8fe15a.nxcli.io\/no\/?page_id=4392"},"modified":"2026-01-15T19:42:31","modified_gmt":"2026-01-15T14:12:31","slug":"eksteriortips-rad-om-bilrengjoring","status":"publish","type":"page","link":"https:\/\/armorall.com\/no\/hjelp-og-tips\/eksteriortips-rad-om-bilrengjoring\/","title":{"rendered":"Interi\u00f8rtips"},"content":{"rendered":"\t\t<div data-elementor-type=\"wp-page\" data-elementor-id=\"4392\" class=\"elementor elementor-4392\" data-elementor-post-type=\"page\">\n\t\t\t\t<div class=\"elementor-element elementor-element-7ea116d arm-header e-flex e-con-boxed e-con e-parent\" data-id=\"7ea116d\" data-element_type=\"container\" data-e-type=\"container\" data-settings=\"{&quot;background_background&quot;:&quot;classic&quot;,&quot;shape_divider_bottom&quot;:&quot;tilt&quot;}\">\n\t\t\t\t\t<div class=\"e-con-inner\">\n\t\t\t\t<div class=\"elementor-shape elementor-shape-bottom\" aria-hidden=\"true\" data-negative=\"false\">\n\t\t\t<svg xmlns=\"http:\/\/www.w3.org\/2000\/svg\" viewBox=\"0 0 1000 100\" preserveAspectRatio=\"none\">\n\t<path class=\"elementor-shape-fill\" d=\"M0,6V0h1000v100L0,6z\"\/>\n<\/svg>\t\t<\/div>\n\t\t<div class=\"elementor-element elementor-element-2fda829 e-flex e-con-boxed e-con e-child\" data-id=\"2fda829\" data-element_type=\"container\" data-e-type=\"container\">\n\t\t\t\t\t<div class=\"e-con-inner\">\n\t\t\t\t<div class=\"elementor-element elementor-element-2fa566f elementor-widget elementor-widget-breadcrumbs\" data-id=\"2fa566f\" data-element_type=\"widget\" data-e-type=\"widget\" data-widget_type=\"breadcrumbs.default\">\n\t\t\t\t<div class=\"elementor-widget-container\">\n\t\t\t\t\t<p id=\"breadcrumbs\"><span><span><a href=\"https:\/\/armorall.com\/no\/\">Home<\/a><\/span><\/span><\/p>\t\t\t\t<\/div>\n\t\t\t\t<\/div>\n\t\t\t\t<div class=\"elementor-element elementor-element-bfb87a6 elementor-widget elementor-widget-text-editor\" data-id=\"bfb87a6\" data-element_type=\"widget\" data-e-type=\"widget\" data-widget_type=\"text-editor.default\">\n\t\t\t\t<div class=\"elementor-widget-container\">\n\t\t\t\t\t\t\t\t\t<div class=\"col\"><div class=\"col\"><div class=\"col\"><p>Gi bilens interi\u00f8r rengj\u00f8ringen den fortjener med v\u00e5re r\u00e5d om hvordan du rengj\u00f8r alt fra tepper og matter til dashboard.<\/p><\/div><\/div><\/div>\t\t\t\t\t\t\t\t<\/div>\n\t\t\t\t<\/div>\n\t\t\t\t\t<\/div>\n\t\t\t\t<\/div>\n\t\t<div class=\"elementor-element elementor-element-fd07b7c e-con-full e-flex e-con e-child\" data-id=\"fd07b7c\" data-element_type=\"container\" data-e-type=\"container\">\n\t\t\t\t<\/div>\n\t\t\t\t\t<\/div>\n\t\t\t\t<\/div>\n\t\t<div class=\"elementor-element elementor-element-ef68096 e-flex e-con-boxed e-con e-parent\" data-id=\"ef68096\" data-element_type=\"container\" data-e-type=\"container\" data-settings=\"{&quot;shape_divider_top&quot;:&quot;tilt&quot;}\">\n\t\t\t\t\t<div class=\"e-con-inner\">\n\t\t\t\t<div class=\"elementor-shape elementor-shape-top\" aria-hidden=\"true\" data-negative=\"false\">\n\t\t\t<svg xmlns=\"http:\/\/www.w3.org\/2000\/svg\" viewBox=\"0 0 1000 100\" preserveAspectRatio=\"none\">\n\t<path class=\"elementor-shape-fill\" d=\"M0,6V0h1000v100L0,6z\"\/>\n<\/svg>\t\t<\/div>\n\t\t\t\t<div class=\"elementor-element elementor-element-c928515 elementor-pagination-type-bullets elementor-arrows-position-inside elementor-pagination-position-outside elementor-widget elementor-widget-loop-carousel\" data-id=\"c928515\" data-element_type=\"widget\" data-e-type=\"widget\" data-settings=\"{&quot;template_id&quot;:&quot;8063&quot;,&quot;_skin&quot;:&quot;post&quot;,&quot;slides_to_show&quot;:&quot;3&quot;,&quot;slides_to_show_tablet&quot;:&quot;2&quot;,&quot;slides_to_show_mobile&quot;:&quot;1&quot;,&quot;slides_to_scroll&quot;:&quot;1&quot;,&quot;edit_handle_selector&quot;:&quot;.elementor-loop-container&quot;,&quot;speed&quot;:500,&quot;arrows&quot;:&quot;yes&quot;,&quot;pagination&quot;:&quot;bullets&quot;,&quot;image_spacing_custom&quot;:{&quot;unit&quot;:&quot;px&quot;,&quot;size&quot;:10,&quot;sizes&quot;:[]},&quot;image_spacing_custom_tablet&quot;:{&quot;unit&quot;:&quot;px&quot;,&quot;size&quot;:&quot;&quot;,&quot;sizes&quot;:[]},&quot;image_spacing_custom_mobile&quot;:{&quot;unit&quot;:&quot;px&quot;,&quot;size&quot;:&quot;&quot;,&quot;sizes&quot;:[]}}\" data-widget_type=\"loop-carousel.post\">\n\t\t\t\t<div class=\"elementor-widget-container\">\n\t\t\t\t\t\t\t<div class=\"swiper elementor-loop-container elementor-grid\" role=\"list\" dir=\"ltr\">\n\t\t\t\t<div class=\"swiper-wrapper\" aria-live=\"polite\">\n\t\t<style id=\"loop-8063\">.elementor-8063 .elementor-element.elementor-element-b89c4e4{--display:flex;--flex-direction:column;--container-widget-width:100%;--container-widget-height:initial;--container-widget-flex-grow:0;--container-widget-align-self:initial;--flex-wrap-mobile:wrap;}.elementor-widget-image .widget-image-caption{color:var( --e-global-color-text );font-family:var( --e-global-typography-text-font-family ), Sans-serif;font-weight:var( --e-global-typography-text-font-weight );}.elementor-8063 .elementor-element.elementor-element-b2acd34 img{width:100%;max-width:100%;height:275px;object-fit:cover;object-position:center center;border-style:solid;border-width:0px 0px 5px 0px;border-color:#FC8F00;}.elementor-widget-heading .elementor-heading-title{font-family:var( --e-global-typography-primary-font-family ), Sans-serif;font-weight:var( --e-global-typography-primary-font-weight );}.elementor-8063 .elementor-element.elementor-element-3ab02e6 .elementor-heading-title{font-family:\"roboto_condensed\", Sans-serif;font-size:12px;font-weight:600;text-transform:uppercase;line-height:12px;color:#F35F15;}.elementor-widget-theme-post-title .elementor-heading-title{font-family:var( --e-global-typography-primary-font-family ), Sans-serif;font-weight:var( --e-global-typography-primary-font-weight );}.elementor-8063 .elementor-element.elementor-element-7120c1f .elementor-heading-title{font-family:\"roboto_condensed\", Sans-serif;font-size:24px;font-weight:600;text-transform:uppercase;line-height:26px;letter-spacing:1px;color:#FFFFFF;}.elementor-widget-theme-post-excerpt .elementor-widget-container{font-family:var( --e-global-typography-text-font-family ), Sans-serif;font-weight:var( --e-global-typography-text-font-weight );color:var( --e-global-color-text );}.elementor-8063 .elementor-element.elementor-element-de330d2 .elementor-widget-container{color:#FFFFFF;}.elementor-8063 .elementor-element.elementor-element-de330d2 a{color:#FFFFFF;}.elementor-8063 .elementor-element.elementor-element-de330d2 a:hover, .elementor-8063 .elementor-element.elementor-element-de330d2 a:focus{color:#F35F15;}<\/style>\t\t<div data-elementor-type=\"loop-item\" data-elementor-id=\"8063\" class=\"elementor elementor-8063 swiper-slide e-loop-item e-loop-item-1769 post-1769 post type-post status-publish format-standard has-post-thumbnail hentry category-interiortips-rad-om-bilrengjoring tag-gummi tag-interior tag-skinn tag-vinyl surface-material-laer surface-material-voks-lakk\" data-elementor-post-type=\"elementor_library\" role=\"group\" aria-roledescription=\"slide\" data-custom-edit-handle=\"1\">\n\t\t\t<div class=\"elementor-element elementor-element-b89c4e4 e-flex e-con-boxed e-con e-parent\" data-id=\"b89c4e4\" data-element_type=\"container\" data-e-type=\"container\">\n\t\t\t\t\t<div class=\"e-con-inner\">\n\t\t\t\t<div class=\"elementor-element elementor-element-b2acd34 elementor-widget elementor-widget-image\" data-id=\"b2acd34\" data-element_type=\"widget\" data-e-type=\"widget\" data-widget_type=\"image.default\">\n\t\t\t\t<div class=\"elementor-widget-container\">\n\t\t\t\t\t\t\t\t\t\t\t\t\t\t\t\t<a href=\"https:\/\/armorall.com\/no\/help-advices\/slik-rengjor-du-bilens-interior-i-vinyl-gummi-og-skinn\/\" aria-label=\"Post image\">\n\t\t\t\t\t\t\t<img fetchpriority=\"high\" decoding=\"async\" width=\"1024\" height=\"1024\" src=\"https:\/\/armorallcdnimage.imgix.net\/no\/wp-content\/uploads\/sites\/16\/2021\/09\/AA_Commissioned_Consumer-Lifestyle_-Sept-2019-0004-2.jpg?auto=format%2Ccompress&amp;w=1024&amp;h=1024\" class=\"attachment-large size-large wp-image-4472\" alt=\"\" \/>\t\t\t\t\t\t\t\t<\/a>\n\t\t\t\t\t\t\t\t\t\t\t\t\t\t\t<\/div>\n\t\t\t\t<\/div>\n\t\t\t\t<div class=\"elementor-element elementor-element-3ab02e6 elementor-widget elementor-widget-heading\" data-id=\"3ab02e6\" data-element_type=\"widget\" data-e-type=\"widget\" data-widget_type=\"heading.default\">\n\t\t\t\t<div class=\"elementor-widget-container\">\n\t\t\t\t\t<h5 class=\"elementor-heading-title elementor-size-default\"><a href=\"https:\/\/armorall.com\/no\/hjelp-og-tips\/?category=interiortips-rad-om-bilrengjoring\" rel=\"tag\">Interi\u00f8rtips<\/a><\/h5>\t\t\t\t<\/div>\n\t\t\t\t<\/div>\n\t\t\t\t<div class=\"elementor-element elementor-element-7120c1f elementor-widget elementor-widget-theme-post-title elementor-page-title elementor-widget-heading\" data-id=\"7120c1f\" data-element_type=\"widget\" data-e-type=\"widget\" data-widget_type=\"theme-post-title.default\">\n\t\t\t\t<div class=\"elementor-widget-container\">\n\t\t\t\t\t<h1 class=\"elementor-heading-title elementor-size-default\"><a href=\"https:\/\/armorall.com\/no\/help-advices\/slik-rengjor-du-bilens-interior-i-vinyl-gummi-og-skinn\/\">Slik rengj\u00f8r du bilens interi\u00f8r i vinyl, gummi og skinn<\/a><\/h1>\t\t\t\t<\/div>\n\t\t\t\t<\/div>\n\t\t\t\t<div class=\"elementor-element elementor-element-de330d2 elementor-widget elementor-widget-theme-post-excerpt\" data-id=\"de330d2\" data-element_type=\"widget\" data-e-type=\"widget\" data-widget_type=\"theme-post-excerpt.default\">\n\t\t\t\t<div class=\"elementor-widget-container\">\n\t\t\t\t\tInteri\u00f8ret i bilen din blir konstant utsatt for sollys og varme. Over tid kan interi\u00f8r i gummi, l\u00e6r og vinyl \u2013 som dashbord og seter \u2013 bli misfarget, t\u00f8rke ut og sprekke hvis det ikke behandles riktig. Beskyttelsesmidler er den mest effektive m\u00e5ten \u00e5 rengj\u00f8re bilens interi\u00f8r p\u00e5 som vinyl, da de inneholder overflateaktive stoffer for \u00e5 fjerne smuss og beskytte mot UV-skader.\r\n\t\t\t\t<\/div>\n\t\t\t\t<\/div>\n\t\t\t\t\t<\/div>\n\t\t\t\t<\/div>\n\t\t\t\t<\/div>\n\t\t\t\t<div data-elementor-type=\"loop-item\" data-elementor-id=\"8063\" class=\"elementor elementor-8063 swiper-slide e-loop-item e-loop-item-881 post-881 post type-post status-publish format-standard has-post-thumbnail hentry category-interiortips-rad-om-bilrengjoring tag-biltrekk tag-eksperttips tag-interiorrens surface-material-laer surface-material-teppe-og-polstring\" data-elementor-post-type=\"elementor_library\" role=\"group\" aria-roledescription=\"slide\" data-custom-edit-handle=\"1\">\n\t\t\t<div class=\"elementor-element elementor-element-b89c4e4 e-flex e-con-boxed e-con e-parent\" data-id=\"b89c4e4\" data-element_type=\"container\" data-e-type=\"container\">\n\t\t\t\t\t<div class=\"e-con-inner\">\n\t\t\t\t<div class=\"elementor-element elementor-element-b2acd34 elementor-widget elementor-widget-image\" data-id=\"b2acd34\" data-element_type=\"widget\" data-e-type=\"widget\" data-widget_type=\"image.default\">\n\t\t\t\t<div class=\"elementor-widget-container\">\n\t\t\t\t\t\t\t\t\t\t\t\t\t\t\t\t<a href=\"https:\/\/armorall.com\/no\/help-advices\/slik-rengjor-du-biltrekk\/\" aria-label=\"Post image\">\n\t\t\t\t\t\t\t<img decoding=\"async\" width=\"1024\" height=\"1024\" src=\"https:\/\/armorallcdnimage.imgix.net\/no\/wp-content\/uploads\/sites\/16\/2021\/08\/how-to-clean-car-upholstery.jpg?auto=format%2Ccompress&amp;w=1024&amp;h=1024\" class=\"attachment-large size-large wp-image-6650\" alt=\"\" \/>\t\t\t\t\t\t\t\t<\/a>\n\t\t\t\t\t\t\t\t\t\t\t\t\t\t\t<\/div>\n\t\t\t\t<\/div>\n\t\t\t\t<div class=\"elementor-element elementor-element-3ab02e6 elementor-widget elementor-widget-heading\" data-id=\"3ab02e6\" data-element_type=\"widget\" data-e-type=\"widget\" data-widget_type=\"heading.default\">\n\t\t\t\t<div class=\"elementor-widget-container\">\n\t\t\t\t\t<h5 class=\"elementor-heading-title elementor-size-default\"><a href=\"https:\/\/armorall.com\/no\/hjelp-og-tips\/?category=interiortips-rad-om-bilrengjoring\" rel=\"tag\">Interi\u00f8rtips<\/a><\/h5>\t\t\t\t<\/div>\n\t\t\t\t<\/div>\n\t\t\t\t<div class=\"elementor-element elementor-element-7120c1f elementor-widget elementor-widget-theme-post-title elementor-page-title elementor-widget-heading\" data-id=\"7120c1f\" data-element_type=\"widget\" data-e-type=\"widget\" data-widget_type=\"theme-post-title.default\">\n\t\t\t\t<div class=\"elementor-widget-container\">\n\t\t\t\t\t<h1 class=\"elementor-heading-title elementor-size-default\"><a href=\"https:\/\/armorall.com\/no\/help-advices\/slik-rengjor-du-biltrekk\/\">Slik rengj\u00f8r du biltrekk<\/a><\/h1>\t\t\t\t<\/div>\n\t\t\t\t<\/div>\n\t\t\t\t<div class=\"elementor-element elementor-element-de330d2 elementor-widget elementor-widget-theme-post-excerpt\" data-id=\"de330d2\" data-element_type=\"widget\" data-e-type=\"widget\" data-widget_type=\"theme-post-excerpt.default\">\n\t\t\t\t<div class=\"elementor-widget-container\">\n\t\t\t\t\t\u00c5 vite hvordan du rengj\u00f8r biltrekkene er viktig ettersom det er en stor del av interi\u00f8ret i bilen, og utsatt for stor slitasje. Setene, teppene og gulvmattene i bilen blir alle skitne og flekkete, s\u00e5 regelmessig vedlikehold er n\u00f8kkelen.\t\t\t\t<\/div>\n\t\t\t\t<\/div>\n\t\t\t\t\t<\/div>\n\t\t\t\t<\/div>\n\t\t\t\t<\/div>\n\t\t\t\t<\/div>\n\t\t<\/div>\n\t\t\t\t\t<div class=\"elementor-swiper-button elementor-swiper-button-prev\" role=\"button\" tabindex=\"0\" aria-label=\"Previous\">\n\t\t\t\t<svg aria-hidden=\"true\" class=\"e-font-icon-svg e-eicon-chevron-left\" viewBox=\"0 0 1000 1000\" xmlns=\"http:\/\/www.w3.org\/2000\/svg\"><path d=\"M646 125C629 125 613 133 604 142L308 442C296 454 292 471 292 487 292 504 296 521 308 533L604 854C617 867 629 875 646 875 663 875 679 871 692 858 704 846 713 829 713 812 713 796 708 779 692 767L438 487 692 225C700 217 708 204 708 187 708 171 704 154 692 142 675 129 663 125 646 125Z\"><\/path><\/svg>\t\t\t<\/div>\n\t\t\t<div class=\"elementor-swiper-button elementor-swiper-button-next\" role=\"button\" tabindex=\"0\" aria-label=\"Next\">\n\t\t\t\t<svg aria-hidden=\"true\" class=\"e-font-icon-svg e-eicon-chevron-right\" viewBox=\"0 0 1000 1000\" xmlns=\"http:\/\/www.w3.org\/2000\/svg\"><path d=\"M696 533C708 521 713 504 713 487 713 471 708 454 696 446L400 146C388 133 375 125 354 125 338 125 325 129 313 142 300 154 292 171 292 187 292 204 296 221 308 233L563 492 304 771C292 783 288 800 288 817 288 833 296 850 308 863 321 871 338 875 354 875 371 875 388 867 400 854L696 533Z\"><\/path><\/svg>\t\t\t<\/div>\n\t\t\t\t\t<div class=\"swiper-pagination\"><\/div>\n\t\t\t\t\t\t<\/div>\n\t\t\t\t<\/div>\n\t\t\t\t\t<\/div>\n\t\t\t\t<\/div>\n\t\t\t\t<\/div>\n\t\t","protected":false},"excerpt":{"rendered":"<p>Gi bilens interi\u00f8r rengj\u00f8ringen den fortjener med v\u00e5re r\u00e5d om hvordan du rengj\u00f8r alt fra tepper og matter til dashboard.<\/p>\n","protected":false},"author":1,"featured_media":0,"parent":4385,"menu_order":0,"comment_status":"closed","ping_status":"closed","template":"elementor_header_footer","meta":{"_acf_changed":false,"inline_featured_image":false,"footnotes":""},"class_list":["post-4392","page","type-page","status-publish","hentry"],"acf":[],"yoast_head":"<!-- This site is optimized with the Yoast SEO Premium plugin v27.3 (Yoast SEO v27.3) - https:\/\/yoast.com\/product\/yoast-seo-premium-wordpress\/ -->\n<title>Interi\u00f8rtips | R\u00e5d om bilrengj\u00f8ring | Armor All<\/title>\n<meta name=\"description\" content=\"Gi bilens interi\u00f8r rengj\u00f8ringen den fortjener med v\u00e5re r\u00e5d om hvordan du rengj\u00f8r alt fra vinduer til hjul.\" \/>\n<meta name=\"robots\" content=\"index, follow, max-snippet:-1, max-image-preview:large, max-video-preview:-1\" \/>\n<link rel=\"canonical\" href=\"https:\/\/armorall.com\/no\/hjelp-og-tips\/eksteriortips-rad-om-bilrengjoring\/\" \/>\n<meta property=\"og:locale\" content=\"en_US\" \/>\n<meta property=\"og:type\" content=\"article\" \/>\n<meta property=\"og:title\" content=\"Interi\u00f8rtips\" \/>\n<meta property=\"og:description\" content=\"Gi bilens interi\u00f8r rengj\u00f8ringen den fortjener med v\u00e5re r\u00e5d om hvordan du rengj\u00f8r alt fra vinduer til hjul.\" \/>\n<meta property=\"og:url\" content=\"https:\/\/armorall.com\/no\/hjelp-og-tips\/eksteriortips-rad-om-bilrengjoring\/\" \/>\n<meta property=\"og:site_name\" content=\"Armor All - Norway\" \/>\n<meta property=\"article:modified_time\" content=\"2026-01-15T14:12:31+00:00\" \/>\n<meta name=\"twitter:card\" content=\"summary_large_image\" \/>\n<script type=\"application\/ld+json\" class=\"yoast-schema-graph\">{\"@context\":\"https:\\\/\\\/schema.org\",\"@graph\":[{\"@type\":\"WebPage\",\"@id\":\"https:\\\/\\\/armorall.com\\\/no\\\/hjelp-og-tips\\\/eksteriortips-rad-om-bilrengjoring\\\/\",\"url\":\"https:\\\/\\\/armorall.com\\\/no\\\/hjelp-og-tips\\\/eksteriortips-rad-om-bilrengjoring\\\/\",\"name\":\"Interi\u00f8rtips | R\u00e5d om bilrengj\u00f8ring | Armor All\",\"isPartOf\":{\"@id\":\"https:\\\/\\\/armorall.com\\\/no\\\/#website\"},\"datePublished\":\"2025-03-25T06:24:51+00:00\",\"dateModified\":\"2026-01-15T14:12:31+00:00\",\"description\":\"Gi bilens interi\u00f8r rengj\u00f8ringen den fortjener med v\u00e5re r\u00e5d om hvordan du rengj\u00f8r alt fra vinduer til hjul.\",\"breadcrumb\":{\"@id\":\"https:\\\/\\\/armorall.com\\\/no\\\/hjelp-og-tips\\\/eksteriortips-rad-om-bilrengjoring\\\/#breadcrumb\"},\"inLanguage\":\"en-US\",\"potentialAction\":[{\"@type\":\"ReadAction\",\"target\":[\"https:\\\/\\\/armorall.com\\\/no\\\/hjelp-og-tips\\\/eksteriortips-rad-om-bilrengjoring\\\/\"]}]},{\"@type\":\"BreadcrumbList\",\"@id\":\"https:\\\/\\\/armorall.com\\\/no\\\/hjelp-og-tips\\\/eksteriortips-rad-om-bilrengjoring\\\/#breadcrumb\",\"itemListElement\":[{\"@type\":\"ListItem\",\"position\":1,\"name\":\"Home\",\"item\":\"https:\\\/\\\/armorall.com\\\/no\\\/\"},{\"@type\":\"ListItem\",\"position\":2,\"name\":\"Hjelp og tips\",\"item\":\"https:\\\/\\\/armorall.com\\\/no\\\/hjelp-og-tips\\\/\"},{\"@type\":\"ListItem\",\"position\":3,\"name\":\"Interi\u00f8rtips\"}]},{\"@type\":\"WebSite\",\"@id\":\"https:\\\/\\\/armorall.com\\\/no\\\/#website\",\"url\":\"https:\\\/\\\/armorall.com\\\/no\\\/\",\"name\":\"Armor All\",\"description\":\"\",\"publisher\":{\"@id\":\"https:\\\/\\\/armorall.com\\\/no\\\/#organization\"},\"potentialAction\":[{\"@type\":\"SearchAction\",\"target\":{\"@type\":\"EntryPoint\",\"urlTemplate\":\"https:\\\/\\\/armorall.com\\\/no\\\/?s={search_term_string}\"},\"query-input\":{\"@type\":\"PropertyValueSpecification\",\"valueRequired\":true,\"valueName\":\"search_term_string\"}}],\"inLanguage\":\"en-US\"},{\"@type\":\"Organization\",\"@id\":\"https:\\\/\\\/armorall.com\\\/no\\\/#organization\",\"name\":\"ArmorAll\",\"url\":\"https:\\\/\\\/armorall.com\\\/no\\\/\",\"logo\":{\"@type\":\"ImageObject\",\"inLanguage\":\"en-US\",\"@id\":\"https:\\\/\\\/armorall.com\\\/no\\\/#\\\/schema\\\/logo\\\/image\\\/\",\"url\":\"https:\\\/\\\/armorall.com\\\/no\\\/wp-content\\\/uploads\\\/sites\\\/16\\\/2025\\\/03\\\/AA-Logo.avif\",\"contentUrl\":\"https:\\\/\\\/armorall.com\\\/no\\\/wp-content\\\/uploads\\\/sites\\\/16\\\/2025\\\/03\\\/AA-Logo.avif\",\"width\":300,\"height\":175,\"caption\":\"ArmorAll\"},\"image\":{\"@id\":\"https:\\\/\\\/armorall.com\\\/no\\\/#\\\/schema\\\/logo\\\/image\\\/\"}}]}<\/script>\n<!-- \/ Yoast SEO Premium plugin. -->","yoast_head_json":{"title":"Interi\u00f8rtips | R\u00e5d om bilrengj\u00f8ring | Armor All","description":"Gi bilens interi\u00f8r rengj\u00f8ringen den fortjener med v\u00e5re r\u00e5d om hvordan du rengj\u00f8r alt fra vinduer til hjul.","robots":{"index":"index","follow":"follow","max-snippet":"max-snippet:-1","max-image-preview":"max-image-preview:large","max-video-preview":"max-video-preview:-1"},"canonical":"https:\/\/armorall.com\/no\/hjelp-og-tips\/eksteriortips-rad-om-bilrengjoring\/","og_locale":"en_US","og_type":"article","og_title":"Interi\u00f8rtips","og_description":"Gi bilens interi\u00f8r rengj\u00f8ringen den fortjener med v\u00e5re r\u00e5d om hvordan du rengj\u00f8r alt fra vinduer til hjul.","og_url":"https:\/\/armorall.com\/no\/hjelp-og-tips\/eksteriortips-rad-om-bilrengjoring\/","og_site_name":"Armor All - Norway","article_modified_time":"2026-01-15T14:12:31+00:00","twitter_card":"summary_large_image","schema":{"@context":"https:\/\/schema.org","@graph":[{"@type":"WebPage","@id":"https:\/\/armorall.com\/no\/hjelp-og-tips\/eksteriortips-rad-om-bilrengjoring\/","url":"https:\/\/armorall.com\/no\/hjelp-og-tips\/eksteriortips-rad-om-bilrengjoring\/","name":"Interi\u00f8rtips | R\u00e5d om bilrengj\u00f8ring | Armor All","isPartOf":{"@id":"https:\/\/armorall.com\/no\/#website"},"datePublished":"2025-03-25T06:24:51+00:00","dateModified":"2026-01-15T14:12:31+00:00","description":"Gi bilens interi\u00f8r rengj\u00f8ringen den fortjener med v\u00e5re r\u00e5d om hvordan du rengj\u00f8r alt fra vinduer til hjul.","breadcrumb":{"@id":"https:\/\/armorall.com\/no\/hjelp-og-tips\/eksteriortips-rad-om-bilrengjoring\/#breadcrumb"},"inLanguage":"en-US","potentialAction":[{"@type":"ReadAction","target":["https:\/\/armorall.com\/no\/hjelp-og-tips\/eksteriortips-rad-om-bilrengjoring\/"]}]},{"@type":"BreadcrumbList","@id":"https:\/\/armorall.com\/no\/hjelp-og-tips\/eksteriortips-rad-om-bilrengjoring\/#breadcrumb","itemListElement":[{"@type":"ListItem","position":1,"name":"Home","item":"https:\/\/armorall.com\/no\/"},{"@type":"ListItem","position":2,"name":"Hjelp og tips","item":"https:\/\/armorall.com\/no\/hjelp-og-tips\/"},{"@type":"ListItem","position":3,"name":"Interi\u00f8rtips"}]},{"@type":"WebSite","@id":"https:\/\/armorall.com\/no\/#website","url":"https:\/\/armorall.com\/no\/","name":"Armor All","description":"","publisher":{"@id":"https:\/\/armorall.com\/no\/#organization"},"potentialAction":[{"@type":"SearchAction","target":{"@type":"EntryPoint","urlTemplate":"https:\/\/armorall.com\/no\/?s={search_term_string}"},"query-input":{"@type":"PropertyValueSpecification","valueRequired":true,"valueName":"search_term_string"}}],"inLanguage":"en-US"},{"@type":"Organization","@id":"https:\/\/armorall.com\/no\/#organization","name":"ArmorAll","url":"https:\/\/armorall.com\/no\/","logo":{"@type":"ImageObject","inLanguage":"en-US","@id":"https:\/\/armorall.com\/no\/#\/schema\/logo\/image\/","url":"https:\/\/armorall.com\/no\/wp-content\/uploads\/sites\/16\/2025\/03\/AA-Logo.avif","contentUrl":"https:\/\/armorall.com\/no\/wp-content\/uploads\/sites\/16\/2025\/03\/AA-Logo.avif","width":300,"height":175,"caption":"ArmorAll"},"image":{"@id":"https:\/\/armorall.com\/no\/#\/schema\/logo\/image\/"}}]}},"_links":{"self":[{"href":"https:\/\/armorall.com\/no\/wp-json\/wp\/v2\/pages\/4392","targetHints":{"allow":["GET"]}}],"collection":[{"href":"https:\/\/armorall.com\/no\/wp-json\/wp\/v2\/pages"}],"about":[{"href":"https:\/\/armorall.com\/no\/wp-json\/wp\/v2\/types\/page"}],"author":[{"embeddable":true,"href":"https:\/\/armorall.com\/no\/wp-json\/wp\/v2\/users\/1"}],"replies":[{"embeddable":true,"href":"https:\/\/armorall.com\/no\/wp-json\/wp\/v2\/comments?post=4392"}],"version-history":[{"count":5,"href":"https:\/\/armorall.com\/no\/wp-json\/wp\/v2\/pages\/4392\/revisions"}],"predecessor-version":[{"id":11909,"href":"https:\/\/armorall.com\/no\/wp-json\/wp\/v2\/pages\/4392\/revisions\/11909"}],"up":[{"embeddable":true,"href":"https:\/\/armorall.com\/no\/wp-json\/wp\/v2\/pages\/4385"}],"wp:attachment":[{"href":"https:\/\/armorall.com\/no\/wp-json\/wp\/v2\/media?parent=4392"}],"curies":[{"name":"wp","href":"https:\/\/api.w.org\/{rel}","templated":true}]}}