{"id":9137,"date":"2025-07-09T16:07:01","date_gmt":"2025-07-09T10:37:01","guid":{"rendered":"https:\/\/4b2c8fe15a.nxcli.io\/no\/?page_id=9137"},"modified":"2026-01-15T20:15:38","modified_gmt":"2026-01-15T14:45:38","slug":"oracle-red-bull-racing","status":"publish","type":"page","link":"https:\/\/armorall.com\/no\/om-oss\/partnerskap\/oracle-red-bull-racing\/","title":{"rendered":"Oracle Red Bull Racing"},"content":{"rendered":"\t\t<div data-elementor-type=\"wp-page\" data-elementor-id=\"9137\" class=\"elementor elementor-9137\" data-elementor-post-type=\"page\">\n\t\t\t\t<div class=\"elementor-element elementor-element-4d361d3 arm-header e-flex e-con-boxed e-con e-parent\" data-id=\"4d361d3\" data-element_type=\"container\" data-e-type=\"container\" data-settings=\"{&quot;background_background&quot;:&quot;classic&quot;,&quot;shape_divider_bottom&quot;:&quot;tilt&quot;}\">\n\t\t\t\t\t<div class=\"e-con-inner\">\n\t\t\t\t<div class=\"elementor-shape elementor-shape-bottom\" aria-hidden=\"true\" data-negative=\"false\">\n\t\t\t<svg xmlns=\"http:\/\/www.w3.org\/2000\/svg\" viewBox=\"0 0 1000 100\" preserveAspectRatio=\"none\">\n\t<path class=\"elementor-shape-fill\" d=\"M0,6V0h1000v100L0,6z\"\/>\n<\/svg>\t\t<\/div>\n\t\t<div class=\"elementor-element elementor-element-04013b5 e-flex e-con-boxed e-con e-child\" data-id=\"04013b5\" data-element_type=\"container\" data-e-type=\"container\">\n\t\t\t\t\t<div class=\"e-con-inner\">\n\t\t\t\t<div class=\"elementor-element elementor-element-13af1ab elementor-widget elementor-widget-breadcrumbs\" data-id=\"13af1ab\" data-element_type=\"widget\" data-e-type=\"widget\" data-widget_type=\"breadcrumbs.default\">\n\t\t\t\t<div class=\"elementor-widget-container\">\n\t\t\t\t\t<p id=\"breadcrumbs\"><span><span><a href=\"https:\/\/armorall.com\/no\/\">Home<\/a><\/span><\/span><\/p>\t\t\t\t<\/div>\n\t\t\t\t<\/div>\n\t\t\t\t<div class=\"elementor-element elementor-element-8d0b156 elementor-widget elementor-widget-text-editor\" data-id=\"8d0b156\" data-element_type=\"widget\" data-e-type=\"widget\" data-widget_type=\"text-editor.default\">\n\t\t\t\t<div class=\"elementor-widget-container\">\n\t\t\t\t\t\t\t\t\t<div class=\"col\"><div class=\"col\"><div class=\"col\"><p>Vi er s\u00e5 begeistret over \u00e5 bli en del av Oracle Red Bull Racing, fire ganger Formel 1 verdensmestere, som lagets offisielle partner for bilrengj\u00f8ring og bilpleie. Basert p\u00e5 Armor All\u00ae-tradisjonen med innovasjon, vil vi samarbeide med Red Bull Racing for \u00e5 utforske muligheter rundt utviklingen av nye produkter.<\/p><\/div><div class=\"col\"><picture><source srcset=\"https:\/\/armorallimagecdn.imgix.net\/wp-content\/uploads\/sites\/29\/2023\/09\/FY23_AA_ORBR_teampartnerlockup_landscape_bluebackground.jpg?auto=format%2Ccompress\" media=\"(min-width: 800px)\" \/><\/picture><\/div><\/div><div class=\"col\"><picture><source srcset=\"https:\/\/armorallimagecdn.imgix.net\/wp-content\/uploads\/sites\/29\/2023\/09\/FY23_AA_ORBR_teampartnerlockup_landscape_bluebackground.jpg?auto=format%2Ccompress\" media=\"(min-width: 800px)\" \/><\/picture><\/div><\/div><div class=\"col\"><picture><source srcset=\"https:\/\/armorallimagecdn.imgix.net\/wp-content\/uploads\/2022\/02\/AA_JensonButton_Q4-FY21_LandscapeKeyVisual_US-scaled.jpg?auto=format%2Ccompress\" media=\"(min-width: 800px)\" \/><\/picture><\/div>\t\t\t\t\t\t\t\t<\/div>\n\t\t\t\t<\/div>\n\t\t\t\t\t<\/div>\n\t\t\t\t<\/div>\n\t\t<div class=\"elementor-element elementor-element-560f990 e-con-full e-flex e-con e-child\" data-id=\"560f990\" data-element_type=\"container\" data-e-type=\"container\">\n\t\t\t\t<div class=\"elementor-element elementor-element-0872dcc elementor-widget elementor-widget-image\" data-id=\"0872dcc\" data-element_type=\"widget\" data-e-type=\"widget\" data-widget_type=\"image.default\">\n\t\t\t\t<div class=\"elementor-widget-container\">\n\t\t\t\t\t\t\t\t\t\t\t\t\t\t\t<img fetchpriority=\"high\" decoding=\"async\" width=\"1024\" height=\"1024\" src=\"https:\/\/armorallcdnimage.imgix.net\/no\/wp-content\/uploads\/sites\/16\/2025\/11\/FY23_AA_ORBR_teampartnerlockup_landscape_bluebackground-1.jpg?auto=format%2Ccompress&amp;w=1024&amp;h=1024\" class=\"attachment-large size-large wp-image-11674\" alt=\"\" \/>\t\t\t\t\t\t\t\t\t\t\t\t\t\t\t<\/div>\n\t\t\t\t<\/div>\n\t\t\t\t<\/div>\n\t\t\t\t\t<\/div>\n\t\t\t\t<\/div>\n\t\t<div class=\"elementor-element elementor-element-0fa7387 e-flex e-con-boxed e-con e-child\" data-id=\"0fa7387\" data-element_type=\"container\" data-e-type=\"container\">\n\t\t\t\t\t<div class=\"e-con-inner\">\n\t\t\t\t<div class=\"elementor-element elementor-element-e5b85d8 elementor-widget elementor-widget-heading\" data-id=\"e5b85d8\" data-element_type=\"widget\" data-e-type=\"widget\" data-widget_type=\"heading.default\">\n\t\t\t\t<div class=\"elementor-widget-container\">\n\t\t\t\t\t<h3 class=\"elementor-heading-title elementor-size-default\">ARMOR ALL\u00ae X ORACLE RED BULL RACING<\/h3>\t\t\t\t<\/div>\n\t\t\t\t<\/div>\n\t\t\t\t<div class=\"elementor-element elementor-element-4b63ad4 elementor-widget elementor-widget-heading\" data-id=\"4b63ad4\" data-element_type=\"widget\" data-e-type=\"widget\" data-widget_type=\"heading.default\">\n\t\t\t\t<div class=\"elementor-widget-container\">\n\t\t\t\t\t<h1 class=\"elementor-heading-title elementor-size-default\">N\u00e5r du trenger en enkel, vinnende <br>rengj\u00f8ring, velg Armor All. Den <br>automatiske rengj\u00f8ringspartneren til <br>Oracle Red Bull Racing.\n<\/h1>\t\t\t\t<\/div>\n\t\t\t\t<\/div>\n\t\t\t\t<div class=\"elementor-element elementor-element-6cbf547 elementor-widget elementor-widget-video\" data-id=\"6cbf547\" data-element_type=\"widget\" data-e-type=\"widget\" data-settings=\"{&quot;youtube_url&quot;:&quot;https:\\\/\\\/youtu.be\\\/BFVpYw8k0SE&quot;,&quot;video_type&quot;:&quot;youtube&quot;,&quot;controls&quot;:&quot;yes&quot;}\" data-widget_type=\"video.default\">\n\t\t\t\t<div class=\"elementor-widget-container\">\n\t\t\t\t\t\t\t<div class=\"elementor-wrapper elementor-open-inline\">\n\t\t\t<div class=\"elementor-video\"><\/div>\t\t<\/div>\n\t\t\t\t\t\t<\/div>\n\t\t\t\t<\/div>\n\t\t\t\t\t<\/div>\n\t\t\t\t<\/div>\n\t\t<div class=\"elementor-element elementor-element-8976441 e-flex e-con-boxed e-con e-parent\" data-id=\"8976441\" data-element_type=\"container\" data-e-type=\"container\">\n\t\t\t\t\t<div class=\"e-con-inner\">\n\t\t<div class=\"elementor-element elementor-element-cef748b e-flex e-con-boxed e-con e-child\" data-id=\"cef748b\" data-element_type=\"container\" data-e-type=\"container\" data-settings=\"{&quot;background_background&quot;:&quot;classic&quot;}\">\n\t\t\t\t\t<div class=\"e-con-inner\">\n\t\t\t\t<div class=\"elementor-element elementor-element-2ffa969 h1 elementor-widget elementor-widget-testimonial\" data-id=\"2ffa969\" data-element_type=\"widget\" data-e-type=\"widget\" id=\"h1\" data-widget_type=\"testimonial.default\">\n\t\t\t\t<div class=\"elementor-widget-container\">\n\t\t\t\t\t\t\t<div class=\"elementor-testimonial-wrapper\">\n\t\t\t\t\t\t\t<div class=\"elementor-testimonial-content\">Vi er glade for \u00e5 \u00f8nske Armor All\u00ae velkommen til teamet \u2013 et merke som- som oss - har sterkt fokus p\u00e5 innovasjon, utvikling og produksjon av kvalitetsprodukter for folk som bryr seg om bilene sine. Vi ser frem til et sterkt partnerskap og til \u00e5 gi Armor All\u00ae-merket en global plattform for \u00e5 videreutvikle ekspansjonen i det internasjonale markedet.\n<\/div>\n\t\t\t\n\t\t\t\t\t\t<div class=\"elementor-testimonial-meta elementor-has-image elementor-testimonial-image-position-aside\">\n\t\t\t\t<div class=\"elementor-testimonial-meta-inner\">\n\t\t\t\t\t\t\t\t\t\t\t<div class=\"elementor-testimonial-image\">\n\t\t\t\t\t\t\t<img decoding=\"async\" width=\"60\" height=\"60\" src=\"https:\/\/armorall.com\/no\/wp-content\/uploads\/sites\/16\/2025\/07\/profile.avif\" class=\"attachment-full size-full wp-image-9140\" alt=\"\" \/>\t\t\t\t\t\t<\/div>\n\t\t\t\t\t\n\t\t\t\t\t\t\t\t\t\t<div class=\"elementor-testimonial-details\">\n\t\t\t\t\t\t\t\t\t\t\t\t\t\t<div class=\"elementor-testimonial-name\">CHRISTIAN HORNER OBE<\/div>\n\t\t\t\t\t\t\t\t\t\t\t\t\t\t\t\t\t\t\t\t\t\t<div class=\"elementor-testimonial-job\">Oracle Red Bull Racing, Team Principal<\/div>\n\t\t\t\t\t\t\t\t\t\t\t\t\t<\/div>\n\t\t\t\t\t\t\t\t\t<\/div>\n\t\t\t<\/div>\n\t\t\t\t\t<\/div>\n\t\t\t\t\t\t<\/div>\n\t\t\t\t<\/div>\n\t\t\t\t\t<\/div>\n\t\t\t\t<\/div>\n\t\t\t\t\t<\/div>\n\t\t\t\t<\/div>\n\t\t<div class=\"elementor-element elementor-element-dee2586 e-flex e-con-boxed e-con e-child\" data-id=\"dee2586\" data-element_type=\"container\" data-e-type=\"container\">\n\t\t\t\t\t<div class=\"e-con-inner\">\n\t\t\t\t<div class=\"elementor-element elementor-element-518e8f5 elementor-widget elementor-widget-heading\" data-id=\"518e8f5\" data-element_type=\"widget\" data-e-type=\"widget\" data-widget_type=\"heading.default\">\n\t\t\t\t<div class=\"elementor-widget-container\">\n\t\t\t\t\t<h3 class=\"elementor-heading-title elementor-size-default\">Armor All\u00ae &amp; The Red Bull Racing Pit Crew\n<\/h3>\t\t\t\t<\/div>\n\t\t\t\t<\/div>\n\t\t\t\t<div class=\"elementor-element elementor-element-480ee78 elementor-widget elementor-widget-heading\" data-id=\"480ee78\" data-element_type=\"widget\" data-e-type=\"widget\" data-widget_type=\"heading.default\">\n\t\t\t\t<div class=\"elementor-widget-container\">\n\t\t\t\t\t<h1 class=\"elementor-heading-title elementor-size-default\">Den offisielle partneren for<br> bilrengj\u00f8ring og bilpleie for Oracle Red <br>Bull Racing\n<\/h1>\t\t\t\t<\/div>\n\t\t\t\t<\/div>\n\t\t\t\t<div class=\"elementor-element elementor-element-b147655 elementor-widget elementor-widget-video\" data-id=\"b147655\" data-element_type=\"widget\" data-e-type=\"widget\" data-settings=\"{&quot;youtube_url&quot;:&quot;https:\\\/\\\/youtu.be\\\/0BFGNZTInCc&quot;,&quot;video_type&quot;:&quot;youtube&quot;,&quot;controls&quot;:&quot;yes&quot;}\" data-widget_type=\"video.default\">\n\t\t\t\t<div class=\"elementor-widget-container\">\n\t\t\t\t\t\t\t<div class=\"elementor-wrapper elementor-open-inline\">\n\t\t\t<div class=\"elementor-video\"><\/div>\t\t<\/div>\n\t\t\t\t\t\t<\/div>\n\t\t\t\t<\/div>\n\t\t\t\t\t<\/div>\n\t\t\t\t<\/div>\n\t\t<div class=\"elementor-element elementor-element-972f424 e-flex e-con-boxed e-con e-child\" data-id=\"972f424\" data-element_type=\"container\" data-e-type=\"container\" data-settings=\"{&quot;background_background&quot;:&quot;classic&quot;}\">\n\t\t\t\t\t<div class=\"e-con-inner\">\n\t\t\t\t<div class=\"elementor-element elementor-element-89f9fcd elementor-widget elementor-widget-heading\" data-id=\"89f9fcd\" data-element_type=\"widget\" data-e-type=\"widget\" data-widget_type=\"heading.default\">\n\t\t\t\t<div class=\"elementor-widget-container\">\n\t\t\t\t\t<h3 class=\"elementor-heading-title elementor-size-default\">RED BULL RACING X ARMOR ALL\n<\/h3>\t\t\t\t<\/div>\n\t\t\t\t<\/div>\n\t\t\t\t<div class=\"elementor-element elementor-element-4c7cbca elementor-widget elementor-widget-heading\" data-id=\"4c7cbca\" data-element_type=\"widget\" data-e-type=\"widget\" data-widget_type=\"heading.default\">\n\t\t\t\t<div class=\"elementor-widget-container\">\n\t\t\t\t\t<h1 class=\"elementor-heading-title elementor-size-default\">Forberedelse er alt\n<\/h1>\t\t\t\t<\/div>\n\t\t\t\t<\/div>\n\t\t<div class=\"elementor-element elementor-element-6f93c83 e-con-full e-flex e-con e-child\" data-id=\"6f93c83\" data-element_type=\"container\" data-e-type=\"container\">\n\t\t<div class=\"elementor-element elementor-element-2c12c9f e-con-full e-flex e-con e-child\" data-id=\"2c12c9f\" data-element_type=\"container\" data-e-type=\"container\">\n\t\t\t\t<div class=\"elementor-element elementor-element-4abb1b0 elementor-widget elementor-widget-text-editor\" data-id=\"4abb1b0\" data-element_type=\"widget\" data-e-type=\"widget\" data-widget_type=\"text-editor.default\">\n\t\t\t\t<div class=\"elementor-widget-container\">\n\t\t\t\t\t\t\t\t\t<div class=\"wysiwyg-content\"><p><span style=\"color: #000000;\">I Formel 1-racing er forberedelser alt, p\u00e5 lik linje med p\u00e5 landeveien. Noe som forsterker, uansett ekspertiseniv\u00e5, at enhver sj\u00e5f\u00f8r \u00f8nsker den beste kvalitetspleien for bilen sin. Som en del av v\u00e5rt samarbeid med Oracle Red Bull Racing, vil du se Armor All<em>\u00ae-<\/em>\u00a0merkevaren p\u00e5 Red Bull Racing-biler, i garasjen og p\u00e5 hanskene til lagets sj\u00e5f\u00f8rer, Max Verstappen og Sergio Perez. Og enda viktigere, partnerskapet v\u00e5rt vil ogs\u00e5 bli tilgjengelig i butikker hvor Armor All<em>\u00ae-<\/em> produkter selges, samt forbrukerkampanjer som vil gi fansen muligheter til en full l\u00f8psopplevelse.<\/span><\/p><\/div>\t\t\t\t\t\t\t\t<\/div>\n\t\t\t\t<\/div>\n\t\t\t\t<\/div>\n\t\t<div class=\"elementor-element elementor-element-6a8a8fe e-con-full e-flex e-con e-child\" data-id=\"6a8a8fe\" data-element_type=\"container\" data-e-type=\"container\">\n\t\t\t\t<div class=\"elementor-element elementor-element-488297a elementor-widget elementor-widget-text-editor\" data-id=\"488297a\" data-element_type=\"widget\" data-e-type=\"widget\" data-widget_type=\"text-editor.default\">\n\t\t\t\t<div class=\"elementor-widget-container\">\n\t\t\t\t\t\t\t\t\t<article class=\"\"><div id=\"main\" class=\"layout-container layout-contained entry__content flow-spacing\"><div class=\"site-layout__content-wrapper\"><p><span style=\"color: #000000;\">\u00abVi er begeistret over \u00e5 bli en del av Oracle Red Bull Racing som teamets offisielle partner for bilrengj\u00f8ring og bilpleie, som bringer to ikoniske merkevarer sammen som verdsetter innovasjon og ytelse av h\u00f8y kvalitet\u00bb, sa Lori Shambro, markedssjef i Energizer Holdings, Inc. \u00abDette partnerskapet er viktig for Armor All\u00ae ettersom vi \u00f8nsker \u00e5 gj\u00f8re merkevaren v\u00e5r tilgjengelig for flere forbrukere globalt og knytte til oss og engasjere oss med mennesker som deler en kj\u00e6rlighet til bilene og racingen deres\u00bb.<\/span><\/p><p>\u00a0<\/p><\/div><\/div><\/article><footer class=\"footer\"><div class=\"footer__main\">\u00a0<\/div><\/footer>\t\t\t\t\t\t\t\t<\/div>\n\t\t\t\t<\/div>\n\t\t\t\t<\/div>\n\t\t\t\t<\/div>\n\t\t\t\t\t<\/div>\n\t\t\t\t<\/div>\n\t\t\t\t<\/div>\n\t\t","protected":false},"excerpt":{"rendered":"<p>Vi er s\u00e5 begeistret over \u00e5 bli en del av Oracle Red Bull Racing, fire ganger Formel 1 verdensmestere, som lagets offisielle partner for bilrengj\u00f8ring og bilpleie. Basert p\u00e5 Armor All\u00ae-tradisjonen med innovasjon, vil vi samarbeide med Red Bull Racing for \u00e5 utforske muligheter rundt utviklingen av nye produkter. ARMOR ALL\u00ae X ORACLE RED BULL [&hellip;]<\/p>\n","protected":false},"author":7,"featured_media":0,"parent":6442,"menu_order":0,"comment_status":"closed","ping_status":"closed","template":"elementor_header_footer","meta":{"_acf_changed":false,"inline_featured_image":false,"footnotes":""},"class_list":["post-9137","page","type-page","status-publish","hentry"],"acf":[],"yoast_head":"<!-- This site is optimized with the Yoast SEO Premium plugin v27.3 (Yoast SEO v27.3) - https:\/\/yoast.com\/product\/yoast-seo-premium-wordpress\/ -->\n<title>Oracle Red Bull Racing | Armor All\u00ae<\/title>\n<meta name=\"description\" content=\"Les mer om partnerskapet v\u00e5rt med Red Bull Racing Honda \u2013 det firedobbelte Formel 1 verdensmesterlaget.\" \/>\n<meta name=\"robots\" content=\"index, follow, max-snippet:-1, max-image-preview:large, max-video-preview:-1\" \/>\n<link rel=\"canonical\" href=\"https:\/\/armorall.com\/no\/om-oss\/partnerskap\/oracle-red-bull-racing\/\" \/>\n<meta property=\"og:locale\" content=\"en_US\" \/>\n<meta property=\"og:type\" content=\"article\" \/>\n<meta property=\"og:title\" content=\"Oracle Red Bull Racing\" \/>\n<meta property=\"og:description\" content=\"Les mer om partnerskapet v\u00e5rt med Red Bull Racing Honda \u2013 det firedobbelte Formel 1 verdensmesterlaget.\" \/>\n<meta property=\"og:url\" content=\"https:\/\/armorall.com\/no\/om-oss\/partnerskap\/oracle-red-bull-racing\/\" \/>\n<meta property=\"og:site_name\" content=\"Armor All - Norway\" \/>\n<meta property=\"article:modified_time\" content=\"2026-01-15T14:45:38+00:00\" \/>\n<meta property=\"og:image\" content=\"https:\/\/armorall.com\/no\/wp-content\/uploads\/sites\/16\/2025\/11\/FY23_AA_ORBR_teampartnerlockup_landscape_bluebackground-1-1024x364.jpg\" \/>\n<meta name=\"twitter:card\" content=\"summary_large_image\" \/>\n<script type=\"application\/ld+json\" class=\"yoast-schema-graph\">{\"@context\":\"https:\\\/\\\/schema.org\",\"@graph\":[{\"@type\":\"WebPage\",\"@id\":\"https:\\\/\\\/armorall.com\\\/no\\\/om-oss\\\/partnerskap\\\/oracle-red-bull-racing\\\/\",\"url\":\"https:\\\/\\\/armorall.com\\\/no\\\/om-oss\\\/partnerskap\\\/oracle-red-bull-racing\\\/\",\"name\":\"Oracle Red Bull Racing | Armor All\u00ae\",\"isPartOf\":{\"@id\":\"https:\\\/\\\/armorall.com\\\/no\\\/#website\"},\"primaryImageOfPage\":{\"@id\":\"https:\\\/\\\/armorall.com\\\/no\\\/om-oss\\\/partnerskap\\\/oracle-red-bull-racing\\\/#primaryimage\"},\"image\":{\"@id\":\"https:\\\/\\\/armorall.com\\\/no\\\/om-oss\\\/partnerskap\\\/oracle-red-bull-racing\\\/#primaryimage\"},\"thumbnailUrl\":\"https:\\\/\\\/armorall.com\\\/no\\\/wp-content\\\/uploads\\\/sites\\\/16\\\/2025\\\/11\\\/FY23_AA_ORBR_teampartnerlockup_landscape_bluebackground-1-1024x364.jpg\",\"datePublished\":\"2025-07-09T10:37:01+00:00\",\"dateModified\":\"2026-01-15T14:45:38+00:00\",\"description\":\"Les mer om partnerskapet v\u00e5rt med Red Bull Racing Honda \u2013 det firedobbelte Formel 1 verdensmesterlaget.\",\"breadcrumb\":{\"@id\":\"https:\\\/\\\/armorall.com\\\/no\\\/om-oss\\\/partnerskap\\\/oracle-red-bull-racing\\\/#breadcrumb\"},\"inLanguage\":\"en-US\",\"potentialAction\":[{\"@type\":\"ReadAction\",\"target\":[\"https:\\\/\\\/armorall.com\\\/no\\\/om-oss\\\/partnerskap\\\/oracle-red-bull-racing\\\/\"]}]},{\"@type\":\"ImageObject\",\"inLanguage\":\"en-US\",\"@id\":\"https:\\\/\\\/armorall.com\\\/no\\\/om-oss\\\/partnerskap\\\/oracle-red-bull-racing\\\/#primaryimage\",\"url\":\"https:\\\/\\\/armorallcdnimage.imgix.net\\\/no\\\/wp-content\\\/uploads\\\/sites\\\/16\\\/2025\\\/11\\\/FY23_AA_ORBR_teampartnerlockup_landscape_bluebackground-1.jpg?auto=format%2Ccompress\",\"contentUrl\":\"https:\\\/\\\/armorallcdnimage.imgix.net\\\/no\\\/wp-content\\\/uploads\\\/sites\\\/16\\\/2025\\\/11\\\/FY23_AA_ORBR_teampartnerlockup_landscape_bluebackground-1.jpg?auto=format%2Ccompress\",\"width\":1832,\"height\":651},{\"@type\":\"BreadcrumbList\",\"@id\":\"https:\\\/\\\/armorall.com\\\/no\\\/om-oss\\\/partnerskap\\\/oracle-red-bull-racing\\\/#breadcrumb\",\"itemListElement\":[{\"@type\":\"ListItem\",\"position\":1,\"name\":\"Home\",\"item\":\"https:\\\/\\\/armorall.com\\\/no\\\/\"},{\"@type\":\"ListItem\",\"position\":2,\"name\":\"Om oss\",\"item\":\"https:\\\/\\\/armorall.com\\\/no\\\/om-oss\\\/\"},{\"@type\":\"ListItem\",\"position\":3,\"name\":\"Partnerskap\",\"item\":\"https:\\\/\\\/armorall.com\\\/no\\\/om-oss\\\/partnerskap\\\/\"},{\"@type\":\"ListItem\",\"position\":4,\"name\":\"Oracle Red Bull Racing\"}]},{\"@type\":\"WebSite\",\"@id\":\"https:\\\/\\\/armorall.com\\\/no\\\/#website\",\"url\":\"https:\\\/\\\/armorall.com\\\/no\\\/\",\"name\":\"Armor All\",\"description\":\"\",\"publisher\":{\"@id\":\"https:\\\/\\\/armorall.com\\\/no\\\/#organization\"},\"potentialAction\":[{\"@type\":\"SearchAction\",\"target\":{\"@type\":\"EntryPoint\",\"urlTemplate\":\"https:\\\/\\\/armorall.com\\\/no\\\/?s={search_term_string}\"},\"query-input\":{\"@type\":\"PropertyValueSpecification\",\"valueRequired\":true,\"valueName\":\"search_term_string\"}}],\"inLanguage\":\"en-US\"},{\"@type\":\"Organization\",\"@id\":\"https:\\\/\\\/armorall.com\\\/no\\\/#organization\",\"name\":\"ArmorAll\",\"url\":\"https:\\\/\\\/armorall.com\\\/no\\\/\",\"logo\":{\"@type\":\"ImageObject\",\"inLanguage\":\"en-US\",\"@id\":\"https:\\\/\\\/armorall.com\\\/no\\\/#\\\/schema\\\/logo\\\/image\\\/\",\"url\":\"https:\\\/\\\/armorall.com\\\/no\\\/wp-content\\\/uploads\\\/sites\\\/16\\\/2025\\\/03\\\/AA-Logo.avif\",\"contentUrl\":\"https:\\\/\\\/armorall.com\\\/no\\\/wp-content\\\/uploads\\\/sites\\\/16\\\/2025\\\/03\\\/AA-Logo.avif\",\"width\":300,\"height\":175,\"caption\":\"ArmorAll\"},\"image\":{\"@id\":\"https:\\\/\\\/armorall.com\\\/no\\\/#\\\/schema\\\/logo\\\/image\\\/\"}}]}<\/script>\n<!-- \/ Yoast SEO Premium plugin. -->","yoast_head_json":{"title":"Oracle Red Bull Racing | Armor All\u00ae","description":"Les mer om partnerskapet v\u00e5rt med Red Bull Racing Honda \u2013 det firedobbelte Formel 1 verdensmesterlaget.","robots":{"index":"index","follow":"follow","max-snippet":"max-snippet:-1","max-image-preview":"max-image-preview:large","max-video-preview":"max-video-preview:-1"},"canonical":"https:\/\/armorall.com\/no\/om-oss\/partnerskap\/oracle-red-bull-racing\/","og_locale":"en_US","og_type":"article","og_title":"Oracle Red Bull Racing","og_description":"Les mer om partnerskapet v\u00e5rt med Red Bull Racing Honda \u2013 det firedobbelte Formel 1 verdensmesterlaget.","og_url":"https:\/\/armorall.com\/no\/om-oss\/partnerskap\/oracle-red-bull-racing\/","og_site_name":"Armor All - Norway","article_modified_time":"2026-01-15T14:45:38+00:00","og_image":[{"url":"https:\/\/armorall.com\/no\/wp-content\/uploads\/sites\/16\/2025\/11\/FY23_AA_ORBR_teampartnerlockup_landscape_bluebackground-1-1024x364.jpg","type":"","width":"","height":""}],"twitter_card":"summary_large_image","schema":{"@context":"https:\/\/schema.org","@graph":[{"@type":"WebPage","@id":"https:\/\/armorall.com\/no\/om-oss\/partnerskap\/oracle-red-bull-racing\/","url":"https:\/\/armorall.com\/no\/om-oss\/partnerskap\/oracle-red-bull-racing\/","name":"Oracle Red Bull Racing | Armor All\u00ae","isPartOf":{"@id":"https:\/\/armorall.com\/no\/#website"},"primaryImageOfPage":{"@id":"https:\/\/armorall.com\/no\/om-oss\/partnerskap\/oracle-red-bull-racing\/#primaryimage"},"image":{"@id":"https:\/\/armorall.com\/no\/om-oss\/partnerskap\/oracle-red-bull-racing\/#primaryimage"},"thumbnailUrl":"https:\/\/armorall.com\/no\/wp-content\/uploads\/sites\/16\/2025\/11\/FY23_AA_ORBR_teampartnerlockup_landscape_bluebackground-1-1024x364.jpg","datePublished":"2025-07-09T10:37:01+00:00","dateModified":"2026-01-15T14:45:38+00:00","description":"Les mer om partnerskapet v\u00e5rt med Red Bull Racing Honda \u2013 det firedobbelte Formel 1 verdensmesterlaget.","breadcrumb":{"@id":"https:\/\/armorall.com\/no\/om-oss\/partnerskap\/oracle-red-bull-racing\/#breadcrumb"},"inLanguage":"en-US","potentialAction":[{"@type":"ReadAction","target":["https:\/\/armorall.com\/no\/om-oss\/partnerskap\/oracle-red-bull-racing\/"]}]},{"@type":"ImageObject","inLanguage":"en-US","@id":"https:\/\/armorall.com\/no\/om-oss\/partnerskap\/oracle-red-bull-racing\/#primaryimage","url":"https:\/\/armorallcdnimage.imgix.net\/no\/wp-content\/uploads\/sites\/16\/2025\/11\/FY23_AA_ORBR_teampartnerlockup_landscape_bluebackground-1.jpg?auto=format%2Ccompress","contentUrl":"https:\/\/armorallcdnimage.imgix.net\/no\/wp-content\/uploads\/sites\/16\/2025\/11\/FY23_AA_ORBR_teampartnerlockup_landscape_bluebackground-1.jpg?auto=format%2Ccompress","width":1832,"height":651},{"@type":"BreadcrumbList","@id":"https:\/\/armorall.com\/no\/om-oss\/partnerskap\/oracle-red-bull-racing\/#breadcrumb","itemListElement":[{"@type":"ListItem","position":1,"name":"Home","item":"https:\/\/armorall.com\/no\/"},{"@type":"ListItem","position":2,"name":"Om oss","item":"https:\/\/armorall.com\/no\/om-oss\/"},{"@type":"ListItem","position":3,"name":"Partnerskap","item":"https:\/\/armorall.com\/no\/om-oss\/partnerskap\/"},{"@type":"ListItem","position":4,"name":"Oracle Red Bull Racing"}]},{"@type":"WebSite","@id":"https:\/\/armorall.com\/no\/#website","url":"https:\/\/armorall.com\/no\/","name":"Armor All","description":"","publisher":{"@id":"https:\/\/armorall.com\/no\/#organization"},"potentialAction":[{"@type":"SearchAction","target":{"@type":"EntryPoint","urlTemplate":"https:\/\/armorall.com\/no\/?s={search_term_string}"},"query-input":{"@type":"PropertyValueSpecification","valueRequired":true,"valueName":"search_term_string"}}],"inLanguage":"en-US"},{"@type":"Organization","@id":"https:\/\/armorall.com\/no\/#organization","name":"ArmorAll","url":"https:\/\/armorall.com\/no\/","logo":{"@type":"ImageObject","inLanguage":"en-US","@id":"https:\/\/armorall.com\/no\/#\/schema\/logo\/image\/","url":"https:\/\/armorall.com\/no\/wp-content\/uploads\/sites\/16\/2025\/03\/AA-Logo.avif","contentUrl":"https:\/\/armorall.com\/no\/wp-content\/uploads\/sites\/16\/2025\/03\/AA-Logo.avif","width":300,"height":175,"caption":"ArmorAll"},"image":{"@id":"https:\/\/armorall.com\/no\/#\/schema\/logo\/image\/"}}]}},"_links":{"self":[{"href":"https:\/\/armorall.com\/no\/wp-json\/wp\/v2\/pages\/9137","targetHints":{"allow":["GET"]}}],"collection":[{"href":"https:\/\/armorall.com\/no\/wp-json\/wp\/v2\/pages"}],"about":[{"href":"https:\/\/armorall.com\/no\/wp-json\/wp\/v2\/types\/page"}],"author":[{"embeddable":true,"href":"https:\/\/armorall.com\/no\/wp-json\/wp\/v2\/users\/7"}],"replies":[{"embeddable":true,"href":"https:\/\/armorall.com\/no\/wp-json\/wp\/v2\/comments?post=9137"}],"version-history":[{"count":43,"href":"https:\/\/armorall.com\/no\/wp-json\/wp\/v2\/pages\/9137\/revisions"}],"predecessor-version":[{"id":11921,"href":"https:\/\/armorall.com\/no\/wp-json\/wp\/v2\/pages\/9137\/revisions\/11921"}],"up":[{"embeddable":true,"href":"https:\/\/armorall.com\/no\/wp-json\/wp\/v2\/pages\/6442"}],"wp:attachment":[{"href":"https:\/\/armorall.com\/no\/wp-json\/wp\/v2\/media?parent=9137"}],"curies":[{"name":"wp","href":"https:\/\/api.w.org\/{rel}","templated":true}]}}