{"id":6442,"date":"2025-07-03T18:20:25","date_gmt":"2025-07-03T12:50:25","guid":{"rendered":"https:\/\/4b2c8fe15a.nxcli.io\/pl\/?page_id=6442"},"modified":"2026-01-23T19:23:27","modified_gmt":"2026-01-23T13:53:27","slug":"programy-partnerskie","status":"publish","type":"page","link":"https:\/\/armorall.com\/pl\/o-nas\/programy-partnerskie\/","title":{"rendered":"Programy partnerskie"},"content":{"rendered":"\t\t<div data-elementor-type=\"wp-page\" data-elementor-id=\"6442\" class=\"elementor elementor-6442\" data-elementor-post-type=\"page\">\n\t\t\t\t<div class=\"elementor-element elementor-element-a2179be e-con-full arm-header e-flex e-con e-parent\" data-id=\"a2179be\" data-element_type=\"container\" data-e-type=\"container\" data-settings=\"{&quot;background_background&quot;:&quot;classic&quot;,&quot;shape_divider_bottom&quot;:&quot;tilt&quot;}\">\n\t\t\t\t<div class=\"elementor-shape elementor-shape-bottom\" aria-hidden=\"true\" data-negative=\"false\">\n\t\t\t<svg xmlns=\"http:\/\/www.w3.org\/2000\/svg\" viewBox=\"0 0 1000 100\" preserveAspectRatio=\"none\">\n\t<path class=\"elementor-shape-fill\" d=\"M0,6V0h1000v100L0,6z\"\/>\n<\/svg>\t\t<\/div>\n\t\t<div class=\"elementor-element elementor-element-d0aa0fb e-flex e-con-boxed e-con e-child\" data-id=\"d0aa0fb\" data-element_type=\"container\" data-e-type=\"container\">\n\t\t\t\t\t<div class=\"e-con-inner\">\n\t\t\t\t<div class=\"elementor-element elementor-element-47c1726 elementor-widget elementor-widget-breadcrumbs\" data-id=\"47c1726\" data-element_type=\"widget\" data-e-type=\"widget\" data-widget_type=\"breadcrumbs.default\">\n\t\t\t\t<div class=\"elementor-widget-container\">\n\t\t\t\t\t<p id=\"breadcrumbs\"><span><span><a href=\"https:\/\/armorall.com\/pl\/\">Home<\/a><\/span><\/span><\/p>\t\t\t\t<\/div>\n\t\t\t\t<\/div>\n\t\t\t\t<div class=\"elementor-element elementor-element-e0f858c elementor-widget__width-initial elementor-widget-tablet__width-initial elementor-widget elementor-widget-text-editor\" data-id=\"e0f858c\" data-element_type=\"widget\" data-e-type=\"widget\" data-widget_type=\"text-editor.default\">\n\t\t\t\t<div class=\"elementor-widget-container\">\n\t\t\t\t\t\t\t\t\t<p>Armor All\u00ae stawia na \u015bcis\u0142e partnerstwo z r\u00f3\u017cnymi markami, dzi\u0119ki czemu klienci na ca\u0142ym \u015bwiecie mog\u0105 korzysta\u0107 z szerokiej gamy produkt\u00f3w Armor All. Nasze proste w u\u017cyciu produkty mog\u0105 przynie\u015b\u0107 korzy\u015b\u0107 ka\u017cdemu klientowi \u2013 bez wzgl\u0119du na poziom do\u015bwiadczenia. Nasz najnowszy partner to Jenson Button \u2013 mistrz Grand Prix Formu\u0142y 1, Globalny Ambasador marki Armor All.<\/p>\t\t\t\t\t\t\t\t<\/div>\n\t\t\t\t<\/div>\n\t\t\t\t\t<\/div>\n\t\t\t\t<\/div>\n\t\t\t\t<\/div>\n\t\t<div class=\"elementor-element elementor-element-1aadf46 e-grid e-con-boxed e-con e-child\" data-id=\"1aadf46\" data-element_type=\"container\" data-e-type=\"container\">\n\t\t\t\t\t<div class=\"e-con-inner\">\n\t\t<div class=\"elementor-element elementor-element-7c1b23c e-con-full e-flex e-con e-child\" data-id=\"7c1b23c\" data-element_type=\"container\" data-e-type=\"container\">\n\t\t<div class=\"elementor-element elementor-element-1063eee e-con-full e-transform e-flex e-con e-child\" data-id=\"1063eee\" data-element_type=\"container\" data-e-type=\"container\" data-settings=\"{&quot;_transform_scale_effect&quot;:{&quot;unit&quot;:&quot;px&quot;,&quot;size&quot;:&quot;&quot;,&quot;sizes&quot;:[]},&quot;_transform_scale_effect_tablet&quot;:{&quot;unit&quot;:&quot;px&quot;,&quot;size&quot;:&quot;&quot;,&quot;sizes&quot;:[]},&quot;_transform_scale_effect_mobile&quot;:{&quot;unit&quot;:&quot;px&quot;,&quot;size&quot;:&quot;&quot;,&quot;sizes&quot;:[]}}\">\n\t\t\t\t<div class=\"elementor-element elementor-element-7dc28f7 elementor-bg-transform elementor-bg-transform-zoom-out elementor-cta--valign-middle elementor-cta--skin-classic elementor-animated-content elementor-widget elementor-widget-call-to-action\" data-id=\"7dc28f7\" data-element_type=\"widget\" data-e-type=\"widget\" data-widget_type=\"call-to-action.default\">\n\t\t\t\t<div class=\"elementor-widget-container\">\n\t\t\t\t\t\t\t<a class=\"elementor-cta\" href=\"https:\/\/armorall.com\/pl\/o-nas\/programy-partnerskie\/oracle-red-bull-racing\/\">\n\t\t\t\t\t<div class=\"elementor-cta__bg-wrapper\">\n\t\t\t\t<div class=\"elementor-cta__bg elementor-bg\" style=\"background-image: url(https:\/\/armorall.com\/pl\/wp-content\/uploads\/sites\/15\/2025\/07\/About-Us-Partnerships-Image-scaled-1.avif?w=1024&#038;h=1024);\" role=\"img\" aria-label=\"About-Us-Partnerships-Image-scaled\"><\/div>\n\t\t\t\t<div class=\"elementor-cta__bg-overlay\"><\/div>\n\t\t\t<\/div>\n\t\t\t\t\t\t\t\t<\/a>\n\t\t\t\t\t\t<\/div>\n\t\t\t\t<\/div>\n\t\t\t\t<\/div>\n\t\t\t\t<div class=\"elementor-element elementor-element-db735ac elementor-absolute elementor-widget__width-inherit elementor-widget elementor-widget-heading\" data-id=\"db735ac\" data-element_type=\"widget\" data-e-type=\"widget\" data-settings=\"{&quot;_position&quot;:&quot;absolute&quot;}\" data-widget_type=\"heading.default\">\n\t\t\t\t<div class=\"elementor-widget-container\">\n\t\t\t\t\t<h3 class=\"elementor-heading-title elementor-size-default\"><a href=\"https:\/\/armorall.com\/pl\/o-nas\/programy-partnerskie\/oracle-red-bull-racing\/\">ORACLE RED BULL RACING<\/a><\/h3>\t\t\t\t<\/div>\n\t\t\t\t<\/div>\n\t\t\t\t<\/div>\n\t\t<div class=\"elementor-element elementor-element-b342238 e-con-full e-flex e-con e-child\" data-id=\"b342238\" data-element_type=\"container\" data-e-type=\"container\">\n\t\t<div class=\"elementor-element elementor-element-d5953d7 e-con-full e-transform e-flex e-con e-child\" data-id=\"d5953d7\" data-element_type=\"container\" data-e-type=\"container\" data-settings=\"{&quot;_transform_scale_effect&quot;:{&quot;unit&quot;:&quot;px&quot;,&quot;size&quot;:&quot;&quot;,&quot;sizes&quot;:[]},&quot;_transform_scale_effect_tablet&quot;:{&quot;unit&quot;:&quot;px&quot;,&quot;size&quot;:&quot;&quot;,&quot;sizes&quot;:[]},&quot;_transform_scale_effect_mobile&quot;:{&quot;unit&quot;:&quot;px&quot;,&quot;size&quot;:&quot;&quot;,&quot;sizes&quot;:[]}}\">\n\t\t\t\t<div class=\"elementor-element elementor-element-b48d75b elementor-bg-transform elementor-bg-transform-zoom-out elementor-cta--valign-middle elementor-cta--skin-classic elementor-animated-content elementor-widget elementor-widget-call-to-action\" data-id=\"b48d75b\" data-element_type=\"widget\" data-e-type=\"widget\" data-widget_type=\"call-to-action.default\">\n\t\t\t\t<div class=\"elementor-widget-container\">\n\t\t\t\t\t\t\t<a class=\"elementor-cta\" href=\"https:\/\/armorall.com\/pl\/o-nas\/programy-partnerskie\/jenson-button\/\">\n\t\t\t\t\t<div class=\"elementor-cta__bg-wrapper\">\n\t\t\t\t<div class=\"elementor-cta__bg elementor-bg\" style=\"background-image: url(https:\/\/armorallcdnimage.imgix.net\/pl\/wp-content\/uploads\/sites\/15\/2025\/08\/imgi_8_AA_JensonButton_Q4-FY21_Wobbler_HR.jpg?auto=format%2Ccompress&#038;w=1024&#038;h=1024);\" role=\"img\" aria-label=\"imgi_8_AA_JensonButton_Q4-FY21_Wobbler_HR\"><\/div>\n\t\t\t\t<div class=\"elementor-cta__bg-overlay\"><\/div>\n\t\t\t<\/div>\n\t\t\t\t\t\t\t\t<\/a>\n\t\t\t\t\t\t<\/div>\n\t\t\t\t<\/div>\n\t\t\t\t<\/div>\n\t\t\t\t<div class=\"elementor-element elementor-element-3009af3 elementor-absolute elementor-widget__width-inherit elementor-widget elementor-widget-heading\" data-id=\"3009af3\" data-element_type=\"widget\" data-e-type=\"widget\" data-settings=\"{&quot;_position&quot;:&quot;absolute&quot;}\" data-widget_type=\"heading.default\">\n\t\t\t\t<div class=\"elementor-widget-container\">\n\t\t\t\t\t<h3 class=\"elementor-heading-title elementor-size-default\"><a href=\"https:\/\/armorall.com\/pl\/o-nas\/programy-partnerskie\/jenson-button\/\">JENSON BUTTON<\/a><\/h3>\t\t\t\t<\/div>\n\t\t\t\t<\/div>\n\t\t\t\t<\/div>\n\t\t\t\t\t<\/div>\n\t\t\t\t<\/div>\n\t\t\t\t<\/div>\n\t\t","protected":false},"excerpt":{"rendered":"<p>Armor All\u00ae stawia na \u015bcis\u0142e partnerstwo z r\u00f3\u017cnymi markami, dzi\u0119ki czemu klienci na ca\u0142ym \u015bwiecie mog\u0105 korzysta\u0107 z szerokiej gamy produkt\u00f3w Armor All. Nasze proste w u\u017cyciu produkty mog\u0105 przynie\u015b\u0107 korzy\u015b\u0107 ka\u017cdemu klientowi \u2013 bez wzgl\u0119du na poziom do\u015bwiadczenia. Nasz najnowszy partner to Jenson Button \u2013 mistrz Grand Prix Formu\u0142y 1, Globalny Ambasador marki Armor [&hellip;]<\/p>\n","protected":false},"author":1,"featured_media":0,"parent":4713,"menu_order":0,"comment_status":"closed","ping_status":"closed","template":"elementor_header_footer","meta":{"_acf_changed":false,"inline_featured_image":false,"footnotes":""},"class_list":["post-6442","page","type-page","status-publish","hentry"],"acf":[],"yoast_head":"<!-- This site is optimized with the Yoast SEO Premium plugin v27.3 (Yoast SEO v27.3) - https:\/\/yoast.com\/product\/yoast-seo-premium-wordpress\/ -->\n<title>Programy partnerskie | Armor All\u00ae<\/title>\n<meta name=\"description\" content=\"Poznaj programy partnerskie Armor All. Poznaj globalnego ambasadora Armor All i dowiedz si\u0119, dlaczego kierowcy samochod\u00f3w i profesjonali\u015bci wybieraj\u0105 w\u0142a\u015bnie mark\u0119 Armor All.\" \/>\n<meta name=\"robots\" content=\"index, follow, max-snippet:-1, max-image-preview:large, max-video-preview:-1\" \/>\n<link rel=\"canonical\" href=\"https:\/\/armorall.com\/pl\/o-nas\/programy-partnerskie\/\" \/>\n<meta property=\"og:locale\" content=\"en_US\" \/>\n<meta property=\"og:type\" content=\"article\" \/>\n<meta property=\"og:title\" content=\"Programy partnerskie\" \/>\n<meta property=\"og:description\" content=\"Poznaj programy partnerskie Armor All. Poznaj globalnego ambasadora Armor All i dowiedz si\u0119, dlaczego kierowcy samochod\u00f3w i profesjonali\u015bci wybieraj\u0105 w\u0142a\u015bnie mark\u0119 Armor All.\" \/>\n<meta property=\"og:url\" content=\"https:\/\/armorall.com\/pl\/o-nas\/programy-partnerskie\/\" \/>\n<meta property=\"og:site_name\" content=\"Armor All - PL\" \/>\n<meta property=\"article:modified_time\" content=\"2026-01-23T13:53:27+00:00\" \/>\n<meta name=\"twitter:card\" content=\"summary_large_image\" \/>\n<script type=\"application\/ld+json\" class=\"yoast-schema-graph\">{\"@context\":\"https:\\\/\\\/schema.org\",\"@graph\":[{\"@type\":\"WebPage\",\"@id\":\"https:\\\/\\\/armorall.com\\\/pl\\\/o-nas\\\/programy-partnerskie\\\/\",\"url\":\"https:\\\/\\\/armorall.com\\\/pl\\\/o-nas\\\/programy-partnerskie\\\/\",\"name\":\"Programy partnerskie | Armor All\u00ae\",\"isPartOf\":{\"@id\":\"https:\\\/\\\/armorall.com\\\/pl\\\/#website\"},\"datePublished\":\"2025-07-03T12:50:25+00:00\",\"dateModified\":\"2026-01-23T13:53:27+00:00\",\"description\":\"Poznaj programy partnerskie Armor All. Poznaj globalnego ambasadora Armor All i dowiedz si\u0119, dlaczego kierowcy samochod\u00f3w i profesjonali\u015bci wybieraj\u0105 w\u0142a\u015bnie mark\u0119 Armor All.\",\"breadcrumb\":{\"@id\":\"https:\\\/\\\/armorall.com\\\/pl\\\/o-nas\\\/programy-partnerskie\\\/#breadcrumb\"},\"inLanguage\":\"en-US\",\"potentialAction\":[{\"@type\":\"ReadAction\",\"target\":[\"https:\\\/\\\/armorall.com\\\/pl\\\/o-nas\\\/programy-partnerskie\\\/\"]}]},{\"@type\":\"BreadcrumbList\",\"@id\":\"https:\\\/\\\/armorall.com\\\/pl\\\/o-nas\\\/programy-partnerskie\\\/#breadcrumb\",\"itemListElement\":[{\"@type\":\"ListItem\",\"position\":1,\"name\":\"Home\",\"item\":\"https:\\\/\\\/armorall.com\\\/pl\\\/\"},{\"@type\":\"ListItem\",\"position\":2,\"name\":\"O nas\",\"item\":\"https:\\\/\\\/armorall.com\\\/pl\\\/o-nas\\\/\"},{\"@type\":\"ListItem\",\"position\":3,\"name\":\"Programy partnerskie\"}]},{\"@type\":\"WebSite\",\"@id\":\"https:\\\/\\\/armorall.com\\\/pl\\\/#website\",\"url\":\"https:\\\/\\\/armorall.com\\\/pl\\\/\",\"name\":\"Armor All\",\"description\":\"\",\"publisher\":{\"@id\":\"https:\\\/\\\/armorall.com\\\/pl\\\/#organization\"},\"potentialAction\":[{\"@type\":\"SearchAction\",\"target\":{\"@type\":\"EntryPoint\",\"urlTemplate\":\"https:\\\/\\\/armorall.com\\\/pl\\\/?s={search_term_string}\"},\"query-input\":{\"@type\":\"PropertyValueSpecification\",\"valueRequired\":true,\"valueName\":\"search_term_string\"}}],\"inLanguage\":\"en-US\"},{\"@type\":\"Organization\",\"@id\":\"https:\\\/\\\/armorall.com\\\/pl\\\/#organization\",\"name\":\"ArmorAll\",\"url\":\"https:\\\/\\\/armorall.com\\\/pl\\\/\",\"logo\":{\"@type\":\"ImageObject\",\"inLanguage\":\"en-US\",\"@id\":\"https:\\\/\\\/armorall.com\\\/pl\\\/#\\\/schema\\\/logo\\\/image\\\/\",\"url\":\"https:\\\/\\\/armorall.com\\\/pl\\\/wp-content\\\/uploads\\\/sites\\\/15\\\/2025\\\/03\\\/AA-Logo.avif\",\"contentUrl\":\"https:\\\/\\\/armorall.com\\\/pl\\\/wp-content\\\/uploads\\\/sites\\\/15\\\/2025\\\/03\\\/AA-Logo.avif\",\"width\":300,\"height\":175,\"caption\":\"ArmorAll\"},\"image\":{\"@id\":\"https:\\\/\\\/armorall.com\\\/pl\\\/#\\\/schema\\\/logo\\\/image\\\/\"}}]}<\/script>\n<!-- \/ Yoast SEO Premium plugin. -->","yoast_head_json":{"title":"Programy partnerskie | Armor All\u00ae","description":"Poznaj programy partnerskie Armor All. Poznaj globalnego ambasadora Armor All i dowiedz si\u0119, dlaczego kierowcy samochod\u00f3w i profesjonali\u015bci wybieraj\u0105 w\u0142a\u015bnie mark\u0119 Armor All.","robots":{"index":"index","follow":"follow","max-snippet":"max-snippet:-1","max-image-preview":"max-image-preview:large","max-video-preview":"max-video-preview:-1"},"canonical":"https:\/\/armorall.com\/pl\/o-nas\/programy-partnerskie\/","og_locale":"en_US","og_type":"article","og_title":"Programy partnerskie","og_description":"Poznaj programy partnerskie Armor All. Poznaj globalnego ambasadora Armor All i dowiedz si\u0119, dlaczego kierowcy samochod\u00f3w i profesjonali\u015bci wybieraj\u0105 w\u0142a\u015bnie mark\u0119 Armor All.","og_url":"https:\/\/armorall.com\/pl\/o-nas\/programy-partnerskie\/","og_site_name":"Armor All - PL","article_modified_time":"2026-01-23T13:53:27+00:00","twitter_card":"summary_large_image","schema":{"@context":"https:\/\/schema.org","@graph":[{"@type":"WebPage","@id":"https:\/\/armorall.com\/pl\/o-nas\/programy-partnerskie\/","url":"https:\/\/armorall.com\/pl\/o-nas\/programy-partnerskie\/","name":"Programy partnerskie | Armor All\u00ae","isPartOf":{"@id":"https:\/\/armorall.com\/pl\/#website"},"datePublished":"2025-07-03T12:50:25+00:00","dateModified":"2026-01-23T13:53:27+00:00","description":"Poznaj programy partnerskie Armor All. Poznaj globalnego ambasadora Armor All i dowiedz si\u0119, dlaczego kierowcy samochod\u00f3w i profesjonali\u015bci wybieraj\u0105 w\u0142a\u015bnie mark\u0119 Armor All.","breadcrumb":{"@id":"https:\/\/armorall.com\/pl\/o-nas\/programy-partnerskie\/#breadcrumb"},"inLanguage":"en-US","potentialAction":[{"@type":"ReadAction","target":["https:\/\/armorall.com\/pl\/o-nas\/programy-partnerskie\/"]}]},{"@type":"BreadcrumbList","@id":"https:\/\/armorall.com\/pl\/o-nas\/programy-partnerskie\/#breadcrumb","itemListElement":[{"@type":"ListItem","position":1,"name":"Home","item":"https:\/\/armorall.com\/pl\/"},{"@type":"ListItem","position":2,"name":"O nas","item":"https:\/\/armorall.com\/pl\/o-nas\/"},{"@type":"ListItem","position":3,"name":"Programy partnerskie"}]},{"@type":"WebSite","@id":"https:\/\/armorall.com\/pl\/#website","url":"https:\/\/armorall.com\/pl\/","name":"Armor All","description":"","publisher":{"@id":"https:\/\/armorall.com\/pl\/#organization"},"potentialAction":[{"@type":"SearchAction","target":{"@type":"EntryPoint","urlTemplate":"https:\/\/armorall.com\/pl\/?s={search_term_string}"},"query-input":{"@type":"PropertyValueSpecification","valueRequired":true,"valueName":"search_term_string"}}],"inLanguage":"en-US"},{"@type":"Organization","@id":"https:\/\/armorall.com\/pl\/#organization","name":"ArmorAll","url":"https:\/\/armorall.com\/pl\/","logo":{"@type":"ImageObject","inLanguage":"en-US","@id":"https:\/\/armorall.com\/pl\/#\/schema\/logo\/image\/","url":"https:\/\/armorall.com\/pl\/wp-content\/uploads\/sites\/15\/2025\/03\/AA-Logo.avif","contentUrl":"https:\/\/armorall.com\/pl\/wp-content\/uploads\/sites\/15\/2025\/03\/AA-Logo.avif","width":300,"height":175,"caption":"ArmorAll"},"image":{"@id":"https:\/\/armorall.com\/pl\/#\/schema\/logo\/image\/"}}]}},"_links":{"self":[{"href":"https:\/\/armorall.com\/pl\/wp-json\/wp\/v2\/pages\/6442","targetHints":{"allow":["GET"]}}],"collection":[{"href":"https:\/\/armorall.com\/pl\/wp-json\/wp\/v2\/pages"}],"about":[{"href":"https:\/\/armorall.com\/pl\/wp-json\/wp\/v2\/types\/page"}],"author":[{"embeddable":true,"href":"https:\/\/armorall.com\/pl\/wp-json\/wp\/v2\/users\/1"}],"replies":[{"embeddable":true,"href":"https:\/\/armorall.com\/pl\/wp-json\/wp\/v2\/comments?post=6442"}],"version-history":[{"count":11,"href":"https:\/\/armorall.com\/pl\/wp-json\/wp\/v2\/pages\/6442\/revisions"}],"predecessor-version":[{"id":11623,"href":"https:\/\/armorall.com\/pl\/wp-json\/wp\/v2\/pages\/6442\/revisions\/11623"}],"up":[{"embeddable":true,"href":"https:\/\/armorall.com\/pl\/wp-json\/wp\/v2\/pages\/4713"}],"wp:attachment":[{"href":"https:\/\/armorall.com\/pl\/wp-json\/wp\/v2\/media?parent=6442"}],"curies":[{"name":"wp","href":"https:\/\/api.w.org\/{rel}","templated":true}]}}