{"id":9137,"date":"2025-07-09T16:07:01","date_gmt":"2025-07-09T10:37:01","guid":{"rendered":"https:\/\/4b2c8fe15a.nxcli.io\/pl\/?page_id=9137"},"modified":"2026-01-23T19:24:13","modified_gmt":"2026-01-23T13:54:13","slug":"oracle-red-bull-racing","status":"publish","type":"page","link":"https:\/\/armorall.com\/pl\/o-nas\/programy-partnerskie\/oracle-red-bull-racing\/","title":{"rendered":"Oracle Red Bull Racing"},"content":{"rendered":"\t\t<div data-elementor-type=\"wp-page\" data-elementor-id=\"9137\" class=\"elementor elementor-9137\" data-elementor-post-type=\"page\">\n\t\t\t\t<div class=\"elementor-element elementor-element-4d361d3 arm-header e-flex e-con-boxed e-con e-parent\" data-id=\"4d361d3\" data-element_type=\"container\" data-e-type=\"container\" data-settings=\"{&quot;background_background&quot;:&quot;classic&quot;,&quot;shape_divider_bottom&quot;:&quot;tilt&quot;}\">\n\t\t\t\t\t<div class=\"e-con-inner\">\n\t\t\t\t<div class=\"elementor-shape elementor-shape-bottom\" aria-hidden=\"true\" data-negative=\"false\">\n\t\t\t<svg xmlns=\"http:\/\/www.w3.org\/2000\/svg\" viewBox=\"0 0 1000 100\" preserveAspectRatio=\"none\">\n\t<path class=\"elementor-shape-fill\" d=\"M0,6V0h1000v100L0,6z\"\/>\n<\/svg>\t\t<\/div>\n\t\t<div class=\"elementor-element elementor-element-04013b5 e-flex e-con-boxed e-con e-child\" data-id=\"04013b5\" data-element_type=\"container\" data-e-type=\"container\">\n\t\t\t\t\t<div class=\"e-con-inner\">\n\t\t\t\t<div class=\"elementor-element elementor-element-13af1ab elementor-widget elementor-widget-breadcrumbs\" data-id=\"13af1ab\" data-element_type=\"widget\" data-e-type=\"widget\" data-widget_type=\"breadcrumbs.default\">\n\t\t\t\t<div class=\"elementor-widget-container\">\n\t\t\t\t\t<p id=\"breadcrumbs\"><span><span><a href=\"https:\/\/armorall.com\/pl\/\">Home<\/a><\/span><\/span><\/p>\t\t\t\t<\/div>\n\t\t\t\t<\/div>\n\t\t\t\t<div class=\"elementor-element elementor-element-8d0b156 elementor-widget elementor-widget-text-editor\" data-id=\"8d0b156\" data-element_type=\"widget\" data-e-type=\"widget\" data-widget_type=\"text-editor.default\">\n\t\t\t\t<div class=\"elementor-widget-container\">\n\t\t\t\t\t\t\t\t\t<p>Jeste\u015bmy zachwyceni, \u017ce mo\u017cemy do\u0142\u0105czy\u0107 do Oracle Red Bull Racing jako oficjalny partner zespo\u0142u w zakresie czyszczenia i piel\u0119gnacji samochod\u00f3w, \u0142\u0105cz\u0105c dwie kultowe marki, kt\u00f3re ceni\u0105 sobie innowacyjno\u015b\u0107 i wysok\u0105 jako\u015b\u0107.<\/p>\t\t\t\t\t\t\t\t<\/div>\n\t\t\t\t<\/div>\n\t\t\t\t\t<\/div>\n\t\t\t\t<\/div>\n\t\t<div class=\"elementor-element elementor-element-560f990 e-con-full e-flex e-con e-child\" data-id=\"560f990\" data-element_type=\"container\" data-e-type=\"container\">\n\t\t\t\t<div class=\"elementor-element elementor-element-0872dcc elementor-widget elementor-widget-image\" data-id=\"0872dcc\" data-element_type=\"widget\" data-e-type=\"widget\" data-widget_type=\"image.default\">\n\t\t\t\t<div class=\"elementor-widget-container\">\n\t\t\t\t\t\t\t\t\t\t\t\t\t\t\t<img fetchpriority=\"high\" decoding=\"async\" width=\"1832\" height=\"651\" src=\"https:\/\/armorallcdnimage.imgix.net\/pl\/wp-content\/uploads\/sites\/15\/2025\/08\/imgi_35_FY23_AA_ORBR_teampartnerlockup_landscape_bluebackground.jpg?auto=format%2Ccompress\" class=\"attachment-full size-full wp-image-11026\" alt=\"\" srcset=\"https:\/\/armorallcdnimage.imgix.net\/pl\/wp-content\/uploads\/sites\/15\/2025\/08\/imgi_35_FY23_AA_ORBR_teampartnerlockup_landscape_bluebackground.jpg?auto=format%2Ccompress&amp;w=1832 1832w, https:\/\/armorallcdnimage.imgix.net\/pl\/wp-content\/uploads\/sites\/15\/2025\/08\/imgi_35_FY23_AA_ORBR_teampartnerlockup_landscape_bluebackground.jpg?auto=format%2Ccompress&amp;w=300 300w, https:\/\/armorallcdnimage.imgix.net\/pl\/wp-content\/uploads\/sites\/15\/2025\/08\/imgi_35_FY23_AA_ORBR_teampartnerlockup_landscape_bluebackground.jpg?auto=format%2Ccompress&amp;w=1024 1024w, https:\/\/armorallcdnimage.imgix.net\/pl\/wp-content\/uploads\/sites\/15\/2025\/08\/imgi_35_FY23_AA_ORBR_teampartnerlockup_landscape_bluebackground.jpg?auto=format%2Ccompress&amp;w=768 768w, https:\/\/armorallcdnimage.imgix.net\/pl\/wp-content\/uploads\/sites\/15\/2025\/08\/imgi_35_FY23_AA_ORBR_teampartnerlockup_landscape_bluebackground.jpg?auto=format%2Ccompress&amp;w=1536 1536w\" sizes=\"(max-width: 1832px) 100vw, 1832px\" \/>\t\t\t\t\t\t\t\t\t\t\t\t\t\t\t<\/div>\n\t\t\t\t<\/div>\n\t\t\t\t<\/div>\n\t\t\t\t\t<\/div>\n\t\t\t\t<\/div>\n\t\t<div class=\"elementor-element elementor-element-0fa7387 e-flex e-con-boxed e-con e-child\" data-id=\"0fa7387\" data-element_type=\"container\" data-e-type=\"container\">\n\t\t\t\t\t<div class=\"e-con-inner\">\n\t\t\t\t<div class=\"elementor-element elementor-element-e5b85d8 elementor-widget elementor-widget-heading\" data-id=\"e5b85d8\" data-element_type=\"widget\" data-e-type=\"widget\" data-widget_type=\"heading.default\">\n\t\t\t\t<div class=\"elementor-widget-container\">\n\t\t\t\t\t<h3 class=\"elementor-heading-title elementor-size-default\">ARMOR ALL\u00ae X ORACLE RED BULL RACING<\/h3>\t\t\t\t<\/div>\n\t\t\t\t<\/div>\n\t\t\t\t<div class=\"elementor-element elementor-element-4b63ad4 elementor-widget__width-initial elementor-widget-mobile__width-initial elementor-widget elementor-widget-heading\" data-id=\"4b63ad4\" data-element_type=\"widget\" data-e-type=\"widget\" data-widget_type=\"heading.default\">\n\t\t\t\t<div class=\"elementor-widget-container\">\n\t\t\t\t\t<h1 class=\"elementor-heading-title elementor-size-default\">Gdy potrzebujesz \u0142atwego i skutecznego \u015brodka czyszcz\u0105cego, postaw na Armor All. Partner w zakresie czyszczenia samochod\u00f3w zespo\u0142u Oracle Red Bull Racing.<\/h1>\t\t\t\t<\/div>\n\t\t\t\t<\/div>\n\t\t\t\t<div class=\"elementor-element elementor-element-6cbf547 elementor-widget elementor-widget-video\" data-id=\"6cbf547\" data-element_type=\"widget\" data-e-type=\"widget\" data-settings=\"{&quot;youtube_url&quot;:&quot;https:\\\/\\\/youtu.be\\\/pQAraQW4aww&quot;,&quot;video_type&quot;:&quot;youtube&quot;,&quot;controls&quot;:&quot;yes&quot;}\" data-widget_type=\"video.default\">\n\t\t\t\t<div class=\"elementor-widget-container\">\n\t\t\t\t\t\t\t<div class=\"elementor-wrapper elementor-open-inline\">\n\t\t\t<div class=\"elementor-video\"><\/div>\t\t<\/div>\n\t\t\t\t\t\t<\/div>\n\t\t\t\t<\/div>\n\t\t\t\t\t<\/div>\n\t\t\t\t<\/div>\n\t\t<div class=\"elementor-element elementor-element-8976441 e-flex e-con-boxed e-con e-parent\" data-id=\"8976441\" data-element_type=\"container\" data-e-type=\"container\">\n\t\t\t\t\t<div class=\"e-con-inner\">\n\t\t<div class=\"elementor-element elementor-element-cef748b e-flex e-con-boxed e-con e-child\" data-id=\"cef748b\" data-element_type=\"container\" data-e-type=\"container\" data-settings=\"{&quot;background_background&quot;:&quot;classic&quot;}\">\n\t\t\t\t\t<div class=\"e-con-inner\">\n\t\t\t\t<div class=\"elementor-element elementor-element-2ffa969 h1 elementor-widget elementor-widget-testimonial\" data-id=\"2ffa969\" data-element_type=\"widget\" data-e-type=\"widget\" id=\"h1\" data-widget_type=\"testimonial.default\">\n\t\t\t\t<div class=\"elementor-widget-container\">\n\t\t\t\t\t\t\t<div class=\"elementor-testimonial-wrapper\">\n\t\t\t\t\t\t\t<div class=\"elementor-testimonial-content\">Cieszymy si\u0119, \u017ce mo\u017cemy przywita\u0107 Armor All\u00ae w Zespole \u2013 to marka podobna do nas, zawsze koncentruje si\u0119 na innowacji, rozwoju i zapewnianiu produkt\u00f3w wysokiej jako\u015bci dla ludzi, kt\u00f3rzy uwielbiaj\u0105 samochody. To b\u0119dzie \u015bcis\u0142e partnerstwo zapewniaj\u0105ce marce Armor All\u00ae globaln\u0105 platform\u0119 do dalszej ekspansji na \u015bwiatowym rynku.<\/div>\n\t\t\t\n\t\t\t\t\t\t<div class=\"elementor-testimonial-meta elementor-has-image elementor-testimonial-image-position-aside\">\n\t\t\t\t<div class=\"elementor-testimonial-meta-inner\">\n\t\t\t\t\t\t\t\t\t\t\t<div class=\"elementor-testimonial-image\">\n\t\t\t\t\t\t\t<img decoding=\"async\" width=\"60\" height=\"60\" src=\"https:\/\/armorall.com\/pl\/wp-content\/uploads\/sites\/15\/2025\/07\/profile.avif\" class=\"attachment-full size-full wp-image-9140\" alt=\"\" \/>\t\t\t\t\t\t<\/div>\n\t\t\t\t\t\n\t\t\t\t\t\t\t\t\t\t<div class=\"elementor-testimonial-details\">\n\t\t\t\t\t\t\t\t\t\t\t\t\t\t<div class=\"elementor-testimonial-name\">CHRISTIAN HORNER OBE<\/div>\n\t\t\t\t\t\t\t\t\t\t\t\t\t\t\t\t\t\t\t\t\t\t<div class=\"elementor-testimonial-job\">Oracle Red Bull Racing, Team Principal<\/div>\n\t\t\t\t\t\t\t\t\t\t\t\t\t<\/div>\n\t\t\t\t\t\t\t\t\t<\/div>\n\t\t\t<\/div>\n\t\t\t\t\t<\/div>\n\t\t\t\t\t\t<\/div>\n\t\t\t\t<\/div>\n\t\t\t\t\t<\/div>\n\t\t\t\t<\/div>\n\t\t\t\t\t<\/div>\n\t\t\t\t<\/div>\n\t\t<div class=\"elementor-element elementor-element-dee2586 e-flex e-con-boxed e-con e-child\" data-id=\"dee2586\" data-element_type=\"container\" data-e-type=\"container\">\n\t\t\t\t\t<div class=\"e-con-inner\">\n\t\t\t\t<div class=\"elementor-element elementor-element-518e8f5 elementor-widget elementor-widget-heading\" data-id=\"518e8f5\" data-element_type=\"widget\" data-e-type=\"widget\" data-widget_type=\"heading.default\">\n\t\t\t\t<div class=\"elementor-widget-container\">\n\t\t\t\t\t<h3 class=\"elementor-heading-title elementor-size-default\">Armor All\u00ae i ekipa techniczna Red Bull Racing<\/h3>\t\t\t\t<\/div>\n\t\t\t\t<\/div>\n\t\t\t\t<div class=\"elementor-element elementor-element-480ee78 elementor-widget elementor-widget-heading\" data-id=\"480ee78\" data-element_type=\"widget\" data-e-type=\"widget\" data-widget_type=\"heading.default\">\n\t\t\t\t<div class=\"elementor-widget-container\">\n\t\t\t\t\t<h1 class=\"elementor-heading-title elementor-size-default\">Oficjalny Partner w zakresie Czyszczenia i Piel\u0119gnacji Samochod\u00f3w zespo\u0142u Oracle Red Bull Racing<\/h1>\t\t\t\t<\/div>\n\t\t\t\t<\/div>\n\t\t\t\t<div class=\"elementor-element elementor-element-b147655 elementor-widget elementor-widget-video\" data-id=\"b147655\" data-element_type=\"widget\" data-e-type=\"widget\" data-settings=\"{&quot;youtube_url&quot;:&quot;https:\\\/\\\/youtu.be\\\/0BFGNZTInCc&quot;,&quot;video_type&quot;:&quot;youtube&quot;,&quot;controls&quot;:&quot;yes&quot;}\" data-widget_type=\"video.default\">\n\t\t\t\t<div class=\"elementor-widget-container\">\n\t\t\t\t\t\t\t<div class=\"elementor-wrapper elementor-open-inline\">\n\t\t\t<div class=\"elementor-video\"><\/div>\t\t<\/div>\n\t\t\t\t\t\t<\/div>\n\t\t\t\t<\/div>\n\t\t\t\t\t<\/div>\n\t\t\t\t<\/div>\n\t\t<div class=\"elementor-element elementor-element-9c5a6be white-bottom e-flex e-con-boxed e-con e-child\" data-id=\"9c5a6be\" data-element_type=\"container\" data-e-type=\"container\" data-settings=\"{&quot;background_background&quot;:&quot;classic&quot;}\">\n\t\t\t\t\t<div class=\"e-con-inner\">\n\t\t\t\t<div class=\"elementor-element elementor-element-d94923e elementor-widget elementor-widget-heading\" data-id=\"d94923e\" data-element_type=\"widget\" data-e-type=\"widget\" data-widget_type=\"heading.default\">\n\t\t\t\t<div class=\"elementor-widget-container\">\n\t\t\t\t\t<h3 class=\"elementor-heading-title elementor-size-default\">Partnerstwo z Oracle Red Bull Racing\n<\/h3>\t\t\t\t<\/div>\n\t\t\t\t<\/div>\n\t\t\t\t<div class=\"elementor-element elementor-element-2da28ed elementor-widget elementor-widget-heading\" data-id=\"2da28ed\" data-element_type=\"widget\" data-e-type=\"widget\" data-widget_type=\"heading.default\">\n\t\t\t\t<div class=\"elementor-widget-container\">\n\t\t\t\t\t<h1 class=\"elementor-heading-title elementor-size-default\">Przygotowani na wszystko\n<\/h1>\t\t\t\t<\/div>\n\t\t\t\t<\/div>\n\t\t<div class=\"elementor-element elementor-element-a02b00a e-con-full e-flex e-con e-child\" data-id=\"a02b00a\" data-element_type=\"container\" data-e-type=\"container\">\n\t\t<div class=\"elementor-element elementor-element-8c5bfe0 e-con-full e-flex e-con e-child\" data-id=\"8c5bfe0\" data-element_type=\"container\" data-e-type=\"container\">\n\t\t\t\t<div class=\"elementor-element elementor-element-04731a5 elementor-widget elementor-widget-text-editor\" data-id=\"04731a5\" data-element_type=\"widget\" data-e-type=\"widget\" data-widget_type=\"text-editor.default\">\n\t\t\t\t<div class=\"elementor-widget-container\">\n\t\t\t\t\t\t\t\t\tW wy\u015bcigach Formu\u0142y 1, podobnie jak na drodze, przygotowanie to podstawa. Ka\u017cdy kierowca, bez wzgl\u0119du na poziom do\u015bwiadczenia, oczekuje najwy\u017cszej jako\u015bci piel\u0119gnacji samochodu. W ramach naszego partnerstwa z zespo\u0142em Oracle Red Bull Racing zobaczysz branding Armor All\u00ae na samochodach Red Bull Racing, w warsztatach oraz na r\u0119kawicach kierowc\u00f3w, Maxa Verstappena i Sergio Pereza. A co r\u00f3wnie wa\u017cne, b\u0119dziemy te\u017c wsp\u00f3\u0142pracowa\u0107 w sklepach, w kt\u00f3rych dost\u0119pne s\u0105 produkty Armor All\u00ae i przy promocjach zapewniaj\u0105cych fanom mo\u017cliwo\u015b\u0107 aktywnego uczestnictwa.\t\t\t\t\t\t\t\t<\/div>\n\t\t\t\t<\/div>\n\t\t\t\t<\/div>\n\t\t<div class=\"elementor-element elementor-element-e8c6d6c e-con-full e-flex e-con e-child\" data-id=\"e8c6d6c\" data-element_type=\"container\" data-e-type=\"container\">\n\t\t\t\t<div class=\"elementor-element elementor-element-edf2980 elementor-widget elementor-widget-text-editor\" data-id=\"edf2980\" data-element_type=\"widget\" data-e-type=\"widget\" data-widget_type=\"text-editor.default\">\n\t\t\t\t<div class=\"elementor-widget-container\">\n\t\t\t\t\t\t\t\t\t\u201eJeste\u015bmy zachwyceni, \u017ce mo\u017cemy do\u0142\u0105czy\u0107 do Oracle Red Bull Racing jako oficjalny partner zespo\u0142u w zakresie czyszczenia i piel\u0119gnacji samochod\u00f3w, \u0142\u0105cz\u0105c dwie kultowe marki, kt\u00f3re ceni\u0105 sobie innowacyjno\u015b\u0107 i wysok\u0105 jako\u015b\u0107\u201d \u2013 powiedzia\u0142a Lori Shambro, Chief Marketing Officer w Energizer Holdings, Inc. \u201eTo partnerstwo jest donios\u0142e dla Armor All\u00ae, poniewa\u017c staramy si\u0119, aby nasza marka by\u0142a dost\u0119pna dla wi\u0119kszej liczby klient\u00f3w na ca\u0142ym \u015bwiecie, poprzez relacje z lud\u017ami, kt\u00f3rzy dziel\u0105 nasz\u0105 mi\u0142o\u015b\u0107 do samochod\u00f3w i wy\u015bcig\u00f3w.\u201d\t\t\t\t\t\t\t\t<\/div>\n\t\t\t\t<\/div>\n\t\t\t\t<\/div>\n\t\t\t\t<\/div>\n\t\t\t\t\t<\/div>\n\t\t\t\t<\/div>\n\t\t\t\t<\/div>\n\t\t","protected":false},"excerpt":{"rendered":"<p>Jeste\u015bmy zachwyceni, \u017ce mo\u017cemy do\u0142\u0105czy\u0107 do Oracle Red Bull Racing jako oficjalny partner zespo\u0142u w zakresie czyszczenia i piel\u0119gnacji samochod\u00f3w, \u0142\u0105cz\u0105c dwie kultowe marki, kt\u00f3re ceni\u0105 sobie innowacyjno\u015b\u0107 i wysok\u0105 jako\u015b\u0107. ARMOR ALL\u00ae X ORACLE RED BULL RACING Gdy potrzebujesz \u0142atwego i skutecznego \u015brodka czyszcz\u0105cego, postaw na Armor All. Partner w zakresie czyszczenia samochod\u00f3w zespo\u0142u [&hellip;]<\/p>\n","protected":false},"author":7,"featured_media":0,"parent":6442,"menu_order":0,"comment_status":"closed","ping_status":"closed","template":"elementor_header_footer","meta":{"_acf_changed":false,"inline_featured_image":false,"footnotes":""},"class_list":["post-9137","page","type-page","status-publish","hentry"],"acf":[],"yoast_head":"<!-- This site is optimized with the Yoast SEO Premium plugin v27.3 (Yoast SEO v27.3) - https:\/\/yoast.com\/product\/yoast-seo-premium-wordpress\/ -->\n<title>Oracle Red Bull Racing | Armor All\u00ae<\/title>\n<meta name=\"description\" content=\"Dowiedz si\u0119 wi\u0119cej o naszym partnerstwie z Oracle Red Bull Racing \u2013 zespo\u0142em, kt\u00f3ry czterokrotnie zdoby\u0142 Mistrzostwo \u015awiata Formu\u0142y 1.\" \/>\n<meta name=\"robots\" content=\"index, follow, max-snippet:-1, max-image-preview:large, max-video-preview:-1\" \/>\n<link rel=\"canonical\" href=\"https:\/\/armorall.com\/pl\/o-nas\/programy-partnerskie\/oracle-red-bull-racing\/\" \/>\n<meta property=\"og:locale\" content=\"en_US\" \/>\n<meta property=\"og:type\" content=\"article\" \/>\n<meta property=\"og:title\" content=\"Oracle Red Bull Racing\" \/>\n<meta property=\"og:description\" content=\"Dowiedz si\u0119 wi\u0119cej o naszym partnerstwie z Oracle Red Bull Racing \u2013 zespo\u0142em, kt\u00f3ry czterokrotnie zdoby\u0142 Mistrzostwo \u015awiata Formu\u0142y 1.\" \/>\n<meta property=\"og:url\" content=\"https:\/\/armorall.com\/pl\/o-nas\/programy-partnerskie\/oracle-red-bull-racing\/\" \/>\n<meta property=\"og:site_name\" content=\"Armor All - PL\" \/>\n<meta property=\"article:modified_time\" content=\"2026-01-23T13:54:13+00:00\" \/>\n<meta property=\"og:image\" content=\"https:\/\/armorall.com\/pl\/wp-content\/uploads\/sites\/15\/2025\/08\/imgi_35_FY23_AA_ORBR_teampartnerlockup_landscape_bluebackground.jpg\" \/>\n<meta name=\"twitter:card\" content=\"summary_large_image\" \/>\n<script type=\"application\/ld+json\" class=\"yoast-schema-graph\">{\"@context\":\"https:\\\/\\\/schema.org\",\"@graph\":[{\"@type\":\"WebPage\",\"@id\":\"https:\\\/\\\/armorall.com\\\/pl\\\/o-nas\\\/programy-partnerskie\\\/oracle-red-bull-racing\\\/\",\"url\":\"https:\\\/\\\/armorall.com\\\/pl\\\/o-nas\\\/programy-partnerskie\\\/oracle-red-bull-racing\\\/\",\"name\":\"Oracle Red Bull Racing | Armor All\u00ae\",\"isPartOf\":{\"@id\":\"https:\\\/\\\/armorall.com\\\/pl\\\/#website\"},\"primaryImageOfPage\":{\"@id\":\"https:\\\/\\\/armorall.com\\\/pl\\\/o-nas\\\/programy-partnerskie\\\/oracle-red-bull-racing\\\/#primaryimage\"},\"image\":{\"@id\":\"https:\\\/\\\/armorall.com\\\/pl\\\/o-nas\\\/programy-partnerskie\\\/oracle-red-bull-racing\\\/#primaryimage\"},\"thumbnailUrl\":\"https:\\\/\\\/armorall.com\\\/pl\\\/wp-content\\\/uploads\\\/sites\\\/15\\\/2025\\\/08\\\/imgi_35_FY23_AA_ORBR_teampartnerlockup_landscape_bluebackground.jpg\",\"datePublished\":\"2025-07-09T10:37:01+00:00\",\"dateModified\":\"2026-01-23T13:54:13+00:00\",\"description\":\"Dowiedz si\u0119 wi\u0119cej o naszym partnerstwie z Oracle Red Bull Racing \u2013 zespo\u0142em, kt\u00f3ry czterokrotnie zdoby\u0142 Mistrzostwo \u015awiata Formu\u0142y 1.\",\"breadcrumb\":{\"@id\":\"https:\\\/\\\/armorall.com\\\/pl\\\/o-nas\\\/programy-partnerskie\\\/oracle-red-bull-racing\\\/#breadcrumb\"},\"inLanguage\":\"en-US\",\"potentialAction\":[{\"@type\":\"ReadAction\",\"target\":[\"https:\\\/\\\/armorall.com\\\/pl\\\/o-nas\\\/programy-partnerskie\\\/oracle-red-bull-racing\\\/\"]}]},{\"@type\":\"ImageObject\",\"inLanguage\":\"en-US\",\"@id\":\"https:\\\/\\\/armorall.com\\\/pl\\\/o-nas\\\/programy-partnerskie\\\/oracle-red-bull-racing\\\/#primaryimage\",\"url\":\"https:\\\/\\\/armorallcdnimage.imgix.net\\\/pl\\\/wp-content\\\/uploads\\\/sites\\\/15\\\/2025\\\/08\\\/imgi_35_FY23_AA_ORBR_teampartnerlockup_landscape_bluebackground.jpg?auto=format%2Ccompress\",\"contentUrl\":\"https:\\\/\\\/armorallcdnimage.imgix.net\\\/pl\\\/wp-content\\\/uploads\\\/sites\\\/15\\\/2025\\\/08\\\/imgi_35_FY23_AA_ORBR_teampartnerlockup_landscape_bluebackground.jpg?auto=format%2Ccompress\",\"width\":1832,\"height\":651},{\"@type\":\"BreadcrumbList\",\"@id\":\"https:\\\/\\\/armorall.com\\\/pl\\\/o-nas\\\/programy-partnerskie\\\/oracle-red-bull-racing\\\/#breadcrumb\",\"itemListElement\":[{\"@type\":\"ListItem\",\"position\":1,\"name\":\"Home\",\"item\":\"https:\\\/\\\/armorall.com\\\/pl\\\/\"},{\"@type\":\"ListItem\",\"position\":2,\"name\":\"O nas\",\"item\":\"https:\\\/\\\/armorall.com\\\/pl\\\/o-nas\\\/\"},{\"@type\":\"ListItem\",\"position\":3,\"name\":\"Programy partnerskie\",\"item\":\"https:\\\/\\\/armorall.com\\\/pl\\\/o-nas\\\/programy-partnerskie\\\/\"},{\"@type\":\"ListItem\",\"position\":4,\"name\":\"Oracle Red Bull Racing\"}]},{\"@type\":\"WebSite\",\"@id\":\"https:\\\/\\\/armorall.com\\\/pl\\\/#website\",\"url\":\"https:\\\/\\\/armorall.com\\\/pl\\\/\",\"name\":\"Armor All\",\"description\":\"\",\"publisher\":{\"@id\":\"https:\\\/\\\/armorall.com\\\/pl\\\/#organization\"},\"potentialAction\":[{\"@type\":\"SearchAction\",\"target\":{\"@type\":\"EntryPoint\",\"urlTemplate\":\"https:\\\/\\\/armorall.com\\\/pl\\\/?s={search_term_string}\"},\"query-input\":{\"@type\":\"PropertyValueSpecification\",\"valueRequired\":true,\"valueName\":\"search_term_string\"}}],\"inLanguage\":\"en-US\"},{\"@type\":\"Organization\",\"@id\":\"https:\\\/\\\/armorall.com\\\/pl\\\/#organization\",\"name\":\"ArmorAll\",\"url\":\"https:\\\/\\\/armorall.com\\\/pl\\\/\",\"logo\":{\"@type\":\"ImageObject\",\"inLanguage\":\"en-US\",\"@id\":\"https:\\\/\\\/armorall.com\\\/pl\\\/#\\\/schema\\\/logo\\\/image\\\/\",\"url\":\"https:\\\/\\\/armorall.com\\\/pl\\\/wp-content\\\/uploads\\\/sites\\\/15\\\/2025\\\/03\\\/AA-Logo.avif\",\"contentUrl\":\"https:\\\/\\\/armorall.com\\\/pl\\\/wp-content\\\/uploads\\\/sites\\\/15\\\/2025\\\/03\\\/AA-Logo.avif\",\"width\":300,\"height\":175,\"caption\":\"ArmorAll\"},\"image\":{\"@id\":\"https:\\\/\\\/armorall.com\\\/pl\\\/#\\\/schema\\\/logo\\\/image\\\/\"}}]}<\/script>\n<!-- \/ Yoast SEO Premium plugin. -->","yoast_head_json":{"title":"Oracle Red Bull Racing | Armor All\u00ae","description":"Dowiedz si\u0119 wi\u0119cej o naszym partnerstwie z Oracle Red Bull Racing \u2013 zespo\u0142em, kt\u00f3ry czterokrotnie zdoby\u0142 Mistrzostwo \u015awiata Formu\u0142y 1.","robots":{"index":"index","follow":"follow","max-snippet":"max-snippet:-1","max-image-preview":"max-image-preview:large","max-video-preview":"max-video-preview:-1"},"canonical":"https:\/\/armorall.com\/pl\/o-nas\/programy-partnerskie\/oracle-red-bull-racing\/","og_locale":"en_US","og_type":"article","og_title":"Oracle Red Bull Racing","og_description":"Dowiedz si\u0119 wi\u0119cej o naszym partnerstwie z Oracle Red Bull Racing \u2013 zespo\u0142em, kt\u00f3ry czterokrotnie zdoby\u0142 Mistrzostwo \u015awiata Formu\u0142y 1.","og_url":"https:\/\/armorall.com\/pl\/o-nas\/programy-partnerskie\/oracle-red-bull-racing\/","og_site_name":"Armor All - PL","article_modified_time":"2026-01-23T13:54:13+00:00","og_image":[{"url":"https:\/\/armorall.com\/pl\/wp-content\/uploads\/sites\/15\/2025\/08\/imgi_35_FY23_AA_ORBR_teampartnerlockup_landscape_bluebackground.jpg","type":"","width":"","height":""}],"twitter_card":"summary_large_image","schema":{"@context":"https:\/\/schema.org","@graph":[{"@type":"WebPage","@id":"https:\/\/armorall.com\/pl\/o-nas\/programy-partnerskie\/oracle-red-bull-racing\/","url":"https:\/\/armorall.com\/pl\/o-nas\/programy-partnerskie\/oracle-red-bull-racing\/","name":"Oracle Red Bull Racing | Armor All\u00ae","isPartOf":{"@id":"https:\/\/armorall.com\/pl\/#website"},"primaryImageOfPage":{"@id":"https:\/\/armorall.com\/pl\/o-nas\/programy-partnerskie\/oracle-red-bull-racing\/#primaryimage"},"image":{"@id":"https:\/\/armorall.com\/pl\/o-nas\/programy-partnerskie\/oracle-red-bull-racing\/#primaryimage"},"thumbnailUrl":"https:\/\/armorall.com\/pl\/wp-content\/uploads\/sites\/15\/2025\/08\/imgi_35_FY23_AA_ORBR_teampartnerlockup_landscape_bluebackground.jpg","datePublished":"2025-07-09T10:37:01+00:00","dateModified":"2026-01-23T13:54:13+00:00","description":"Dowiedz si\u0119 wi\u0119cej o naszym partnerstwie z Oracle Red Bull Racing \u2013 zespo\u0142em, kt\u00f3ry czterokrotnie zdoby\u0142 Mistrzostwo \u015awiata Formu\u0142y 1.","breadcrumb":{"@id":"https:\/\/armorall.com\/pl\/o-nas\/programy-partnerskie\/oracle-red-bull-racing\/#breadcrumb"},"inLanguage":"en-US","potentialAction":[{"@type":"ReadAction","target":["https:\/\/armorall.com\/pl\/o-nas\/programy-partnerskie\/oracle-red-bull-racing\/"]}]},{"@type":"ImageObject","inLanguage":"en-US","@id":"https:\/\/armorall.com\/pl\/o-nas\/programy-partnerskie\/oracle-red-bull-racing\/#primaryimage","url":"https:\/\/armorallcdnimage.imgix.net\/pl\/wp-content\/uploads\/sites\/15\/2025\/08\/imgi_35_FY23_AA_ORBR_teampartnerlockup_landscape_bluebackground.jpg?auto=format%2Ccompress","contentUrl":"https:\/\/armorallcdnimage.imgix.net\/pl\/wp-content\/uploads\/sites\/15\/2025\/08\/imgi_35_FY23_AA_ORBR_teampartnerlockup_landscape_bluebackground.jpg?auto=format%2Ccompress","width":1832,"height":651},{"@type":"BreadcrumbList","@id":"https:\/\/armorall.com\/pl\/o-nas\/programy-partnerskie\/oracle-red-bull-racing\/#breadcrumb","itemListElement":[{"@type":"ListItem","position":1,"name":"Home","item":"https:\/\/armorall.com\/pl\/"},{"@type":"ListItem","position":2,"name":"O nas","item":"https:\/\/armorall.com\/pl\/o-nas\/"},{"@type":"ListItem","position":3,"name":"Programy partnerskie","item":"https:\/\/armorall.com\/pl\/o-nas\/programy-partnerskie\/"},{"@type":"ListItem","position":4,"name":"Oracle Red Bull Racing"}]},{"@type":"WebSite","@id":"https:\/\/armorall.com\/pl\/#website","url":"https:\/\/armorall.com\/pl\/","name":"Armor All","description":"","publisher":{"@id":"https:\/\/armorall.com\/pl\/#organization"},"potentialAction":[{"@type":"SearchAction","target":{"@type":"EntryPoint","urlTemplate":"https:\/\/armorall.com\/pl\/?s={search_term_string}"},"query-input":{"@type":"PropertyValueSpecification","valueRequired":true,"valueName":"search_term_string"}}],"inLanguage":"en-US"},{"@type":"Organization","@id":"https:\/\/armorall.com\/pl\/#organization","name":"ArmorAll","url":"https:\/\/armorall.com\/pl\/","logo":{"@type":"ImageObject","inLanguage":"en-US","@id":"https:\/\/armorall.com\/pl\/#\/schema\/logo\/image\/","url":"https:\/\/armorall.com\/pl\/wp-content\/uploads\/sites\/15\/2025\/03\/AA-Logo.avif","contentUrl":"https:\/\/armorall.com\/pl\/wp-content\/uploads\/sites\/15\/2025\/03\/AA-Logo.avif","width":300,"height":175,"caption":"ArmorAll"},"image":{"@id":"https:\/\/armorall.com\/pl\/#\/schema\/logo\/image\/"}}]}},"_links":{"self":[{"href":"https:\/\/armorall.com\/pl\/wp-json\/wp\/v2\/pages\/9137","targetHints":{"allow":["GET"]}}],"collection":[{"href":"https:\/\/armorall.com\/pl\/wp-json\/wp\/v2\/pages"}],"about":[{"href":"https:\/\/armorall.com\/pl\/wp-json\/wp\/v2\/types\/page"}],"author":[{"embeddable":true,"href":"https:\/\/armorall.com\/pl\/wp-json\/wp\/v2\/users\/7"}],"replies":[{"embeddable":true,"href":"https:\/\/armorall.com\/pl\/wp-json\/wp\/v2\/comments?post=9137"}],"version-history":[{"count":28,"href":"https:\/\/armorall.com\/pl\/wp-json\/wp\/v2\/pages\/9137\/revisions"}],"predecessor-version":[{"id":11625,"href":"https:\/\/armorall.com\/pl\/wp-json\/wp\/v2\/pages\/9137\/revisions\/11625"}],"up":[{"embeddable":true,"href":"https:\/\/armorall.com\/pl\/wp-json\/wp\/v2\/pages\/6442"}],"wp:attachment":[{"href":"https:\/\/armorall.com\/pl\/wp-json\/wp\/v2\/media?parent=9137"}],"curies":[{"name":"wp","href":"https:\/\/api.w.org\/{rel}","templated":true}]}}