{"id":4390,"date":"2025-03-25T11:54:28","date_gmt":"2025-03-25T06:24:28","guid":{"rendered":"https:\/\/4b2c8fe15a.nxcli.io\/se\/?page_id=4390"},"modified":"2026-01-23T16:03:04","modified_gmt":"2026-01-23T10:33:04","slug":"tips-for-exterioren","status":"publish","type":"page","link":"https:\/\/armorall.com\/se\/hjalp-och-rad\/tips-for-exterioren\/","title":{"rendered":"Tips f\u00f6r Exteri\u00f6ren"},"content":{"rendered":"\t\t<div data-elementor-type=\"wp-page\" data-elementor-id=\"4390\" class=\"elementor elementor-4390\" data-elementor-post-type=\"page\">\n\t\t\t\t<div class=\"elementor-element elementor-element-508e1d9 arm-header e-flex e-con-boxed e-con e-parent\" data-id=\"508e1d9\" data-element_type=\"container\" data-e-type=\"container\" data-settings=\"{&quot;background_background&quot;:&quot;classic&quot;,&quot;shape_divider_bottom&quot;:&quot;tilt&quot;}\">\n\t\t\t\t\t<div class=\"e-con-inner\">\n\t\t\t\t<div class=\"elementor-shape elementor-shape-bottom\" aria-hidden=\"true\" data-negative=\"false\">\n\t\t\t<svg xmlns=\"http:\/\/www.w3.org\/2000\/svg\" viewBox=\"0 0 1000 100\" preserveAspectRatio=\"none\">\n\t<path class=\"elementor-shape-fill\" d=\"M0,6V0h1000v100L0,6z\"\/>\n<\/svg>\t\t<\/div>\n\t\t<div class=\"elementor-element elementor-element-eed7209 e-flex e-con-boxed e-con e-child\" data-id=\"eed7209\" data-element_type=\"container\" data-e-type=\"container\">\n\t\t\t\t\t<div class=\"e-con-inner\">\n\t\t\t\t<div class=\"elementor-element elementor-element-efd7c6a elementor-widget elementor-widget-breadcrumbs\" data-id=\"efd7c6a\" data-element_type=\"widget\" data-e-type=\"widget\" data-widget_type=\"breadcrumbs.default\">\n\t\t\t\t<div class=\"elementor-widget-container\">\n\t\t\t\t\t<p id=\"breadcrumbs\"><span><span><a href=\"https:\/\/armorall.com\/se\/\">Home<\/a><\/span><\/span><\/p>\t\t\t\t<\/div>\n\t\t\t\t<\/div>\n\t\t\t\t<div class=\"elementor-element elementor-element-5fa1828 elementor-widget elementor-widget-text-editor\" data-id=\"5fa1828\" data-element_type=\"widget\" data-e-type=\"widget\" data-widget_type=\"text-editor.default\">\n\t\t\t\t<div class=\"elementor-widget-container\">\n\t\t\t\t\t\t\t\t\tVi vet allt om hur du skyddar din bil, b\u00e5de p\u00e5 in- och utsidan. H\u00e4r \u00e4r allt vi vet om att h\u00e5lla bilens exteri\u00f6r i nyskick.\t\t\t\t\t\t\t\t<\/div>\n\t\t\t\t<\/div>\n\t\t\t\t\t<\/div>\n\t\t\t\t<\/div>\n\t\t<div class=\"elementor-element elementor-element-51b7f3f e-con-full e-flex e-con e-child\" data-id=\"51b7f3f\" data-element_type=\"container\" data-e-type=\"container\">\n\t\t\t\t<\/div>\n\t\t\t\t\t<\/div>\n\t\t\t\t<\/div>\n\t\t<div class=\"elementor-element elementor-element-a55efeb e-flex e-con-boxed e-con e-parent\" data-id=\"a55efeb\" data-element_type=\"container\" data-e-type=\"container\" data-settings=\"{&quot;shape_divider_top&quot;:&quot;tilt&quot;}\">\n\t\t\t\t\t<div class=\"e-con-inner\">\n\t\t\t\t<div class=\"elementor-shape elementor-shape-top\" aria-hidden=\"true\" data-negative=\"false\">\n\t\t\t<svg xmlns=\"http:\/\/www.w3.org\/2000\/svg\" viewBox=\"0 0 1000 100\" preserveAspectRatio=\"none\">\n\t<path class=\"elementor-shape-fill\" d=\"M0,6V0h1000v100L0,6z\"\/>\n<\/svg>\t\t<\/div>\n\t\t\t\t<div class=\"elementor-element elementor-element-f5b30e8 elementor-pagination-type-bullets elementor-arrows-position-inside elementor-pagination-position-outside elementor-widget elementor-widget-loop-carousel\" data-id=\"f5b30e8\" data-element_type=\"widget\" data-e-type=\"widget\" data-settings=\"{&quot;template_id&quot;:&quot;8063&quot;,&quot;_skin&quot;:&quot;post&quot;,&quot;slides_to_show&quot;:&quot;3&quot;,&quot;slides_to_show_tablet&quot;:&quot;2&quot;,&quot;slides_to_show_mobile&quot;:&quot;1&quot;,&quot;slides_to_scroll&quot;:&quot;1&quot;,&quot;edit_handle_selector&quot;:&quot;.elementor-loop-container&quot;,&quot;speed&quot;:500,&quot;arrows&quot;:&quot;yes&quot;,&quot;pagination&quot;:&quot;bullets&quot;,&quot;image_spacing_custom&quot;:{&quot;unit&quot;:&quot;px&quot;,&quot;size&quot;:10,&quot;sizes&quot;:[]},&quot;image_spacing_custom_tablet&quot;:{&quot;unit&quot;:&quot;px&quot;,&quot;size&quot;:&quot;&quot;,&quot;sizes&quot;:[]},&quot;image_spacing_custom_mobile&quot;:{&quot;unit&quot;:&quot;px&quot;,&quot;size&quot;:&quot;&quot;,&quot;sizes&quot;:[]}}\" data-widget_type=\"loop-carousel.post\">\n\t\t\t\t<div class=\"elementor-widget-container\">\n\t\t\t\t\t\t\t<div class=\"swiper elementor-loop-container elementor-grid\" role=\"list\" dir=\"ltr\">\n\t\t\t\t<div class=\"swiper-wrapper\" aria-live=\"polite\">\n\t\t<style id=\"loop-8063\">.elementor-8063 .elementor-element.elementor-element-b89c4e4{--display:flex;--flex-direction:column;--container-widget-width:100%;--container-widget-height:initial;--container-widget-flex-grow:0;--container-widget-align-self:initial;--flex-wrap-mobile:wrap;}.elementor-widget-image .widget-image-caption{color:var( --e-global-color-text );font-family:var( --e-global-typography-text-font-family ), Sans-serif;font-weight:var( --e-global-typography-text-font-weight );}.elementor-8063 .elementor-element.elementor-element-b2acd34 img{width:100%;max-width:100%;height:275px;object-fit:cover;object-position:center center;border-style:solid;border-width:0px 0px 5px 0px;border-color:#FC8F00;}.elementor-widget-heading .elementor-heading-title{font-family:var( --e-global-typography-primary-font-family ), Sans-serif;font-weight:var( --e-global-typography-primary-font-weight );}.elementor-8063 .elementor-element.elementor-element-3ab02e6 .elementor-heading-title{font-family:\"roboto_condensed\", Sans-serif;font-size:12px;font-weight:600;text-transform:uppercase;line-height:12px;color:#F35F15;}.elementor-widget-theme-post-title .elementor-heading-title{font-family:var( --e-global-typography-primary-font-family ), Sans-serif;font-weight:var( --e-global-typography-primary-font-weight );}.elementor-8063 .elementor-element.elementor-element-7120c1f .elementor-heading-title{font-family:\"roboto_condensed\", Sans-serif;font-size:24px;font-weight:600;text-transform:uppercase;line-height:26px;letter-spacing:1px;color:#FFFFFF;}.elementor-widget-theme-post-excerpt .elementor-widget-container{font-family:var( --e-global-typography-text-font-family ), Sans-serif;font-weight:var( --e-global-typography-text-font-weight );color:var( --e-global-color-text );}.elementor-8063 .elementor-element.elementor-element-de330d2 .elementor-widget-container{color:#FFFFFF;}.elementor-8063 .elementor-element.elementor-element-de330d2 a{color:#FFFFFF;}.elementor-8063 .elementor-element.elementor-element-de330d2 a:hover, .elementor-8063 .elementor-element.elementor-element-de330d2 a:focus{color:#F35F15;}<\/style>\t\t<div data-elementor-type=\"loop-item\" data-elementor-id=\"8063\" class=\"elementor elementor-8063 swiper-slide e-loop-item e-loop-item-10842 post-10842 post type-post status-publish format-standard has-post-thumbnail hentry category-tips-for-exterioren tag-experttips tag-exterior tag-polering-och-vax\" data-elementor-post-type=\"elementor_library\" role=\"group\" aria-roledescription=\"slide\" data-custom-edit-handle=\"1\">\n\t\t\t<div class=\"elementor-element elementor-element-b89c4e4 e-flex e-con-boxed e-con e-parent\" data-id=\"b89c4e4\" data-element_type=\"container\" data-e-type=\"container\">\n\t\t\t\t\t<div class=\"e-con-inner\">\n\t\t\t\t<div class=\"elementor-element elementor-element-b2acd34 elementor-widget elementor-widget-image\" data-id=\"b2acd34\" data-element_type=\"widget\" data-e-type=\"widget\" data-widget_type=\"image.default\">\n\t\t\t\t<div class=\"elementor-widget-container\">\n\t\t\t\t\t\t\t\t\t\t\t\t\t\t\t\t<a href=\"https:\/\/armorall.com\/se\/help-advices\/hur-man-polerar-och-vaxar-en-bil\/\" aria-label=\"Post image\">\n\t\t\t\t\t\t\t<img fetchpriority=\"high\" decoding=\"async\" width=\"1024\" height=\"1024\" src=\"https:\/\/armorallcdnimage.imgix.net\/se\/wp-content\/uploads\/sites\/19\/2021\/08\/polish-and-wax.jpg?auto=format%2Ccompress&amp;w=1024&amp;h=1024\" class=\"attachment-large size-large wp-image-4086\" alt=\"\" \/>\t\t\t\t\t\t\t\t<\/a>\n\t\t\t\t\t\t\t\t\t\t\t\t\t\t\t<\/div>\n\t\t\t\t<\/div>\n\t\t\t\t<div class=\"elementor-element elementor-element-3ab02e6 elementor-widget elementor-widget-heading\" data-id=\"3ab02e6\" data-element_type=\"widget\" data-e-type=\"widget\" data-widget_type=\"heading.default\">\n\t\t\t\t<div class=\"elementor-widget-container\">\n\t\t\t\t\t<h5 class=\"elementor-heading-title elementor-size-default\"><a href=\"https:\/\/armorall.com\/se\/hjalp-och-rad\/?category=tips-for-exterioren\" rel=\"tag\">Tips f\u00f6r exteri\u00f6ren<\/a><\/h5>\t\t\t\t<\/div>\n\t\t\t\t<\/div>\n\t\t\t\t<div class=\"elementor-element elementor-element-7120c1f elementor-widget elementor-widget-theme-post-title elementor-page-title elementor-widget-heading\" data-id=\"7120c1f\" data-element_type=\"widget\" data-e-type=\"widget\" data-widget_type=\"theme-post-title.default\">\n\t\t\t\t<div class=\"elementor-widget-container\">\n\t\t\t\t\t<h1 class=\"elementor-heading-title elementor-size-default\"><a href=\"https:\/\/armorall.com\/se\/help-advices\/hur-man-polerar-och-vaxar-en-bil\/\">Hur man polerar och vaxar en bil<\/a><\/h1>\t\t\t\t<\/div>\n\t\t\t\t<\/div>\n\t\t\t\t<div class=\"elementor-element elementor-element-de330d2 elementor-widget elementor-widget-theme-post-excerpt\" data-id=\"de330d2\" data-element_type=\"widget\" data-e-type=\"widget\" data-widget_type=\"theme-post-excerpt.default\">\n\t\t\t\t<div class=\"elementor-widget-container\">\n\t\t\t\t\t\u00c4ven om din bil lackats med kvalitetslackering beh\u00f6ver du fortfarande skydda\u00a0 ytan fr\u00e5n oxidation och slitage. \t\t\t\t<\/div>\n\t\t\t\t<\/div>\n\t\t\t\t\t<\/div>\n\t\t\t\t<\/div>\n\t\t\t\t<\/div>\n\t\t\t\t<div data-elementor-type=\"loop-item\" data-elementor-id=\"8063\" class=\"elementor elementor-8063 swiper-slide e-loop-item e-loop-item-10839 post-10839 post type-post status-publish format-standard has-post-thumbnail hentry category-tips-for-exterioren tag-biltvatt tag-experttips tag-exterior\" data-elementor-post-type=\"elementor_library\" role=\"group\" aria-roledescription=\"slide\" data-custom-edit-handle=\"1\">\n\t\t\t<div class=\"elementor-element elementor-element-b89c4e4 e-flex e-con-boxed e-con e-parent\" data-id=\"b89c4e4\" data-element_type=\"container\" data-e-type=\"container\">\n\t\t\t\t\t<div class=\"e-con-inner\">\n\t\t\t\t<div class=\"elementor-element elementor-element-b2acd34 elementor-widget elementor-widget-image\" data-id=\"b2acd34\" data-element_type=\"widget\" data-e-type=\"widget\" data-widget_type=\"image.default\">\n\t\t\t\t<div class=\"elementor-widget-container\">\n\t\t\t\t\t\t\t\t\t\t\t\t\t\t\t\t<a href=\"https:\/\/armorall.com\/se\/help-advices\/biltvatt-hemma\/\" aria-label=\"Post image\">\n\t\t\t\t\t\t\t<img decoding=\"async\" width=\"1024\" height=\"1024\" src=\"https:\/\/armorallcdnimage.imgix.net\/se\/wp-content\/uploads\/sites\/19\/2021\/08\/AA_Commissioned_Car-Wash-Soapy-Mitt_AVHWSB-_AUDVHWCRB_AVHWHDB_AVHWHDB_AVHWB_33_March2024-2.png?auto=format%2Ccompress&amp;w=1024&amp;h=1024\" class=\"attachment-large size-large wp-image-4856\" alt=\"\" \/>\t\t\t\t\t\t\t\t<\/a>\n\t\t\t\t\t\t\t\t\t\t\t\t\t\t\t<\/div>\n\t\t\t\t<\/div>\n\t\t\t\t<div class=\"elementor-element elementor-element-3ab02e6 elementor-widget elementor-widget-heading\" data-id=\"3ab02e6\" data-element_type=\"widget\" data-e-type=\"widget\" data-widget_type=\"heading.default\">\n\t\t\t\t<div class=\"elementor-widget-container\">\n\t\t\t\t\t<h5 class=\"elementor-heading-title elementor-size-default\"><a href=\"https:\/\/armorall.com\/se\/hjalp-och-rad\/?category=tips-for-exterioren\" rel=\"tag\">Tips f\u00f6r exteri\u00f6ren<\/a><\/h5>\t\t\t\t<\/div>\n\t\t\t\t<\/div>\n\t\t\t\t<div class=\"elementor-element elementor-element-7120c1f elementor-widget elementor-widget-theme-post-title elementor-page-title elementor-widget-heading\" data-id=\"7120c1f\" data-element_type=\"widget\" data-e-type=\"widget\" data-widget_type=\"theme-post-title.default\">\n\t\t\t\t<div class=\"elementor-widget-container\">\n\t\t\t\t\t<h1 class=\"elementor-heading-title elementor-size-default\"><a href=\"https:\/\/armorall.com\/se\/help-advices\/biltvatt-hemma\/\">Biltv\u00e4tt hemma \u2013 r\u00e5d och tips<\/a><\/h1>\t\t\t\t<\/div>\n\t\t\t\t<\/div>\n\t\t\t\t<div class=\"elementor-element elementor-element-de330d2 elementor-widget elementor-widget-theme-post-excerpt\" data-id=\"de330d2\" data-element_type=\"widget\" data-e-type=\"widget\" data-widget_type=\"theme-post-excerpt.default\">\n\t\t\t\t<div class=\"elementor-widget-container\">\n\t\t\t\t\tAtt ge din bil en premiumtv\u00e4tt hemma kan vara enklare \u00e4n du tror, genom att v\u00e4lja de b\u00e4sta biltv\u00e4ttsprodukterna f\u00f6r ditt fordon och veta hur du anv\u00e4nder dem korrekt. L\u00e4s vidare f\u00f6r att f\u00e5 v\u00e5ra hemmabiltv\u00e4tttips. \t\t\t\t<\/div>\n\t\t\t\t<\/div>\n\t\t\t\t\t<\/div>\n\t\t\t\t<\/div>\n\t\t\t\t<\/div>\n\t\t\t\t<div data-elementor-type=\"loop-item\" data-elementor-id=\"8063\" class=\"elementor elementor-8063 swiper-slide e-loop-item e-loop-item-10835 post-10835 post type-post status-publish format-standard has-post-thumbnail hentry category-tips-for-exterioren tag-experttips tag-exterior\" data-elementor-post-type=\"elementor_library\" role=\"group\" aria-roledescription=\"slide\" data-custom-edit-handle=\"1\">\n\t\t\t<div class=\"elementor-element elementor-element-b89c4e4 e-flex e-con-boxed e-con e-parent\" data-id=\"b89c4e4\" data-element_type=\"container\" data-e-type=\"container\">\n\t\t\t\t\t<div class=\"e-con-inner\">\n\t\t\t\t<div class=\"elementor-element elementor-element-b2acd34 elementor-widget elementor-widget-image\" data-id=\"b2acd34\" data-element_type=\"widget\" data-e-type=\"widget\" data-widget_type=\"image.default\">\n\t\t\t\t<div class=\"elementor-widget-container\">\n\t\t\t\t\t\t\t\t\t\t\t\t\t\t\t\t<a href=\"https:\/\/armorall.com\/se\/help-advices\/hur-man-rengor-bilrutor\/\" aria-label=\"Post image\">\n\t\t\t\t\t\t\t<img decoding=\"async\" width=\"1024\" height=\"1024\" src=\"https:\/\/armorall.com\/se\/wp-content\/uploads\/sites\/19\/2025\/07\/AA_Commissioned_Glass-Cleaner_AGLCT_2576_March2024.avif?w=1024&amp;h=1024\" class=\"attachment-large size-large wp-image-6770\" alt=\"\" \/>\t\t\t\t\t\t\t\t<\/a>\n\t\t\t\t\t\t\t\t\t\t\t\t\t\t\t<\/div>\n\t\t\t\t<\/div>\n\t\t\t\t<div class=\"elementor-element elementor-element-3ab02e6 elementor-widget elementor-widget-heading\" data-id=\"3ab02e6\" data-element_type=\"widget\" data-e-type=\"widget\" data-widget_type=\"heading.default\">\n\t\t\t\t<div class=\"elementor-widget-container\">\n\t\t\t\t\t<h5 class=\"elementor-heading-title elementor-size-default\"><a href=\"https:\/\/armorall.com\/se\/hjalp-och-rad\/?category=tips-for-exterioren\" rel=\"tag\">Tips f\u00f6r exteri\u00f6ren<\/a><\/h5>\t\t\t\t<\/div>\n\t\t\t\t<\/div>\n\t\t\t\t<div class=\"elementor-element elementor-element-7120c1f elementor-widget elementor-widget-theme-post-title elementor-page-title elementor-widget-heading\" data-id=\"7120c1f\" data-element_type=\"widget\" data-e-type=\"widget\" data-widget_type=\"theme-post-title.default\">\n\t\t\t\t<div class=\"elementor-widget-container\">\n\t\t\t\t\t<h1 class=\"elementor-heading-title elementor-size-default\"><a href=\"https:\/\/armorall.com\/se\/help-advices\/hur-man-rengor-bilrutor\/\">Hur man reng\u00f6r bilrutor<\/a><\/h1>\t\t\t\t<\/div>\n\t\t\t\t<\/div>\n\t\t\t\t<div class=\"elementor-element elementor-element-de330d2 elementor-widget elementor-widget-theme-post-excerpt\" data-id=\"de330d2\" data-element_type=\"widget\" data-e-type=\"widget\" data-widget_type=\"theme-post-excerpt.default\">\n\t\t\t\t<div class=\"elementor-widget-container\">\n\t\t\t\t\tDina bilrutor kan samla p\u00e5 sig smuts och dammpartiklar, asfalt fr\u00e5n v\u00e4gen, tr\u00e4dk\u00e5da, vattenfl\u00e4ckar, insekter och f\u00e5gelspillning. Att veta hur man reng\u00f6r bilrutor och hur man h\u00e5ller vindrutan ren \u00e4r viktigt f\u00f6r en s\u00e4ker k\u00f6rning.\t\t\t\t<\/div>\n\t\t\t\t<\/div>\n\t\t\t\t\t<\/div>\n\t\t\t\t<\/div>\n\t\t\t\t<\/div>\n\t\t\t\t<\/div>\n\t\t<\/div>\n\t\t\t\t\t<div class=\"elementor-swiper-button elementor-swiper-button-prev\" role=\"button\" tabindex=\"0\" aria-label=\"Previous\">\n\t\t\t\t<svg aria-hidden=\"true\" class=\"e-font-icon-svg e-eicon-chevron-left\" viewBox=\"0 0 1000 1000\" xmlns=\"http:\/\/www.w3.org\/2000\/svg\"><path d=\"M646 125C629 125 613 133 604 142L308 442C296 454 292 471 292 487 292 504 296 521 308 533L604 854C617 867 629 875 646 875 663 875 679 871 692 858 704 846 713 829 713 812 713 796 708 779 692 767L438 487 692 225C700 217 708 204 708 187 708 171 704 154 692 142 675 129 663 125 646 125Z\"><\/path><\/svg>\t\t\t<\/div>\n\t\t\t<div class=\"elementor-swiper-button elementor-swiper-button-next\" role=\"button\" tabindex=\"0\" aria-label=\"Next\">\n\t\t\t\t<svg aria-hidden=\"true\" class=\"e-font-icon-svg e-eicon-chevron-right\" viewBox=\"0 0 1000 1000\" xmlns=\"http:\/\/www.w3.org\/2000\/svg\"><path d=\"M696 533C708 521 713 504 713 487 713 471 708 454 696 446L400 146C388 133 375 125 354 125 338 125 325 129 313 142 300 154 292 171 292 187 292 204 296 221 308 233L563 492 304 771C292 783 288 800 288 817 288 833 296 850 308 863 321 871 338 875 354 875 371 875 388 867 400 854L696 533Z\"><\/path><\/svg>\t\t\t<\/div>\n\t\t\t\t\t<div class=\"swiper-pagination\"><\/div>\n\t\t\t\t\t\t<\/div>\n\t\t\t\t<\/div>\n\t\t\t\t\t<\/div>\n\t\t\t\t<\/div>\n\t\t\t\t<\/div>\n\t\t","protected":false},"excerpt":{"rendered":"<p>Vi vet allt om hur du skyddar din bil, b\u00e5de p\u00e5 in- och utsidan. H\u00e4r \u00e4r allt vi vet om att h\u00e5lla bilens exteri\u00f6r i nyskick.<\/p>\n","protected":false},"author":1,"featured_media":0,"parent":4385,"menu_order":0,"comment_status":"closed","ping_status":"closed","template":"elementor_header_footer","meta":{"_acf_changed":false,"inline_featured_image":false,"footnotes":""},"class_list":["post-4390","page","type-page","status-publish","hentry"],"acf":[],"yoast_head":"<!-- This site is optimized with the Yoast SEO Premium plugin v27.3 (Yoast SEO v27.3) - https:\/\/yoast.com\/product\/yoast-seo-premium-wordpress\/ -->\n<title>Tips f\u00f6r exteri\u00f6ren | R\u00e5d om bilreng\u00f6ring | Armor All<\/title>\n<meta name=\"description\" content=\"Ge din bils exteri\u00f6r reng\u00f6ringen den f\u00f6rtj\u00e4nar med v\u00e5ra r\u00e5d om hur du reng\u00f6r allt fr\u00e5n d\u00e4ck till d\u00f6rrar.\" \/>\n<meta name=\"robots\" content=\"index, follow, max-snippet:-1, max-image-preview:large, max-video-preview:-1\" \/>\n<link rel=\"canonical\" href=\"https:\/\/armorall.com\/se\/hjalp-och-rad\/tips-for-exterioren\/\" \/>\n<meta property=\"og:locale\" content=\"en_US\" \/>\n<meta property=\"og:type\" content=\"article\" \/>\n<meta property=\"og:title\" content=\"Tips f\u00f6r Exteri\u00f6ren\" \/>\n<meta property=\"og:description\" content=\"Ge din bils exteri\u00f6r reng\u00f6ringen den f\u00f6rtj\u00e4nar med v\u00e5ra r\u00e5d om hur du reng\u00f6r allt fr\u00e5n d\u00e4ck till d\u00f6rrar.\" \/>\n<meta property=\"og:url\" content=\"https:\/\/armorall.com\/se\/hjalp-och-rad\/tips-for-exterioren\/\" \/>\n<meta property=\"og:site_name\" content=\"Armor All - SE\" \/>\n<meta property=\"article:modified_time\" content=\"2026-01-23T10:33:04+00:00\" \/>\n<meta name=\"twitter:card\" content=\"summary_large_image\" \/>\n<script type=\"application\/ld+json\" class=\"yoast-schema-graph\">{\"@context\":\"https:\\\/\\\/schema.org\",\"@graph\":[{\"@type\":\"WebPage\",\"@id\":\"https:\\\/\\\/armorall.com\\\/se\\\/hjalp-och-rad\\\/tips-for-exterioren\\\/\",\"url\":\"https:\\\/\\\/armorall.com\\\/se\\\/hjalp-och-rad\\\/tips-for-exterioren\\\/\",\"name\":\"Tips f\u00f6r exteri\u00f6ren | R\u00e5d om bilreng\u00f6ring | Armor All\",\"isPartOf\":{\"@id\":\"https:\\\/\\\/armorall.com\\\/se\\\/#website\"},\"datePublished\":\"2025-03-25T06:24:28+00:00\",\"dateModified\":\"2026-01-23T10:33:04+00:00\",\"description\":\"Ge din bils exteri\u00f6r reng\u00f6ringen den f\u00f6rtj\u00e4nar med v\u00e5ra r\u00e5d om hur du reng\u00f6r allt fr\u00e5n d\u00e4ck till d\u00f6rrar.\",\"breadcrumb\":{\"@id\":\"https:\\\/\\\/armorall.com\\\/se\\\/hjalp-och-rad\\\/tips-for-exterioren\\\/#breadcrumb\"},\"inLanguage\":\"en-US\",\"potentialAction\":[{\"@type\":\"ReadAction\",\"target\":[\"https:\\\/\\\/armorall.com\\\/se\\\/hjalp-och-rad\\\/tips-for-exterioren\\\/\"]}]},{\"@type\":\"BreadcrumbList\",\"@id\":\"https:\\\/\\\/armorall.com\\\/se\\\/hjalp-och-rad\\\/tips-for-exterioren\\\/#breadcrumb\",\"itemListElement\":[{\"@type\":\"ListItem\",\"position\":1,\"name\":\"Home\",\"item\":\"https:\\\/\\\/armorall.com\\\/se\\\/\"},{\"@type\":\"ListItem\",\"position\":2,\"name\":\"Hj\u00e4lp och R\u00e5d\",\"item\":\"https:\\\/\\\/armorall.com\\\/se\\\/hjalp-och-rad\\\/\"},{\"@type\":\"ListItem\",\"position\":3,\"name\":\"Tips f\u00f6r Exteri\u00f6ren\"}]},{\"@type\":\"WebSite\",\"@id\":\"https:\\\/\\\/armorall.com\\\/se\\\/#website\",\"url\":\"https:\\\/\\\/armorall.com\\\/se\\\/\",\"name\":\"Armor All\",\"description\":\"\",\"publisher\":{\"@id\":\"https:\\\/\\\/armorall.com\\\/se\\\/#organization\"},\"potentialAction\":[{\"@type\":\"SearchAction\",\"target\":{\"@type\":\"EntryPoint\",\"urlTemplate\":\"https:\\\/\\\/armorall.com\\\/se\\\/?s={search_term_string}\"},\"query-input\":{\"@type\":\"PropertyValueSpecification\",\"valueRequired\":true,\"valueName\":\"search_term_string\"}}],\"inLanguage\":\"en-US\"},{\"@type\":\"Organization\",\"@id\":\"https:\\\/\\\/armorall.com\\\/se\\\/#organization\",\"name\":\"ArmorAll\",\"url\":\"https:\\\/\\\/armorall.com\\\/se\\\/\",\"logo\":{\"@type\":\"ImageObject\",\"inLanguage\":\"en-US\",\"@id\":\"https:\\\/\\\/armorall.com\\\/se\\\/#\\\/schema\\\/logo\\\/image\\\/\",\"url\":\"https:\\\/\\\/armorall.com\\\/se\\\/wp-content\\\/uploads\\\/sites\\\/19\\\/2025\\\/03\\\/AA-Logo.avif\",\"contentUrl\":\"https:\\\/\\\/armorall.com\\\/se\\\/wp-content\\\/uploads\\\/sites\\\/19\\\/2025\\\/03\\\/AA-Logo.avif\",\"width\":300,\"height\":175,\"caption\":\"ArmorAll\"},\"image\":{\"@id\":\"https:\\\/\\\/armorall.com\\\/se\\\/#\\\/schema\\\/logo\\\/image\\\/\"}}]}<\/script>\n<!-- \/ Yoast SEO Premium plugin. -->","yoast_head_json":{"title":"Tips f\u00f6r exteri\u00f6ren | R\u00e5d om bilreng\u00f6ring | Armor All","description":"Ge din bils exteri\u00f6r reng\u00f6ringen den f\u00f6rtj\u00e4nar med v\u00e5ra r\u00e5d om hur du reng\u00f6r allt fr\u00e5n d\u00e4ck till d\u00f6rrar.","robots":{"index":"index","follow":"follow","max-snippet":"max-snippet:-1","max-image-preview":"max-image-preview:large","max-video-preview":"max-video-preview:-1"},"canonical":"https:\/\/armorall.com\/se\/hjalp-och-rad\/tips-for-exterioren\/","og_locale":"en_US","og_type":"article","og_title":"Tips f\u00f6r Exteri\u00f6ren","og_description":"Ge din bils exteri\u00f6r reng\u00f6ringen den f\u00f6rtj\u00e4nar med v\u00e5ra r\u00e5d om hur du reng\u00f6r allt fr\u00e5n d\u00e4ck till d\u00f6rrar.","og_url":"https:\/\/armorall.com\/se\/hjalp-och-rad\/tips-for-exterioren\/","og_site_name":"Armor All - SE","article_modified_time":"2026-01-23T10:33:04+00:00","twitter_card":"summary_large_image","schema":{"@context":"https:\/\/schema.org","@graph":[{"@type":"WebPage","@id":"https:\/\/armorall.com\/se\/hjalp-och-rad\/tips-for-exterioren\/","url":"https:\/\/armorall.com\/se\/hjalp-och-rad\/tips-for-exterioren\/","name":"Tips f\u00f6r exteri\u00f6ren | R\u00e5d om bilreng\u00f6ring | Armor All","isPartOf":{"@id":"https:\/\/armorall.com\/se\/#website"},"datePublished":"2025-03-25T06:24:28+00:00","dateModified":"2026-01-23T10:33:04+00:00","description":"Ge din bils exteri\u00f6r reng\u00f6ringen den f\u00f6rtj\u00e4nar med v\u00e5ra r\u00e5d om hur du reng\u00f6r allt fr\u00e5n d\u00e4ck till d\u00f6rrar.","breadcrumb":{"@id":"https:\/\/armorall.com\/se\/hjalp-och-rad\/tips-for-exterioren\/#breadcrumb"},"inLanguage":"en-US","potentialAction":[{"@type":"ReadAction","target":["https:\/\/armorall.com\/se\/hjalp-och-rad\/tips-for-exterioren\/"]}]},{"@type":"BreadcrumbList","@id":"https:\/\/armorall.com\/se\/hjalp-och-rad\/tips-for-exterioren\/#breadcrumb","itemListElement":[{"@type":"ListItem","position":1,"name":"Home","item":"https:\/\/armorall.com\/se\/"},{"@type":"ListItem","position":2,"name":"Hj\u00e4lp och R\u00e5d","item":"https:\/\/armorall.com\/se\/hjalp-och-rad\/"},{"@type":"ListItem","position":3,"name":"Tips f\u00f6r Exteri\u00f6ren"}]},{"@type":"WebSite","@id":"https:\/\/armorall.com\/se\/#website","url":"https:\/\/armorall.com\/se\/","name":"Armor All","description":"","publisher":{"@id":"https:\/\/armorall.com\/se\/#organization"},"potentialAction":[{"@type":"SearchAction","target":{"@type":"EntryPoint","urlTemplate":"https:\/\/armorall.com\/se\/?s={search_term_string}"},"query-input":{"@type":"PropertyValueSpecification","valueRequired":true,"valueName":"search_term_string"}}],"inLanguage":"en-US"},{"@type":"Organization","@id":"https:\/\/armorall.com\/se\/#organization","name":"ArmorAll","url":"https:\/\/armorall.com\/se\/","logo":{"@type":"ImageObject","inLanguage":"en-US","@id":"https:\/\/armorall.com\/se\/#\/schema\/logo\/image\/","url":"https:\/\/armorall.com\/se\/wp-content\/uploads\/sites\/19\/2025\/03\/AA-Logo.avif","contentUrl":"https:\/\/armorall.com\/se\/wp-content\/uploads\/sites\/19\/2025\/03\/AA-Logo.avif","width":300,"height":175,"caption":"ArmorAll"},"image":{"@id":"https:\/\/armorall.com\/se\/#\/schema\/logo\/image\/"}}]}},"_links":{"self":[{"href":"https:\/\/armorall.com\/se\/wp-json\/wp\/v2\/pages\/4390","targetHints":{"allow":["GET"]}}],"collection":[{"href":"https:\/\/armorall.com\/se\/wp-json\/wp\/v2\/pages"}],"about":[{"href":"https:\/\/armorall.com\/se\/wp-json\/wp\/v2\/types\/page"}],"author":[{"embeddable":true,"href":"https:\/\/armorall.com\/se\/wp-json\/wp\/v2\/users\/1"}],"replies":[{"embeddable":true,"href":"https:\/\/armorall.com\/se\/wp-json\/wp\/v2\/comments?post=4390"}],"version-history":[{"count":4,"href":"https:\/\/armorall.com\/se\/wp-json\/wp\/v2\/pages\/4390\/revisions"}],"predecessor-version":[{"id":11347,"href":"https:\/\/armorall.com\/se\/wp-json\/wp\/v2\/pages\/4390\/revisions\/11347"}],"up":[{"embeddable":true,"href":"https:\/\/armorall.com\/se\/wp-json\/wp\/v2\/pages\/4385"}],"wp:attachment":[{"href":"https:\/\/armorall.com\/se\/wp-json\/wp\/v2\/media?parent=4390"}],"curies":[{"name":"wp","href":"https:\/\/api.w.org\/{rel}","templated":true}]}}