{"id":4643,"date":"2025-03-27T17:59:41","date_gmt":"2025-03-27T12:29:41","guid":{"rendered":"https:\/\/4b2c8fe15a.nxcli.io\/se\/?page_id=4643"},"modified":"2026-01-23T16:00:42","modified_gmt":"2026-01-23T10:30:42","slug":"hitta-en-aterforsaljare","status":"publish","type":"page","link":"https:\/\/armorall.com\/se\/hitta-en-aterforsaljare\/","title":{"rendered":"Hitta en \u00e5terf\u00f6rs\u00e4ljare"},"content":{"rendered":"\t\t<div data-elementor-type=\"wp-page\" data-elementor-id=\"4643\" class=\"elementor elementor-4643\" data-elementor-post-type=\"page\">\n\t\t\t\t<div class=\"elementor-element elementor-element-1ff73f7 arm-header e-con-full e-flex e-con e-parent\" data-id=\"1ff73f7\" data-element_type=\"container\" data-e-type=\"container\" data-settings=\"{&quot;background_background&quot;:&quot;classic&quot;,&quot;shape_divider_bottom&quot;:&quot;tilt&quot;}\">\n\t\t\t\t<div class=\"elementor-shape elementor-shape-bottom\" aria-hidden=\"true\" data-negative=\"false\">\n\t\t\t<svg xmlns=\"http:\/\/www.w3.org\/2000\/svg\" viewBox=\"0 0 1000 100\" preserveAspectRatio=\"none\">\n\t<path class=\"elementor-shape-fill\" d=\"M0,6V0h1000v100L0,6z\"\/>\n<\/svg>\t\t<\/div>\n\t\t<div class=\"elementor-element elementor-element-b2ecfd7 e-flex e-con-boxed e-con e-child\" data-id=\"b2ecfd7\" data-element_type=\"container\" data-e-type=\"container\">\n\t\t\t\t\t<div class=\"e-con-inner\">\n\t\t\t\t<div class=\"elementor-element elementor-element-1db41f6 elementor-widget elementor-widget-breadcrumbs\" data-id=\"1db41f6\" data-element_type=\"widget\" data-e-type=\"widget\" data-widget_type=\"breadcrumbs.default\">\n\t\t\t\t<div class=\"elementor-widget-container\">\n\t\t\t\t\t<p id=\"breadcrumbs\"><span><span><a href=\"https:\/\/armorall.com\/se\/\">Home<\/a><\/span><\/span><\/p>\t\t\t\t<\/div>\n\t\t\t\t<\/div>\n\t\t\t\t<div class=\"elementor-element elementor-element-c4fc5f8 elementor-widget elementor-widget-text-editor\" data-id=\"c4fc5f8\" data-element_type=\"widget\" data-e-type=\"widget\" data-widget_type=\"text-editor.default\">\n\t\t\t\t<div class=\"elementor-widget-container\">\n\t\t\t\t\t\t\t\t\t<p>Hitta Armor Alls bilreng\u00f6ringsprodukter i en butik n\u00e4ra dig.<\/p>\t\t\t\t\t\t\t\t<\/div>\n\t\t\t\t<\/div>\n\t\t\t\t\t<\/div>\n\t\t\t\t<\/div>\n\t\t\t\t<\/div>\n\t\t<div class=\"elementor-element elementor-element-6ad2a3d e-flex e-con-boxed e-con e-parent\" data-id=\"6ad2a3d\" data-element_type=\"container\" data-e-type=\"container\">\n\t\t\t\t\t<div class=\"e-con-inner\">\n\t\t<div class=\"elementor-element elementor-element-cca37fd e-con-full e-flex e-con e-child\" data-id=\"cca37fd\" data-element_type=\"container\" data-e-type=\"container\" data-settings=\"{&quot;background_background&quot;:&quot;classic&quot;}\">\n\t\t\t\t<div class=\"elementor-element elementor-element-59ddad1 elementor-widget elementor-widget-heading\" data-id=\"59ddad1\" data-element_type=\"widget\" data-e-type=\"widget\" data-widget_type=\"heading.default\">\n\t\t\t\t<div class=\"elementor-widget-container\">\n\t\t\t\t\t<h2 class=\"elementor-heading-title elementor-size-default\">Produkter finns tillg\u00e4nglig hos dessa \u00e5terf\u00f6rs\u00e4ljare<\/h2>\t\t\t\t<\/div>\n\t\t\t\t<\/div>\n\t\t<div class=\"elementor-element elementor-element-91ff929 e-grid e-con-full e-con e-child\" data-id=\"91ff929\" data-element_type=\"container\" data-e-type=\"container\">\n\t\t\t\t<div class=\"elementor-element elementor-element-21c0684 elementor-widget elementor-widget-image\" data-id=\"21c0684\" data-element_type=\"widget\" data-e-type=\"widget\" data-widget_type=\"image.default\">\n\t\t\t\t<div class=\"elementor-widget-container\">\n\t\t\t\t\t\t\t\t\t\t\t\t\t\t\t\t<a href=\"https:\/\/www2.bilia.se\/biltillbehor\/sok\/?query=Armor+All\" target=\"_blank\" aria-label=\"billia\">\n\t\t\t\t\t\t\t<img decoding=\"async\" width=\"240\" height=\"180\" src=\"https:\/\/armorallcdnimage.imgix.net\/se\/wp-content\/uploads\/sites\/19\/2025\/09\/BiliaColour.png?auto=format%2Ccompress\" class=\"attachment-full size-full wp-image-11184\" alt=\"\" \/>\t\t\t\t\t\t\t\t<\/a>\n\t\t\t\t\t\t\t\t\t\t\t\t\t\t\t<\/div>\n\t\t\t\t<\/div>\n\t\t\t\t<div class=\"elementor-element elementor-element-cbace0f elementor-widget elementor-widget-image\" data-id=\"cbace0f\" data-element_type=\"widget\" data-e-type=\"widget\" data-widget_type=\"image.default\">\n\t\t\t\t<div class=\"elementor-widget-container\">\n\t\t\t\t\t\t\t\t\t\t\t\t\t\t\t\t<a href=\"https:\/\/www.jula.se\/search\/?query=Armor+All\" target=\"_blank\" aria-label=\"jula\">\n\t\t\t\t\t\t\t<img decoding=\"async\" width=\"240\" height=\"180\" src=\"https:\/\/armorallcdnimage.imgix.net\/se\/wp-content\/uploads\/sites\/19\/2025\/09\/JulaColour.png?auto=format%2Ccompress\" class=\"attachment-full size-full wp-image-11185\" alt=\"\" \/>\t\t\t\t\t\t\t\t<\/a>\n\t\t\t\t\t\t\t\t\t\t\t\t\t\t\t<\/div>\n\t\t\t\t<\/div>\n\t\t\t\t<div class=\"elementor-element elementor-element-067a075 elementor-widget elementor-widget-image\" data-id=\"067a075\" data-element_type=\"widget\" data-e-type=\"widget\" data-widget_type=\"image.default\">\n\t\t\t\t<div class=\"elementor-widget-container\">\n\t\t\t\t\t\t\t\t\t\t\t\t\t\t\t\t<a href=\"https:\/\/www.mekonomen.se\/catalogsearch\/result\/?q=Armor+All\" target=\"_blank\" aria-label=\"mekonomen\">\n\t\t\t\t\t\t\t<img decoding=\"async\" width=\"240\" height=\"180\" src=\"https:\/\/armorallcdnimage.imgix.net\/se\/wp-content\/uploads\/sites\/19\/2025\/09\/MekonomenColour.png?auto=format%2Ccompress\" class=\"attachment-full size-full wp-image-11186\" alt=\"\" \/>\t\t\t\t\t\t\t\t<\/a>\n\t\t\t\t\t\t\t\t\t\t\t\t\t\t\t<\/div>\n\t\t\t\t<\/div>\n\t\t\t\t<\/div>\n\t\t\t\t<\/div>\n\t\t\t\t\t<\/div>\n\t\t\t\t<\/div>\n\t\t\t\t<\/div>\n\t\t","protected":false},"excerpt":{"rendered":"<p>Hitta Armor Alls bilreng\u00f6ringsprodukter i en butik n\u00e4ra dig. Produkter finns tillg\u00e4nglig hos dessa \u00e5terf\u00f6rs\u00e4ljare<\/p>\n","protected":false},"author":1,"featured_media":0,"parent":0,"menu_order":0,"comment_status":"closed","ping_status":"closed","template":"elementor_header_footer","meta":{"_acf_changed":false,"inline_featured_image":false,"footnotes":""},"class_list":["post-4643","page","type-page","status-publish","hentry"],"acf":[],"yoast_head":"<!-- This site is optimized with the Yoast SEO Premium plugin v27.3 (Yoast SEO v27.3) - https:\/\/yoast.com\/product\/yoast-seo-premium-wordpress\/ -->\n<title>Hitta en \u00e5terf\u00f6rs\u00e4ljare | Armor All<\/title>\n<meta name=\"description\" content=\"P\u00e5 sidan Hitta en \u00e5terf\u00f6rs\u00e4ljare hj\u00e4lper vi dig att enkelt hitta din n\u00e4rmaste butik f\u00f6r Armor All\u00ae-bilreng\u00f6ringsprodukter och shoppingm\u00f6jligheter online.\" \/>\n<meta name=\"robots\" content=\"index, follow, max-snippet:-1, max-image-preview:large, max-video-preview:-1\" \/>\n<link rel=\"canonical\" href=\"https:\/\/armorall.com\/se\/hitta-en-aterforsaljare\/\" \/>\n<meta property=\"og:locale\" content=\"en_US\" \/>\n<meta property=\"og:type\" content=\"article\" \/>\n<meta property=\"og:title\" content=\"Hitta en \u00e5terf\u00f6rs\u00e4ljare\" \/>\n<meta property=\"og:description\" content=\"P\u00e5 sidan Hitta en \u00e5terf\u00f6rs\u00e4ljare hj\u00e4lper vi dig att enkelt hitta din n\u00e4rmaste butik f\u00f6r Armor All\u00ae-bilreng\u00f6ringsprodukter och shoppingm\u00f6jligheter online.\" \/>\n<meta property=\"og:url\" content=\"https:\/\/armorall.com\/se\/hitta-en-aterforsaljare\/\" \/>\n<meta property=\"og:site_name\" content=\"Armor All - SE\" \/>\n<meta property=\"article:modified_time\" content=\"2026-01-23T10:30:42+00:00\" \/>\n<meta property=\"og:image\" content=\"https:\/\/armorall.com\/se\/wp-content\/uploads\/sites\/19\/2025\/09\/BiliaColour.png\" \/>\n<meta name=\"twitter:card\" content=\"summary_large_image\" \/>\n<script type=\"application\/ld+json\" class=\"yoast-schema-graph\">{\"@context\":\"https:\\\/\\\/schema.org\",\"@graph\":[{\"@type\":\"WebPage\",\"@id\":\"https:\\\/\\\/armorall.com\\\/se\\\/hitta-en-aterforsaljare\\\/\",\"url\":\"https:\\\/\\\/armorall.com\\\/se\\\/hitta-en-aterforsaljare\\\/\",\"name\":\"Hitta en \u00e5terf\u00f6rs\u00e4ljare | Armor All\",\"isPartOf\":{\"@id\":\"https:\\\/\\\/armorall.com\\\/se\\\/#website\"},\"primaryImageOfPage\":{\"@id\":\"https:\\\/\\\/armorall.com\\\/se\\\/hitta-en-aterforsaljare\\\/#primaryimage\"},\"image\":{\"@id\":\"https:\\\/\\\/armorall.com\\\/se\\\/hitta-en-aterforsaljare\\\/#primaryimage\"},\"thumbnailUrl\":\"https:\\\/\\\/armorall.com\\\/se\\\/wp-content\\\/uploads\\\/sites\\\/19\\\/2025\\\/09\\\/BiliaColour.png\",\"datePublished\":\"2025-03-27T12:29:41+00:00\",\"dateModified\":\"2026-01-23T10:30:42+00:00\",\"description\":\"P\u00e5 sidan Hitta en \u00e5terf\u00f6rs\u00e4ljare hj\u00e4lper vi dig att enkelt hitta din n\u00e4rmaste butik f\u00f6r Armor All\u00ae-bilreng\u00f6ringsprodukter och shoppingm\u00f6jligheter online.\",\"breadcrumb\":{\"@id\":\"https:\\\/\\\/armorall.com\\\/se\\\/hitta-en-aterforsaljare\\\/#breadcrumb\"},\"inLanguage\":\"en-US\",\"potentialAction\":[{\"@type\":\"ReadAction\",\"target\":[\"https:\\\/\\\/armorall.com\\\/se\\\/hitta-en-aterforsaljare\\\/\"]}]},{\"@type\":\"ImageObject\",\"inLanguage\":\"en-US\",\"@id\":\"https:\\\/\\\/armorall.com\\\/se\\\/hitta-en-aterforsaljare\\\/#primaryimage\",\"url\":\"https:\\\/\\\/armorallcdnimage.imgix.net\\\/se\\\/wp-content\\\/uploads\\\/sites\\\/19\\\/2025\\\/09\\\/BiliaColour.png?auto=format%2Ccompress\",\"contentUrl\":\"https:\\\/\\\/armorallcdnimage.imgix.net\\\/se\\\/wp-content\\\/uploads\\\/sites\\\/19\\\/2025\\\/09\\\/BiliaColour.png?auto=format%2Ccompress\",\"width\":240,\"height\":180},{\"@type\":\"BreadcrumbList\",\"@id\":\"https:\\\/\\\/armorall.com\\\/se\\\/hitta-en-aterforsaljare\\\/#breadcrumb\",\"itemListElement\":[{\"@type\":\"ListItem\",\"position\":1,\"name\":\"Home\",\"item\":\"https:\\\/\\\/armorall.com\\\/se\\\/\"},{\"@type\":\"ListItem\",\"position\":2,\"name\":\"Hitta en \u00e5terf\u00f6rs\u00e4ljare\"}]},{\"@type\":\"WebSite\",\"@id\":\"https:\\\/\\\/armorall.com\\\/se\\\/#website\",\"url\":\"https:\\\/\\\/armorall.com\\\/se\\\/\",\"name\":\"Armor All\",\"description\":\"\",\"publisher\":{\"@id\":\"https:\\\/\\\/armorall.com\\\/se\\\/#organization\"},\"potentialAction\":[{\"@type\":\"SearchAction\",\"target\":{\"@type\":\"EntryPoint\",\"urlTemplate\":\"https:\\\/\\\/armorall.com\\\/se\\\/?s={search_term_string}\"},\"query-input\":{\"@type\":\"PropertyValueSpecification\",\"valueRequired\":true,\"valueName\":\"search_term_string\"}}],\"inLanguage\":\"en-US\"},{\"@type\":\"Organization\",\"@id\":\"https:\\\/\\\/armorall.com\\\/se\\\/#organization\",\"name\":\"ArmorAll\",\"url\":\"https:\\\/\\\/armorall.com\\\/se\\\/\",\"logo\":{\"@type\":\"ImageObject\",\"inLanguage\":\"en-US\",\"@id\":\"https:\\\/\\\/armorall.com\\\/se\\\/#\\\/schema\\\/logo\\\/image\\\/\",\"url\":\"https:\\\/\\\/armorall.com\\\/se\\\/wp-content\\\/uploads\\\/sites\\\/19\\\/2025\\\/03\\\/AA-Logo.avif\",\"contentUrl\":\"https:\\\/\\\/armorall.com\\\/se\\\/wp-content\\\/uploads\\\/sites\\\/19\\\/2025\\\/03\\\/AA-Logo.avif\",\"width\":300,\"height\":175,\"caption\":\"ArmorAll\"},\"image\":{\"@id\":\"https:\\\/\\\/armorall.com\\\/se\\\/#\\\/schema\\\/logo\\\/image\\\/\"}}]}<\/script>\n<!-- \/ Yoast SEO Premium plugin. -->","yoast_head_json":{"title":"Hitta en \u00e5terf\u00f6rs\u00e4ljare | Armor All","description":"P\u00e5 sidan Hitta en \u00e5terf\u00f6rs\u00e4ljare hj\u00e4lper vi dig att enkelt hitta din n\u00e4rmaste butik f\u00f6r Armor All\u00ae-bilreng\u00f6ringsprodukter och shoppingm\u00f6jligheter online.","robots":{"index":"index","follow":"follow","max-snippet":"max-snippet:-1","max-image-preview":"max-image-preview:large","max-video-preview":"max-video-preview:-1"},"canonical":"https:\/\/armorall.com\/se\/hitta-en-aterforsaljare\/","og_locale":"en_US","og_type":"article","og_title":"Hitta en \u00e5terf\u00f6rs\u00e4ljare","og_description":"P\u00e5 sidan Hitta en \u00e5terf\u00f6rs\u00e4ljare hj\u00e4lper vi dig att enkelt hitta din n\u00e4rmaste butik f\u00f6r Armor All\u00ae-bilreng\u00f6ringsprodukter och shoppingm\u00f6jligheter online.","og_url":"https:\/\/armorall.com\/se\/hitta-en-aterforsaljare\/","og_site_name":"Armor All - SE","article_modified_time":"2026-01-23T10:30:42+00:00","og_image":[{"url":"https:\/\/armorall.com\/se\/wp-content\/uploads\/sites\/19\/2025\/09\/BiliaColour.png","type":"","width":"","height":""}],"twitter_card":"summary_large_image","schema":{"@context":"https:\/\/schema.org","@graph":[{"@type":"WebPage","@id":"https:\/\/armorall.com\/se\/hitta-en-aterforsaljare\/","url":"https:\/\/armorall.com\/se\/hitta-en-aterforsaljare\/","name":"Hitta en \u00e5terf\u00f6rs\u00e4ljare | Armor All","isPartOf":{"@id":"https:\/\/armorall.com\/se\/#website"},"primaryImageOfPage":{"@id":"https:\/\/armorall.com\/se\/hitta-en-aterforsaljare\/#primaryimage"},"image":{"@id":"https:\/\/armorall.com\/se\/hitta-en-aterforsaljare\/#primaryimage"},"thumbnailUrl":"https:\/\/armorall.com\/se\/wp-content\/uploads\/sites\/19\/2025\/09\/BiliaColour.png","datePublished":"2025-03-27T12:29:41+00:00","dateModified":"2026-01-23T10:30:42+00:00","description":"P\u00e5 sidan Hitta en \u00e5terf\u00f6rs\u00e4ljare hj\u00e4lper vi dig att enkelt hitta din n\u00e4rmaste butik f\u00f6r Armor All\u00ae-bilreng\u00f6ringsprodukter och shoppingm\u00f6jligheter online.","breadcrumb":{"@id":"https:\/\/armorall.com\/se\/hitta-en-aterforsaljare\/#breadcrumb"},"inLanguage":"en-US","potentialAction":[{"@type":"ReadAction","target":["https:\/\/armorall.com\/se\/hitta-en-aterforsaljare\/"]}]},{"@type":"ImageObject","inLanguage":"en-US","@id":"https:\/\/armorall.com\/se\/hitta-en-aterforsaljare\/#primaryimage","url":"https:\/\/armorallcdnimage.imgix.net\/se\/wp-content\/uploads\/sites\/19\/2025\/09\/BiliaColour.png?auto=format%2Ccompress","contentUrl":"https:\/\/armorallcdnimage.imgix.net\/se\/wp-content\/uploads\/sites\/19\/2025\/09\/BiliaColour.png?auto=format%2Ccompress","width":240,"height":180},{"@type":"BreadcrumbList","@id":"https:\/\/armorall.com\/se\/hitta-en-aterforsaljare\/#breadcrumb","itemListElement":[{"@type":"ListItem","position":1,"name":"Home","item":"https:\/\/armorall.com\/se\/"},{"@type":"ListItem","position":2,"name":"Hitta en \u00e5terf\u00f6rs\u00e4ljare"}]},{"@type":"WebSite","@id":"https:\/\/armorall.com\/se\/#website","url":"https:\/\/armorall.com\/se\/","name":"Armor All","description":"","publisher":{"@id":"https:\/\/armorall.com\/se\/#organization"},"potentialAction":[{"@type":"SearchAction","target":{"@type":"EntryPoint","urlTemplate":"https:\/\/armorall.com\/se\/?s={search_term_string}"},"query-input":{"@type":"PropertyValueSpecification","valueRequired":true,"valueName":"search_term_string"}}],"inLanguage":"en-US"},{"@type":"Organization","@id":"https:\/\/armorall.com\/se\/#organization","name":"ArmorAll","url":"https:\/\/armorall.com\/se\/","logo":{"@type":"ImageObject","inLanguage":"en-US","@id":"https:\/\/armorall.com\/se\/#\/schema\/logo\/image\/","url":"https:\/\/armorall.com\/se\/wp-content\/uploads\/sites\/19\/2025\/03\/AA-Logo.avif","contentUrl":"https:\/\/armorall.com\/se\/wp-content\/uploads\/sites\/19\/2025\/03\/AA-Logo.avif","width":300,"height":175,"caption":"ArmorAll"},"image":{"@id":"https:\/\/armorall.com\/se\/#\/schema\/logo\/image\/"}}]}},"_links":{"self":[{"href":"https:\/\/armorall.com\/se\/wp-json\/wp\/v2\/pages\/4643","targetHints":{"allow":["GET"]}}],"collection":[{"href":"https:\/\/armorall.com\/se\/wp-json\/wp\/v2\/pages"}],"about":[{"href":"https:\/\/armorall.com\/se\/wp-json\/wp\/v2\/types\/page"}],"author":[{"embeddable":true,"href":"https:\/\/armorall.com\/se\/wp-json\/wp\/v2\/users\/1"}],"replies":[{"embeddable":true,"href":"https:\/\/armorall.com\/se\/wp-json\/wp\/v2\/comments?post=4643"}],"version-history":[{"count":17,"href":"https:\/\/armorall.com\/se\/wp-json\/wp\/v2\/pages\/4643\/revisions"}],"predecessor-version":[{"id":11920,"href":"https:\/\/armorall.com\/se\/wp-json\/wp\/v2\/pages\/4643\/revisions\/11920"}],"wp:attachment":[{"href":"https:\/\/armorall.com\/se\/wp-json\/wp\/v2\/media?parent=4643"}],"curies":[{"name":"wp","href":"https:\/\/api.w.org\/{rel}","templated":true}]}}