{"id":9137,"date":"2025-07-09T16:07:01","date_gmt":"2025-07-09T10:37:01","guid":{"rendered":"https:\/\/4b2c8fe15a.nxcli.io\/se\/?page_id=9137"},"modified":"2025-12-12T13:17:58","modified_gmt":"2025-12-12T07:47:58","slug":"oracle-red-bull-racing","status":"publish","type":"page","link":"https:\/\/armorall.com\/se\/om-oss\/partnerskap\/oracle-red-bull-racing\/","title":{"rendered":"Oracle Red Bull Racing"},"content":{"rendered":"\t\t<div data-elementor-type=\"wp-page\" data-elementor-id=\"9137\" class=\"elementor elementor-9137\" data-elementor-post-type=\"page\">\n\t\t\t\t<div class=\"elementor-element elementor-element-4d361d3 arm-header e-flex e-con-boxed e-con e-parent\" data-id=\"4d361d3\" data-element_type=\"container\" data-e-type=\"container\" data-settings=\"{&quot;background_background&quot;:&quot;classic&quot;,&quot;shape_divider_bottom&quot;:&quot;tilt&quot;}\">\n\t\t\t\t\t<div class=\"e-con-inner\">\n\t\t\t\t<div class=\"elementor-shape elementor-shape-bottom\" aria-hidden=\"true\" data-negative=\"false\">\n\t\t\t<svg xmlns=\"http:\/\/www.w3.org\/2000\/svg\" viewBox=\"0 0 1000 100\" preserveAspectRatio=\"none\">\n\t<path class=\"elementor-shape-fill\" d=\"M0,6V0h1000v100L0,6z\"\/>\n<\/svg>\t\t<\/div>\n\t\t<div class=\"elementor-element elementor-element-04013b5 e-flex e-con-boxed e-con e-child\" data-id=\"04013b5\" data-element_type=\"container\" data-e-type=\"container\">\n\t\t\t\t\t<div class=\"e-con-inner\">\n\t\t\t\t<div class=\"elementor-element elementor-element-13af1ab elementor-widget elementor-widget-breadcrumbs\" data-id=\"13af1ab\" data-element_type=\"widget\" data-e-type=\"widget\" data-widget_type=\"breadcrumbs.default\">\n\t\t\t\t<div class=\"elementor-widget-container\">\n\t\t\t\t\t<p id=\"breadcrumbs\"><span><span><a href=\"https:\/\/armorall.com\/se\/\">Home<\/a><\/span><\/span><\/p>\t\t\t\t<\/div>\n\t\t\t\t<\/div>\n\t\t\t\t<div class=\"elementor-element elementor-element-8d0b156 elementor-widget elementor-widget-text-editor\" data-id=\"8d0b156\" data-element_type=\"widget\" data-e-type=\"widget\" data-widget_type=\"text-editor.default\">\n\t\t\t\t<div class=\"elementor-widget-container\">\n\t\t\t\t\t\t\t\t\t<p>Vi \u00e4r glada \u00f6ver att ansluta oss till Oracle Red Bull Racing som teamets officiella bilreng\u00f6rings- och sk\u00f6tselpartner, vilket sammanf\u00f6r tv\u00e5 ikoniska varum\u00e4rken som v\u00e4rdes\u00e4tter innovation och h\u00f6gkvalitativ prestanda.<\/p>\t\t\t\t\t\t\t\t<\/div>\n\t\t\t\t<\/div>\n\t\t\t\t\t<\/div>\n\t\t\t\t<\/div>\n\t\t<div class=\"elementor-element elementor-element-560f990 e-con-full e-flex e-con e-child\" data-id=\"560f990\" data-element_type=\"container\" data-e-type=\"container\">\n\t\t\t\t<div class=\"elementor-element elementor-element-0872dcc elementor-widget elementor-widget-image\" data-id=\"0872dcc\" data-element_type=\"widget\" data-e-type=\"widget\" data-widget_type=\"image.default\">\n\t\t\t\t<div class=\"elementor-widget-container\">\n\t\t\t\t\t\t\t\t\t\t\t\t\t\t\t<img fetchpriority=\"high\" decoding=\"async\" width=\"1832\" height=\"651\" src=\"https:\/\/armorallcdnimage.imgix.net\/se\/wp-content\/uploads\/sites\/19\/2025\/09\/FY23_AA_ORBR_teampartnerlockup_landscape_bluebackground.jpeg?auto=format%2Ccompress\" class=\"attachment-full size-full wp-image-11316\" alt=\"\" srcset=\"https:\/\/armorallcdnimage.imgix.net\/se\/wp-content\/uploads\/sites\/19\/2025\/09\/FY23_AA_ORBR_teampartnerlockup_landscape_bluebackground.jpeg?auto=format%2Ccompress&amp;w=1832 1832w, https:\/\/armorallcdnimage.imgix.net\/se\/wp-content\/uploads\/sites\/19\/2025\/09\/FY23_AA_ORBR_teampartnerlockup_landscape_bluebackground.jpeg?auto=format%2Ccompress&amp;w=300 300w, https:\/\/armorallcdnimage.imgix.net\/se\/wp-content\/uploads\/sites\/19\/2025\/09\/FY23_AA_ORBR_teampartnerlockup_landscape_bluebackground.jpeg?auto=format%2Ccompress&amp;w=1024 1024w, https:\/\/armorallcdnimage.imgix.net\/se\/wp-content\/uploads\/sites\/19\/2025\/09\/FY23_AA_ORBR_teampartnerlockup_landscape_bluebackground.jpeg?auto=format%2Ccompress&amp;w=768 768w, https:\/\/armorallcdnimage.imgix.net\/se\/wp-content\/uploads\/sites\/19\/2025\/09\/FY23_AA_ORBR_teampartnerlockup_landscape_bluebackground.jpeg?auto=format%2Ccompress&amp;w=1536 1536w\" sizes=\"(max-width: 1832px) 100vw, 1832px\" \/>\t\t\t\t\t\t\t\t\t\t\t\t\t\t\t<\/div>\n\t\t\t\t<\/div>\n\t\t\t\t<\/div>\n\t\t\t\t\t<\/div>\n\t\t\t\t<\/div>\n\t\t<div class=\"elementor-element elementor-element-0fa7387 e-flex e-con-boxed e-con e-child\" data-id=\"0fa7387\" data-element_type=\"container\" data-e-type=\"container\">\n\t\t\t\t\t<div class=\"e-con-inner\">\n\t\t\t\t<div class=\"elementor-element elementor-element-e5b85d8 elementor-widget elementor-widget-heading\" data-id=\"e5b85d8\" data-element_type=\"widget\" data-e-type=\"widget\" data-widget_type=\"heading.default\">\n\t\t\t\t<div class=\"elementor-widget-container\">\n\t\t\t\t\t<h3 class=\"elementor-heading-title elementor-size-default\">ARMOR ALL<sup>\u00ae<\/sup> X ORACLE RED BULL RACING\n<\/h3>\t\t\t\t<\/div>\n\t\t\t\t<\/div>\n\t\t\t\t<div class=\"elementor-element elementor-element-4b63ad4 elementor-widget__width-initial elementor-widget elementor-widget-heading\" data-id=\"4b63ad4\" data-element_type=\"widget\" data-e-type=\"widget\" data-widget_type=\"heading.default\">\n\t\t\t\t<div class=\"elementor-widget-container\">\n\t\t\t\t\t<h1 class=\"elementor-heading-title elementor-size-default\">N\u00e4r du beh\u00f6ver en enkel, vinnande reng\u00f6ring, v\u00e4lj Armor All. Bilreng\u00f6ringspartnern till Oracle Red Bull Racing.<\/h1>\t\t\t\t<\/div>\n\t\t\t\t<\/div>\n\t\t\t\t<div class=\"elementor-element elementor-element-6cbf547 elementor-widget elementor-widget-video\" data-id=\"6cbf547\" data-element_type=\"widget\" data-e-type=\"widget\" data-settings=\"{&quot;youtube_url&quot;:&quot;https:\\\/\\\/youtu.be\\\/pQAraQW4aww&quot;,&quot;video_type&quot;:&quot;youtube&quot;,&quot;controls&quot;:&quot;yes&quot;}\" data-widget_type=\"video.default\">\n\t\t\t\t<div class=\"elementor-widget-container\">\n\t\t\t\t\t\t\t<div class=\"elementor-wrapper elementor-open-inline\">\n\t\t\t<div class=\"elementor-video\"><\/div>\t\t<\/div>\n\t\t\t\t\t\t<\/div>\n\t\t\t\t<\/div>\n\t\t\t\t\t<\/div>\n\t\t\t\t<\/div>\n\t\t<div class=\"elementor-element elementor-element-8976441 e-flex e-con-boxed e-con e-parent\" data-id=\"8976441\" data-element_type=\"container\" data-e-type=\"container\">\n\t\t\t\t\t<div class=\"e-con-inner\">\n\t\t<div class=\"elementor-element elementor-element-cef748b e-flex e-con-boxed e-con e-child\" data-id=\"cef748b\" data-element_type=\"container\" data-e-type=\"container\" data-settings=\"{&quot;background_background&quot;:&quot;classic&quot;}\">\n\t\t\t\t\t<div class=\"e-con-inner\">\n\t\t\t\t<div class=\"elementor-element elementor-element-2ffa969 h1 elementor-widget elementor-widget-testimonial\" data-id=\"2ffa969\" data-element_type=\"widget\" data-e-type=\"widget\" id=\"h1\" data-widget_type=\"testimonial.default\">\n\t\t\t\t<div class=\"elementor-widget-container\">\n\t\t\t\t\t\t\t<div class=\"elementor-testimonial-wrapper\">\n\t\t\t\t\t\t\t<div class=\"elementor-testimonial-content\">Vi \u00e4r glada \u00f6ver att v\u00e4lkomna Armor All\u00ae till teamet \u2013 ett varum\u00e4rke som till stor del likt oss sj\u00e4lva har ett starkt fokus p\u00e5 innovation, utveckling och att producera h\u00f6gpresterande produkter f\u00f6r m\u00e4nniskor som bryr sig om sina bilar. Vi ser fram emot ett starkt partnerskap och att f\u00f6rse varum\u00e4rket Armor All\u00ae med en global plattform f\u00f6r att ytterligare expandera p\u00e5 den internationella marknaden.<\/div>\n\t\t\t\n\t\t\t\t\t\t<div class=\"elementor-testimonial-meta elementor-has-image elementor-testimonial-image-position-aside\">\n\t\t\t\t<div class=\"elementor-testimonial-meta-inner\">\n\t\t\t\t\t\t\t\t\t\t\t<div class=\"elementor-testimonial-image\">\n\t\t\t\t\t\t\t<img decoding=\"async\" width=\"60\" height=\"60\" src=\"https:\/\/armorall.com\/se\/wp-content\/uploads\/sites\/19\/2025\/07\/profile.avif\" class=\"attachment-full size-full wp-image-9140\" alt=\"\" \/>\t\t\t\t\t\t<\/div>\n\t\t\t\t\t\n\t\t\t\t\t\t\t\t\t\t<div class=\"elementor-testimonial-details\">\n\t\t\t\t\t\t\t\t\t\t\t\t\t\t<div class=\"elementor-testimonial-name\">CHRISTIAN HORNER OBE<\/div>\n\t\t\t\t\t\t\t\t\t\t\t\t\t\t\t\t\t\t\t\t\t\t<div class=\"elementor-testimonial-job\">Oracle Red Bull Racing, Team Principal<\/div>\n\t\t\t\t\t\t\t\t\t\t\t\t\t<\/div>\n\t\t\t\t\t\t\t\t\t<\/div>\n\t\t\t<\/div>\n\t\t\t\t\t<\/div>\n\t\t\t\t\t\t<\/div>\n\t\t\t\t<\/div>\n\t\t\t\t\t<\/div>\n\t\t\t\t<\/div>\n\t\t\t\t\t<\/div>\n\t\t\t\t<\/div>\n\t\t<div class=\"elementor-element elementor-element-dee2586 e-flex e-con-boxed e-con e-child\" data-id=\"dee2586\" data-element_type=\"container\" data-e-type=\"container\">\n\t\t\t\t\t<div class=\"e-con-inner\">\n\t\t\t\t<div class=\"elementor-element elementor-element-518e8f5 elementor-widget elementor-widget-heading\" data-id=\"518e8f5\" data-element_type=\"widget\" data-e-type=\"widget\" data-widget_type=\"heading.default\">\n\t\t\t\t<div class=\"elementor-widget-container\">\n\t\t\t\t\t<h3 class=\"elementor-heading-title elementor-size-default\">Armor All\u00ae and The Red Bull Racings dep\u00e5team<\/h3>\t\t\t\t<\/div>\n\t\t\t\t<\/div>\n\t\t\t\t<div class=\"elementor-element elementor-element-480ee78 elementor-widget__width-initial elementor-widget elementor-widget-heading\" data-id=\"480ee78\" data-element_type=\"widget\" data-e-type=\"widget\" data-widget_type=\"heading.default\">\n\t\t\t\t<div class=\"elementor-widget-container\">\n\t\t\t\t\t<h1 class=\"elementor-heading-title elementor-size-default\">Oracle Red Bull Racings officiella bilreng\u00f6rings- och sk\u00f6tselpartner<\/h1>\t\t\t\t<\/div>\n\t\t\t\t<\/div>\n\t\t\t\t<div class=\"elementor-element elementor-element-b147655 elementor-widget elementor-widget-video\" data-id=\"b147655\" data-element_type=\"widget\" data-e-type=\"widget\" data-settings=\"{&quot;youtube_url&quot;:&quot;https:\\\/\\\/youtu.be\\\/0BFGNZTInCc&quot;,&quot;video_type&quot;:&quot;youtube&quot;,&quot;controls&quot;:&quot;yes&quot;}\" data-widget_type=\"video.default\">\n\t\t\t\t<div class=\"elementor-widget-container\">\n\t\t\t\t\t\t\t<div class=\"elementor-wrapper elementor-open-inline\">\n\t\t\t<div class=\"elementor-video\"><\/div>\t\t<\/div>\n\t\t\t\t\t\t<\/div>\n\t\t\t\t<\/div>\n\t\t\t\t\t<\/div>\n\t\t\t\t<\/div>\n\t\t<div class=\"elementor-element elementor-element-c2fa2aa white-bottom e-flex e-con-boxed e-con e-child\" data-id=\"c2fa2aa\" data-element_type=\"container\" data-e-type=\"container\" data-settings=\"{&quot;background_background&quot;:&quot;classic&quot;}\">\n\t\t\t\t\t<div class=\"e-con-inner\">\n\t\t\t\t<div class=\"elementor-element elementor-element-33b80f5 elementor-widget elementor-widget-heading\" data-id=\"33b80f5\" data-element_type=\"widget\" data-e-type=\"widget\" data-widget_type=\"heading.default\">\n\t\t\t\t<div class=\"elementor-widget-container\">\n\t\t\t\t\t<h3 class=\"elementor-heading-title elementor-size-default\">RED BULL RACING X ARMOR ALL<sup>\u00ae<\/sup><\/h3>\t\t\t\t<\/div>\n\t\t\t\t<\/div>\n\t\t\t\t<div class=\"elementor-element elementor-element-04da8de elementor-widget elementor-widget-heading\" data-id=\"04da8de\" data-element_type=\"widget\" data-e-type=\"widget\" data-widget_type=\"heading.default\">\n\t\t\t\t<div class=\"elementor-widget-container\">\n\t\t\t\t\t<h1 class=\"elementor-heading-title elementor-size-default\">f\u00f6rberedelserna betyder allt<\/h1>\t\t\t\t<\/div>\n\t\t\t\t<\/div>\n\t\t<div class=\"elementor-element elementor-element-a91a033 e-con-full e-flex e-con e-child\" data-id=\"a91a033\" data-element_type=\"container\" data-e-type=\"container\">\n\t\t<div class=\"elementor-element elementor-element-6a1a958 e-con-full e-flex e-con e-child\" data-id=\"6a1a958\" data-element_type=\"container\" data-e-type=\"container\">\n\t\t\t\t<div class=\"elementor-element elementor-element-e852b85 elementor-widget elementor-widget-text-editor\" data-id=\"e852b85\" data-element_type=\"widget\" data-e-type=\"widget\" data-widget_type=\"text-editor.default\">\n\t\t\t\t<div class=\"elementor-widget-container\">\n\t\t\t\t\t\t\t\t\tI Formel 1-racing, precis som p\u00e5 v\u00e4garna, betyder f\u00f6rberedelserna allt, vilket f\u00f6rtydligar att oavsett kompetensniv\u00e5 s\u00e5 vill varje f\u00f6rare ha den b\u00e4sta kvaliteten p\u00e5 sin bil. Som en del av v\u00e5rt partnerskap med Oracle Red Bull Racing kommer du att se Armor All\u00ae-m\u00e4rket p\u00e5 Red Bull Racing-bilarna, i garaget och p\u00e5 handskarna p\u00e5 teamets f\u00f6rare Max Verstappen och Sergio Perez. Och \u00e4nnu viktigare \u00e4r att v\u00e5rt partnerskap \u00e4ven kommer att str\u00e4cka sig till butiker d\u00e4r Armor All\u00ae-produkter s\u00e4ljs, samt till konsumentkampanjer som kommer att erbjuda fansen m\u00f6jligheten att f\u00e5 en komplett racingupplevelse.\t\t\t\t\t\t\t\t<\/div>\n\t\t\t\t<\/div>\n\t\t\t\t<\/div>\n\t\t<div class=\"elementor-element elementor-element-f44308e e-con-full e-flex e-con e-child\" data-id=\"f44308e\" data-element_type=\"container\" data-e-type=\"container\">\n\t\t\t\t<div class=\"elementor-element elementor-element-90c8571 elementor-widget elementor-widget-text-editor\" data-id=\"90c8571\" data-element_type=\"widget\" data-e-type=\"widget\" data-widget_type=\"text-editor.default\">\n\t\t\t\t<div class=\"elementor-widget-container\">\n\t\t\t\t\t\t\t\t\t\u201cVi \u00e4r glada \u00f6ver att ansluta oss till Oracle Red Bull Racing som teamets officiella bilreng\u00f6rings- och sk\u00f6tselpartner, vilket sammanf\u00f6r tv\u00e5 ikoniska varum\u00e4rken som v\u00e4rdes\u00e4tter innovation och h\u00f6gkvalitativ prestanda\u201d, s\u00e4ger Lori Shambro, marknadschef f\u00f6r Energizer Holdings, Inc. \u201cDetta partnerskap \u00e4r betydelsefullt f\u00f6r Armor All\u00ae i och med att vi vill g\u00f6ra v\u00e5rt varum\u00e4rke tillg\u00e4ngligt f\u00f6r fler konsumenter globalt, samt ansluta och engagera oss med m\u00e4nniskor som delar k\u00e4rleken till bilar och racing.\u201d\t\t\t\t\t\t\t\t<\/div>\n\t\t\t\t<\/div>\n\t\t\t\t<\/div>\n\t\t\t\t<\/div>\n\t\t\t\t\t<\/div>\n\t\t\t\t<\/div>\n\t\t\t\t<\/div>\n\t\t","protected":false},"excerpt":{"rendered":"<p>Vi \u00e4r glada \u00f6ver att ansluta oss till Oracle Red Bull Racing som teamets officiella bilreng\u00f6rings- och sk\u00f6tselpartner, vilket sammanf\u00f6r tv\u00e5 ikoniska varum\u00e4rken som v\u00e4rdes\u00e4tter innovation och h\u00f6gkvalitativ prestanda. ARMOR ALL\u00ae X ORACLE RED BULL RACING N\u00e4r du beh\u00f6ver en enkel, vinnande reng\u00f6ring, v\u00e4lj Armor All. Bilreng\u00f6ringspartnern till Oracle Red Bull Racing. Vi \u00e4r glada [&hellip;]<\/p>\n","protected":false},"author":7,"featured_media":0,"parent":6442,"menu_order":0,"comment_status":"closed","ping_status":"closed","template":"elementor_header_footer","meta":{"_acf_changed":false,"inline_featured_image":false,"footnotes":""},"class_list":["post-9137","page","type-page","status-publish","hentry"],"acf":[],"yoast_head":"<!-- This site is optimized with the Yoast SEO Premium plugin v27.3 (Yoast SEO v27.3) - https:\/\/yoast.com\/product\/yoast-seo-premium-wordpress\/ -->\n<title>Oracle Red Bull Racing - Armor All - SE<\/title>\n<meta name=\"robots\" content=\"index, follow, max-snippet:-1, max-image-preview:large, max-video-preview:-1\" \/>\n<link rel=\"canonical\" href=\"https:\/\/armorall.com\/se\/om-oss\/partnerskap\/oracle-red-bull-racing\/\" \/>\n<meta property=\"og:locale\" content=\"en_US\" \/>\n<meta property=\"og:type\" content=\"article\" \/>\n<meta property=\"og:title\" content=\"Oracle Red Bull Racing\" \/>\n<meta property=\"og:description\" content=\"Vi \u00e4r glada \u00f6ver att ansluta oss till Oracle Red Bull Racing som teamets officiella bilreng\u00f6rings- och sk\u00f6tselpartner, vilket sammanf\u00f6r tv\u00e5 ikoniska varum\u00e4rken som v\u00e4rdes\u00e4tter innovation och h\u00f6gkvalitativ prestanda. ARMOR ALL\u00ae X ORACLE RED BULL RACING N\u00e4r du beh\u00f6ver en enkel, vinnande reng\u00f6ring, v\u00e4lj Armor All. Bilreng\u00f6ringspartnern till Oracle Red Bull Racing. Vi \u00e4r glada [&hellip;]\" \/>\n<meta property=\"og:url\" content=\"https:\/\/armorall.com\/se\/om-oss\/partnerskap\/oracle-red-bull-racing\/\" \/>\n<meta property=\"og:site_name\" content=\"Armor All - SE\" \/>\n<meta property=\"article:modified_time\" content=\"2025-12-12T07:47:58+00:00\" \/>\n<meta property=\"og:image\" content=\"https:\/\/armorall.com\/se\/wp-content\/uploads\/sites\/19\/2025\/09\/FY23_AA_ORBR_teampartnerlockup_landscape_bluebackground.jpeg\" \/>\n<meta name=\"twitter:card\" content=\"summary_large_image\" \/>\n<script type=\"application\/ld+json\" class=\"yoast-schema-graph\">{\"@context\":\"https:\\\/\\\/schema.org\",\"@graph\":[{\"@type\":\"WebPage\",\"@id\":\"https:\\\/\\\/armorall.com\\\/se\\\/om-oss\\\/partnerskap\\\/oracle-red-bull-racing\\\/\",\"url\":\"https:\\\/\\\/armorall.com\\\/se\\\/om-oss\\\/partnerskap\\\/oracle-red-bull-racing\\\/\",\"name\":\"Oracle Red Bull Racing - Armor All - SE\",\"isPartOf\":{\"@id\":\"https:\\\/\\\/armorall.com\\\/se\\\/#website\"},\"primaryImageOfPage\":{\"@id\":\"https:\\\/\\\/armorall.com\\\/se\\\/om-oss\\\/partnerskap\\\/oracle-red-bull-racing\\\/#primaryimage\"},\"image\":{\"@id\":\"https:\\\/\\\/armorall.com\\\/se\\\/om-oss\\\/partnerskap\\\/oracle-red-bull-racing\\\/#primaryimage\"},\"thumbnailUrl\":\"https:\\\/\\\/armorall.com\\\/se\\\/wp-content\\\/uploads\\\/sites\\\/19\\\/2025\\\/09\\\/FY23_AA_ORBR_teampartnerlockup_landscape_bluebackground.jpeg\",\"datePublished\":\"2025-07-09T10:37:01+00:00\",\"dateModified\":\"2025-12-12T07:47:58+00:00\",\"breadcrumb\":{\"@id\":\"https:\\\/\\\/armorall.com\\\/se\\\/om-oss\\\/partnerskap\\\/oracle-red-bull-racing\\\/#breadcrumb\"},\"inLanguage\":\"en-US\",\"potentialAction\":[{\"@type\":\"ReadAction\",\"target\":[\"https:\\\/\\\/armorall.com\\\/se\\\/om-oss\\\/partnerskap\\\/oracle-red-bull-racing\\\/\"]}]},{\"@type\":\"ImageObject\",\"inLanguage\":\"en-US\",\"@id\":\"https:\\\/\\\/armorall.com\\\/se\\\/om-oss\\\/partnerskap\\\/oracle-red-bull-racing\\\/#primaryimage\",\"url\":\"https:\\\/\\\/armorallcdnimage.imgix.net\\\/se\\\/wp-content\\\/uploads\\\/sites\\\/19\\\/2025\\\/09\\\/FY23_AA_ORBR_teampartnerlockup_landscape_bluebackground.jpeg?auto=format%2Ccompress\",\"contentUrl\":\"https:\\\/\\\/armorallcdnimage.imgix.net\\\/se\\\/wp-content\\\/uploads\\\/sites\\\/19\\\/2025\\\/09\\\/FY23_AA_ORBR_teampartnerlockup_landscape_bluebackground.jpeg?auto=format%2Ccompress\",\"width\":1832,\"height\":651},{\"@type\":\"BreadcrumbList\",\"@id\":\"https:\\\/\\\/armorall.com\\\/se\\\/om-oss\\\/partnerskap\\\/oracle-red-bull-racing\\\/#breadcrumb\",\"itemListElement\":[{\"@type\":\"ListItem\",\"position\":1,\"name\":\"Home\",\"item\":\"https:\\\/\\\/armorall.com\\\/se\\\/\"},{\"@type\":\"ListItem\",\"position\":2,\"name\":\"Om Oss\",\"item\":\"https:\\\/\\\/armorall.com\\\/se\\\/om-oss\\\/\"},{\"@type\":\"ListItem\",\"position\":3,\"name\":\"Partnerskap\",\"item\":\"https:\\\/\\\/armorall.com\\\/se\\\/om-oss\\\/partnerskap\\\/\"},{\"@type\":\"ListItem\",\"position\":4,\"name\":\"Oracle Red Bull Racing\"}]},{\"@type\":\"WebSite\",\"@id\":\"https:\\\/\\\/armorall.com\\\/se\\\/#website\",\"url\":\"https:\\\/\\\/armorall.com\\\/se\\\/\",\"name\":\"Armor All\",\"description\":\"\",\"publisher\":{\"@id\":\"https:\\\/\\\/armorall.com\\\/se\\\/#organization\"},\"potentialAction\":[{\"@type\":\"SearchAction\",\"target\":{\"@type\":\"EntryPoint\",\"urlTemplate\":\"https:\\\/\\\/armorall.com\\\/se\\\/?s={search_term_string}\"},\"query-input\":{\"@type\":\"PropertyValueSpecification\",\"valueRequired\":true,\"valueName\":\"search_term_string\"}}],\"inLanguage\":\"en-US\"},{\"@type\":\"Organization\",\"@id\":\"https:\\\/\\\/armorall.com\\\/se\\\/#organization\",\"name\":\"ArmorAll\",\"url\":\"https:\\\/\\\/armorall.com\\\/se\\\/\",\"logo\":{\"@type\":\"ImageObject\",\"inLanguage\":\"en-US\",\"@id\":\"https:\\\/\\\/armorall.com\\\/se\\\/#\\\/schema\\\/logo\\\/image\\\/\",\"url\":\"https:\\\/\\\/armorall.com\\\/se\\\/wp-content\\\/uploads\\\/sites\\\/19\\\/2025\\\/03\\\/AA-Logo.avif\",\"contentUrl\":\"https:\\\/\\\/armorall.com\\\/se\\\/wp-content\\\/uploads\\\/sites\\\/19\\\/2025\\\/03\\\/AA-Logo.avif\",\"width\":300,\"height\":175,\"caption\":\"ArmorAll\"},\"image\":{\"@id\":\"https:\\\/\\\/armorall.com\\\/se\\\/#\\\/schema\\\/logo\\\/image\\\/\"}}]}<\/script>\n<!-- \/ Yoast SEO Premium plugin. -->","yoast_head_json":{"title":"Oracle Red Bull Racing - Armor All - SE","robots":{"index":"index","follow":"follow","max-snippet":"max-snippet:-1","max-image-preview":"max-image-preview:large","max-video-preview":"max-video-preview:-1"},"canonical":"https:\/\/armorall.com\/se\/om-oss\/partnerskap\/oracle-red-bull-racing\/","og_locale":"en_US","og_type":"article","og_title":"Oracle Red Bull Racing","og_description":"Vi \u00e4r glada \u00f6ver att ansluta oss till Oracle Red Bull Racing som teamets officiella bilreng\u00f6rings- och sk\u00f6tselpartner, vilket sammanf\u00f6r tv\u00e5 ikoniska varum\u00e4rken som v\u00e4rdes\u00e4tter innovation och h\u00f6gkvalitativ prestanda. ARMOR ALL\u00ae X ORACLE RED BULL RACING N\u00e4r du beh\u00f6ver en enkel, vinnande reng\u00f6ring, v\u00e4lj Armor All. Bilreng\u00f6ringspartnern till Oracle Red Bull Racing. Vi \u00e4r glada [&hellip;]","og_url":"https:\/\/armorall.com\/se\/om-oss\/partnerskap\/oracle-red-bull-racing\/","og_site_name":"Armor All - SE","article_modified_time":"2025-12-12T07:47:58+00:00","og_image":[{"url":"https:\/\/armorall.com\/se\/wp-content\/uploads\/sites\/19\/2025\/09\/FY23_AA_ORBR_teampartnerlockup_landscape_bluebackground.jpeg","type":"","width":"","height":""}],"twitter_card":"summary_large_image","schema":{"@context":"https:\/\/schema.org","@graph":[{"@type":"WebPage","@id":"https:\/\/armorall.com\/se\/om-oss\/partnerskap\/oracle-red-bull-racing\/","url":"https:\/\/armorall.com\/se\/om-oss\/partnerskap\/oracle-red-bull-racing\/","name":"Oracle Red Bull Racing - Armor All - SE","isPartOf":{"@id":"https:\/\/armorall.com\/se\/#website"},"primaryImageOfPage":{"@id":"https:\/\/armorall.com\/se\/om-oss\/partnerskap\/oracle-red-bull-racing\/#primaryimage"},"image":{"@id":"https:\/\/armorall.com\/se\/om-oss\/partnerskap\/oracle-red-bull-racing\/#primaryimage"},"thumbnailUrl":"https:\/\/armorall.com\/se\/wp-content\/uploads\/sites\/19\/2025\/09\/FY23_AA_ORBR_teampartnerlockup_landscape_bluebackground.jpeg","datePublished":"2025-07-09T10:37:01+00:00","dateModified":"2025-12-12T07:47:58+00:00","breadcrumb":{"@id":"https:\/\/armorall.com\/se\/om-oss\/partnerskap\/oracle-red-bull-racing\/#breadcrumb"},"inLanguage":"en-US","potentialAction":[{"@type":"ReadAction","target":["https:\/\/armorall.com\/se\/om-oss\/partnerskap\/oracle-red-bull-racing\/"]}]},{"@type":"ImageObject","inLanguage":"en-US","@id":"https:\/\/armorall.com\/se\/om-oss\/partnerskap\/oracle-red-bull-racing\/#primaryimage","url":"https:\/\/armorallcdnimage.imgix.net\/se\/wp-content\/uploads\/sites\/19\/2025\/09\/FY23_AA_ORBR_teampartnerlockup_landscape_bluebackground.jpeg?auto=format%2Ccompress","contentUrl":"https:\/\/armorallcdnimage.imgix.net\/se\/wp-content\/uploads\/sites\/19\/2025\/09\/FY23_AA_ORBR_teampartnerlockup_landscape_bluebackground.jpeg?auto=format%2Ccompress","width":1832,"height":651},{"@type":"BreadcrumbList","@id":"https:\/\/armorall.com\/se\/om-oss\/partnerskap\/oracle-red-bull-racing\/#breadcrumb","itemListElement":[{"@type":"ListItem","position":1,"name":"Home","item":"https:\/\/armorall.com\/se\/"},{"@type":"ListItem","position":2,"name":"Om Oss","item":"https:\/\/armorall.com\/se\/om-oss\/"},{"@type":"ListItem","position":3,"name":"Partnerskap","item":"https:\/\/armorall.com\/se\/om-oss\/partnerskap\/"},{"@type":"ListItem","position":4,"name":"Oracle Red Bull Racing"}]},{"@type":"WebSite","@id":"https:\/\/armorall.com\/se\/#website","url":"https:\/\/armorall.com\/se\/","name":"Armor All","description":"","publisher":{"@id":"https:\/\/armorall.com\/se\/#organization"},"potentialAction":[{"@type":"SearchAction","target":{"@type":"EntryPoint","urlTemplate":"https:\/\/armorall.com\/se\/?s={search_term_string}"},"query-input":{"@type":"PropertyValueSpecification","valueRequired":true,"valueName":"search_term_string"}}],"inLanguage":"en-US"},{"@type":"Organization","@id":"https:\/\/armorall.com\/se\/#organization","name":"ArmorAll","url":"https:\/\/armorall.com\/se\/","logo":{"@type":"ImageObject","inLanguage":"en-US","@id":"https:\/\/armorall.com\/se\/#\/schema\/logo\/image\/","url":"https:\/\/armorall.com\/se\/wp-content\/uploads\/sites\/19\/2025\/03\/AA-Logo.avif","contentUrl":"https:\/\/armorall.com\/se\/wp-content\/uploads\/sites\/19\/2025\/03\/AA-Logo.avif","width":300,"height":175,"caption":"ArmorAll"},"image":{"@id":"https:\/\/armorall.com\/se\/#\/schema\/logo\/image\/"}}]}},"_links":{"self":[{"href":"https:\/\/armorall.com\/se\/wp-json\/wp\/v2\/pages\/9137","targetHints":{"allow":["GET"]}}],"collection":[{"href":"https:\/\/armorall.com\/se\/wp-json\/wp\/v2\/pages"}],"about":[{"href":"https:\/\/armorall.com\/se\/wp-json\/wp\/v2\/types\/page"}],"author":[{"embeddable":true,"href":"https:\/\/armorall.com\/se\/wp-json\/wp\/v2\/users\/7"}],"replies":[{"embeddable":true,"href":"https:\/\/armorall.com\/se\/wp-json\/wp\/v2\/comments?post=9137"}],"version-history":[{"count":33,"href":"https:\/\/armorall.com\/se\/wp-json\/wp\/v2\/pages\/9137\/revisions"}],"predecessor-version":[{"id":11860,"href":"https:\/\/armorall.com\/se\/wp-json\/wp\/v2\/pages\/9137\/revisions\/11860"}],"up":[{"embeddable":true,"href":"https:\/\/armorall.com\/se\/wp-json\/wp\/v2\/pages\/6442"}],"wp:attachment":[{"href":"https:\/\/armorall.com\/se\/wp-json\/wp\/v2\/media?parent=9137"}],"curies":[{"name":"wp","href":"https:\/\/api.w.org\/{rel}","templated":true}]}}